{"id":103134,"date":"2023-11-02T13:08:21","date_gmt":"2023-11-02T12:08:21","guid":{"rendered":"https:\/\/telecom.ascenda.dk\/?page_id=103134"},"modified":"2023-11-02T13:08:47","modified_gmt":"2023-11-02T12:08:47","slug":"kvalitets-og-miljoepolitik","status":"publish","type":"page","link":"https:\/\/telecom.ascenda.dk\/en\/kvalitets-og-miljoepolitik\/","title":{"rendered":"Kvalitets- og Milj\u00f8politik"},"content":{"rendered":"<div data-elementor-type=\"wp-page\" data-elementor-id=\"103134\" class=\"elementor elementor-103134\" data-elementor-post-type=\"page\">\n\t\t\t\t\t\t<section class=\"elementor-section elementor-top-section elementor-element elementor-element-22cd65e elementor-section-height-min-height elementor-section-boxed elementor-section-height-default elementor-section-items-middle\" data-id=\"22cd65e\" data-element_type=\"section\" data-settings=\"{&quot;background_background&quot;:&quot;classic&quot;}\">\n\t\t\t\t\t\t<div class=\"elementor-container elementor-column-gap-default\">\n\t\t\t\t\t<div class=\"elementor-column elementor-col-100 elementor-top-column elementor-element elementor-element-7f44c7f\" data-id=\"7f44c7f\" data-element_type=\"column\" data-settings=\"{&quot;background_background&quot;:&quot;classic&quot;}\">\n\t\t\t<div class=\"elementor-widget-wrap elementor-element-populated\">\n\t\t\t\t\t\t<div class=\"elementor-element elementor-element-d8d3ea7 elementor-widget elementor-widget-woocommerce-breadcrumb\" data-id=\"d8d3ea7\" data-element_type=\"widget\" data-widget_type=\"woocommerce-breadcrumb.default\">\n\t\t\t\t<div class=\"elementor-widget-container\">\n\t\t\t\t\t<nav class=\"woocommerce-breadcrumb\" aria-label=\"Breadcrumb\" data-no-translation=\"\" data-trp-gettext=\"\">Home<\/nav>\t\t\t\t<\/div>\n\t\t\t\t<\/div>\n\t\t\t\t\t<\/div>\n\t\t<\/div>\n\t\t\t\t\t<\/div>\n\t\t<\/section>\n\t\t\t\t<section class=\"elementor-section elementor-top-section elementor-element elementor-element-5cd729a7 elementor-section-boxed elementor-section-height-default elementor-section-height-default\" data-id=\"5cd729a7\" data-element_type=\"section\">\n\t\t\t\t\t\t<div class=\"elementor-container elementor-column-gap-default\">\n\t\t\t\t\t<div class=\"elementor-column elementor-col-100 elementor-top-column elementor-element elementor-element-7dbf5c2c\" data-id=\"7dbf5c2c\" data-element_type=\"column\">\n\t\t\t<div class=\"elementor-widget-wrap elementor-element-populated\">\n\t\t\t\t\t\t<div class=\"elementor-element elementor-element-68619440 elementor-widget elementor-widget-text-editor\" data-id=\"68619440\" data-element_type=\"widget\" data-widget_type=\"text-editor.default\">\n\t\t\t\t<div class=\"elementor-widget-container\">\n\t\t\t\t\t\t\t\t\t\n<p>TelecomSteels kvalitetspolitik er, at vi\u00a0altid vil v\u00e6re service- og l\u00f8sningsorienteret for at im\u00f8dekomme de stadig stigende krav til leveringstider og kvalitet for p\u00e5 den m\u00e5de at kunne hj\u00e6lpe vores kunder til en nemmere hverdag.<\/p>\n<p>\u00a0<\/p>\n<p>TelecomSteels milj\u00f8politik er at v\u00e6re milj\u00f8bevidste\u00a0i alle vores aktiviteter og v\u00e6re\u00a0opm\u00e6rksomme p\u00e5\u00a0udviklingen, n\u00e5r det g\u00e6lder god husholdning med naturressourcerne og bortskaffelse af affald.<\/p>\n\t\t\t\t\t\t\t\t<\/div>\n\t\t\t\t<\/div>\n\t\t\t\t\t<\/div>\n\t\t<\/div>\n\t\t\t\t\t<\/div>\n\t\t<\/section>\n\t\t\t\t<\/div>","protected":false},"excerpt":{"rendered":"<p>TelecomSteels kvalitetspolitik er, at vi\u00a0altid vil v\u00e6re service- og l\u00f8sningsorienteret for at im\u00f8dekomme de stadig stigende krav til leveringstider og kvalitet for p\u00e5 den m\u00e5de at kunne hj\u00e6lpe vores kunder til en nemmere hverdag. \u00a0 TelecomSteels milj\u00f8politik er at v\u00e6re milj\u00f8bevidste\u00a0i alle vores aktiviteter og v\u00e6re\u00a0opm\u00e6rksomme p\u00e5\u00a0udviklingen, n\u00e5r det g\u00e6lder god husholdning med naturressourcerne og [&hellip;]<\/p>","protected":false},"author":1,"featured_media":0,"parent":0,"menu_order":0,"comment_status":"closed","ping_status":"closed","template":"elementor_header_footer","meta":{"inline_featured_image":false,"footnotes":""},"class_list":["post-103134","page","type-page","status-publish","hentry"],"_links":{"self":[{"href":"https:\/\/telecom.ascenda.dk\/en\/wp-json\/wp\/v2\/pages\/103134","targetHints":{"allow":["GET"]}}],"collection":[{"href":"https:\/\/telecom.ascenda.dk\/en\/wp-json\/wp\/v2\/pages"}],"about":[{"href":"https:\/\/telecom.ascenda.dk\/en\/wp-json\/wp\/v2\/types\/page"}],"author":[{"embeddable":true,"href":"https:\/\/telecom.ascenda.dk\/en\/wp-json\/wp\/v2\/users\/1"}],"replies":[{"embeddable":true,"href":"https:\/\/telecom.ascenda.dk\/en\/wp-json\/wp\/v2\/comments?post=103134"}],"version-history":[{"count":3,"href":"https:\/\/telecom.ascenda.dk\/en\/wp-json\/wp\/v2\/pages\/103134\/revisions"}],"predecessor-version":[{"id":103137,"href":"https:\/\/telecom.ascenda.dk\/en\/wp-json\/wp\/v2\/pages\/103134\/revisions\/103137"}],"wp:attachment":[{"href":"https:\/\/telecom.ascenda.dk\/en\/wp-json\/wp\/v2\/media?parent=103134"}],"curies":[{"name":"wp","href":"https:\/\/api.w.org\/{rel}","templated":true}]}}