{"id":3,"date":"2022-05-03T03:26:01","date_gmt":"2022-05-03T01:26:01","guid":{"rendered":"https:\/\/telecom.ascenda.dk\/?page_id=3"},"modified":"2022-12-09T12:08:14","modified_gmt":"2022-12-09T11:08:14","slug":"privatlivspolitik","status":"publish","type":"page","link":"https:\/\/telecom.ascenda.dk\/en\/privatlivspolitik\/","title":{"rendered":"Privatlivspolitik"},"content":{"rendered":"<div data-elementor-type=\"wp-page\" data-elementor-id=\"3\" class=\"elementor elementor-3\" data-elementor-post-type=\"page\">\n\t\t\t\t\t\t<section class=\"elementor-section elementor-top-section elementor-element elementor-element-22cd65e elementor-section-height-min-height elementor-section-boxed elementor-section-height-default elementor-section-items-middle\" data-id=\"22cd65e\" data-element_type=\"section\" data-settings=\"{&quot;background_background&quot;:&quot;classic&quot;}\">\n\t\t\t\t\t\t<div class=\"elementor-container elementor-column-gap-default\">\n\t\t\t\t\t<div class=\"elementor-column elementor-col-100 elementor-top-column elementor-element elementor-element-7f44c7f\" data-id=\"7f44c7f\" data-element_type=\"column\" data-settings=\"{&quot;background_background&quot;:&quot;classic&quot;}\">\n\t\t\t<div class=\"elementor-widget-wrap elementor-element-populated\">\n\t\t\t\t\t\t<div class=\"elementor-element elementor-element-d8d3ea7 elementor-widget elementor-widget-woocommerce-breadcrumb\" data-id=\"d8d3ea7\" data-element_type=\"widget\" data-widget_type=\"woocommerce-breadcrumb.default\">\n\t\t\t\t<div class=\"elementor-widget-container\">\n\t\t\t\t\t<nav class=\"woocommerce-breadcrumb\" aria-label=\"Breadcrumb\" data-no-translation=\"\" data-trp-gettext=\"\">Home<\/nav>\t\t\t\t<\/div>\n\t\t\t\t<\/div>\n\t\t\t\t\t<\/div>\n\t\t<\/div>\n\t\t\t\t\t<\/div>\n\t\t<\/section>\n\t\t\t\t<section class=\"elementor-section elementor-top-section elementor-element elementor-element-5cd729a7 elementor-section-boxed elementor-section-height-default elementor-section-height-default\" data-id=\"5cd729a7\" data-element_type=\"section\">\n\t\t\t\t\t\t<div class=\"elementor-container elementor-column-gap-default\">\n\t\t\t\t\t<div class=\"elementor-column elementor-col-100 elementor-top-column elementor-element elementor-element-7dbf5c2c\" data-id=\"7dbf5c2c\" data-element_type=\"column\">\n\t\t\t<div class=\"elementor-widget-wrap elementor-element-populated\">\n\t\t\t\t\t\t<div class=\"elementor-element elementor-element-68619440 elementor-widget elementor-widget-text-editor\" data-id=\"68619440\" data-element_type=\"widget\" data-widget_type=\"text-editor.default\">\n\t\t\t\t<div class=\"elementor-widget-container\">\n\t\t\t\t\t\t\t\t\t\n<p>N\u00e5r du bes\u00f8ger vores hjemmeside indsamles der oplysninger om dig, som bruges til at tilpasse og forbedre vores indhold, der vises p\u00e5 siden. Hvis du ikke \u00f8nsker, at der indsamles oplysninger, b\u00f8r du slette dine cookies (<a href=\"http:\/\/minecookies.org\/cookiehandtering\" target=\"_blank\" rel=\"noopener noreferrer\">se vejledning<\/a>) og undlade videre brug af hjemmesiden. Nedenfor har vi uddybet, hvilke informationer der indsamles, deres form\u00e5l og hvilke tredjeparter, der har adgang til dem.\u00a0<\/p>\n<h2 class=\"wp-block-heading\" data-fontsize=\"30\" data-lineheight=\"42\">Generelt<\/h2>\n<p>Personoplysninger er alle slags informationer, der i et eller andet omfang kan henf\u00f8res til dig. N\u00e5r du benytter vores hjemmeside indsamler og behandler vi en r\u00e6kke s\u00e5danne informationer. Det sker f.eks. ved almindelig tilgang af indhold.<\/p>\n<p>Vi indsamler og behandler typisk f\u00f8lgende typer af oplysninger: Et unikt ID og tekniske oplysninger om din computer, tablet eller mobiltelefon, dit IP-nummer, geografisk placering, samt hvilke sider du klikker p\u00e5 (interesser). I det omfang du selv giver eksplicit samtykke hertil og selv indtaster informationerne behandles desuden: Navn, adresse, telefonnummer og e-mail. Det vil typisk v\u00e6re i forbindelse med oprettelse af login.<\/p>\n<h2 data-fontsize=\"30\" data-lineheight=\"42\">Sikkerhed<\/h2>\n<p>Vi har truffet tekniske og organisatoriske foranstaltninger mod, at dine oplysninger h\u00e6ndeligt eller ulovligt bliver slettet, offentliggjort, fortabt, forringet eller kommer til uvedkommendes kendskab, misbruges eller i \u00f8vrigt behandles i strid med lovgivningen.<\/p>\n<h2 data-fontsize=\"30\" data-lineheight=\"42\">Form\u00e5l<\/h2>\n<p>Oplysningerne bruges til at identificere dig som bruger og vise dig det indhold, som vil have st\u00f8rst sandsynlighed for at v\u00e6re relevante for dig. Herudover anvender vi oplysningerne til at optimere vores services og indhold.<\/p>\n<h2 data-fontsize=\"30\" data-lineheight=\"42\">Periode for opbevaring<\/h2>\n<p>Oplysningerne opbevares i det tidsrum, der er tilladt i henhold til lovgivningen, og vi sletter dem, n\u00e5r de ikke l\u00e6ngere er n\u00f8dvendige. Perioden afh\u00e6nger af karakteren af oplysningen og baggrunden for opbevaring. Det er derfor ikke muligt at angive en generel tidsramme for, hvorn\u00e5r informationer slettes.<\/p>\n<h2 data-fontsize=\"30\" data-lineheight=\"42\">Videregivelse af oplysninger<\/h2>\n<p>Data om din brug af hjemmesiden og evt. klikker p\u00e5, geografisk placering, k\u00f8n og alderssegment m.v. videregives ikke til tredjeparter.<\/p>\n<p>Videregivelse af personoplysninger som navn og e-mail m.v. vil kun ske, hvis du giver samtykke til det. Vi anvender kun databehandlere i EU eller i lande, der kan give dine oplysninger en tilstr\u00e6kkelig beskyttelse.<\/p>\n<h2 data-fontsize=\"30\" data-lineheight=\"42\">Indsigt og klager<\/h2>\n<p>Du har ret til at f\u00e5 oplyst, hvilke personoplysninger, vi behandler om dig. Du kan desuden til enhver tid g\u00f8re indsigelse mod, at oplysninger anvendes. Du kan ogs\u00e5 tilbagekalde dit samtykke til, at der bliver behandlet oplysninger om dig. Hvis de oplysninger, der behandles om dig, er forkerte har du ret til at de bliver rettet eller slettet. Henvendelse herom kan ske til\u00a0TelecomSteel A\/S. Hvis du vil klage over vores behandling af dine personoplysninger, har du ogs\u00e5 mulighed for at tage kontakt til\u00a0<a href=\"http:\/\/www.datatilsynet.dk\/\" target=\"_blank\" rel=\"noopener noreferrer\">Datatilsynet<\/a>.<\/p>\n<h2 data-fontsize=\"30\" data-lineheight=\"42\">Udgiver<\/h2>\n<p>Hjemmesiden ejes og publiceres af:<\/p>\n<p>TelecomSteel A\/S<br \/>Kaltoftevej 13<br \/>7000 Fredericia<br \/>Telefon: 2042 3489<\/p>\n\t\t\t\t\t\t\t\t<\/div>\n\t\t\t\t<\/div>\n\t\t\t\t\t<\/div>\n\t\t<\/div>\n\t\t\t\t\t<\/div>\n\t\t<\/section>\n\t\t\t\t<\/div>","protected":false},"excerpt":{"rendered":"<p>N\u00e5r du bes\u00f8ger vores hjemmeside indsamles der oplysninger om dig, som bruges til at tilpasse og forbedre vores indhold, der vises p\u00e5 siden. Hvis du ikke \u00f8nsker, at der indsamles oplysninger, b\u00f8r du slette dine cookies (se vejledning) og undlade videre brug af hjemmesiden. Nedenfor har vi uddybet, hvilke informationer der indsamles, deres form\u00e5l og [&hellip;]<\/p>","protected":false},"author":1,"featured_media":0,"parent":0,"menu_order":0,"comment_status":"closed","ping_status":"closed","template":"elementor_header_footer","meta":{"inline_featured_image":false,"footnotes":""},"class_list":["post-3","page","type-page","status-publish","hentry"],"_links":{"self":[{"href":"https:\/\/telecom.ascenda.dk\/en\/wp-json\/wp\/v2\/pages\/3","targetHints":{"allow":["GET"]}}],"collection":[{"href":"https:\/\/telecom.ascenda.dk\/en\/wp-json\/wp\/v2\/pages"}],"about":[{"href":"https:\/\/telecom.ascenda.dk\/en\/wp-json\/wp\/v2\/types\/page"}],"author":[{"embeddable":true,"href":"https:\/\/telecom.ascenda.dk\/en\/wp-json\/wp\/v2\/users\/1"}],"replies":[{"embeddable":true,"href":"https:\/\/telecom.ascenda.dk\/en\/wp-json\/wp\/v2\/comments?post=3"}],"version-history":[{"count":3,"href":"https:\/\/telecom.ascenda.dk\/en\/wp-json\/wp\/v2\/pages\/3\/revisions"}],"predecessor-version":[{"id":100811,"href":"https:\/\/telecom.ascenda.dk\/en\/wp-json\/wp\/v2\/pages\/3\/revisions\/100811"}],"wp:attachment":[{"href":"https:\/\/telecom.ascenda.dk\/en\/wp-json\/wp\/v2\/media?parent=3"}],"curies":[{"name":"wp","href":"https:\/\/api.w.org\/{rel}","templated":true}]}}