{"id":4283,"date":"2022-06-21T09:46:32","date_gmt":"2022-06-21T07:46:32","guid":{"rendered":"https:\/\/telecom.ascenda.dk\/kurv\/"},"modified":"2022-11-10T22:16:45","modified_gmt":"2022-11-10T21:16:45","slug":"kurv","status":"publish","type":"page","link":"https:\/\/telecom.ascenda.dk\/en\/kurv\/","title":{"rendered":"Kurv"},"content":{"rendered":"<div data-elementor-type=\"wp-page\" data-elementor-id=\"4283\" class=\"elementor elementor-4283\" data-elementor-post-type=\"page\">\n\t\t\t\t\t\t<section class=\"elementor-section elementor-top-section elementor-element elementor-element-5cbf56f1 elementor-section-height-full elementor-section-items-top elementor-section-boxed elementor-section-height-default\" data-id=\"5cbf56f1\" data-element_type=\"section\">\n\t\t\t\t\t\t<div class=\"elementor-container elementor-column-gap-default\">\n\t\t\t\t\t<div class=\"elementor-column elementor-col-100 elementor-top-column elementor-element elementor-element-1a9fc158\" data-id=\"1a9fc158\" data-element_type=\"column\">\n\t\t\t<div class=\"elementor-widget-wrap elementor-element-populated\">\n\t\t\t\t\t\t<div class=\"elementor-element elementor-element-67f09cc elementor-widget elementor-widget-heading\" data-id=\"67f09cc\" data-element_type=\"widget\" data-widget_type=\"heading.default\">\n\t\t\t\t<div class=\"elementor-widget-container\">\n\t\t\t\t\t<h2 class=\"elementor-heading-title elementor-size-default\">Kurv \n            \n            \n        <\/h2>\t\t\t\t<\/div>\n\t\t\t\t<\/div>\n\t\t\t\t\t<\/div>\n\t\t<\/div>\n\t\t\t\t\t<\/div>\n\t\t<\/section>\n\t\t\t\t<\/div>","protected":false},"excerpt":{"rendered":"<p>Kurv Fjern enhed Miniaturebillede Vare Pris Antal Subtotal &times; Antenneoffseeet Tripple \u00f8219-\u00f8711mm Diameter: \u00f8660mm Offsett: 70mm Antal Arme: 3 arme 1.875,00&nbsp;kr. Antenneoffseeet Tripple \u00f8219-\u00f8711mm antal 5.625,00&nbsp;kr. Total Subtotal 5.625,00&nbsp;kr. Moms 1.406,25&nbsp;kr. Total 7.031,25&nbsp;kr. G\u00e5 til kassen<\/p>","protected":false},"author":1,"featured_media":0,"parent":0,"menu_order":0,"comment_status":"closed","ping_status":"closed","template":"","meta":{"inline_featured_image":false,"footnotes":""},"class_list":["post-4283","page","type-page","status-publish","hentry"],"_links":{"self":[{"href":"https:\/\/telecom.ascenda.dk\/en\/wp-json\/wp\/v2\/pages\/4283","targetHints":{"allow":["GET"]}}],"collection":[{"href":"https:\/\/telecom.ascenda.dk\/en\/wp-json\/wp\/v2\/pages"}],"about":[{"href":"https:\/\/telecom.ascenda.dk\/en\/wp-json\/wp\/v2\/types\/page"}],"author":[{"embeddable":true,"href":"https:\/\/telecom.ascenda.dk\/en\/wp-json\/wp\/v2\/users\/1"}],"replies":[{"embeddable":true,"href":"https:\/\/telecom.ascenda.dk\/en\/wp-json\/wp\/v2\/comments?post=4283"}],"version-history":[{"count":0,"href":"https:\/\/telecom.ascenda.dk\/en\/wp-json\/wp\/v2\/pages\/4283\/revisions"}],"wp:attachment":[{"href":"https:\/\/telecom.ascenda.dk\/en\/wp-json\/wp\/v2\/media?parent=4283"}],"curies":[{"name":"wp","href":"https:\/\/api.w.org\/{rel}","templated":true}]}}