{"id":4286,"date":"2022-10-21T10:43:07","date_gmt":"2022-10-21T08:43:07","guid":{"rendered":"https:\/\/telecom.ascenda.dk\/?page_id=4286"},"modified":"2024-10-07T09:06:46","modified_gmt":"2024-10-07T07:06:46","slug":"vilkaarogbetingelser","status":"publish","type":"page","link":"https:\/\/telecom.ascenda.dk\/en\/vilkaarogbetingelser\/","title":{"rendered":"Vilk\u00e5r og betingelser"},"content":{"rendered":"<div data-elementor-type=\"wp-page\" data-elementor-id=\"4286\" class=\"elementor elementor-4286\" data-elementor-post-type=\"page\">\n\t\t\t\t\t\t<section class=\"elementor-section elementor-top-section elementor-element elementor-element-8a0711e elementor-section-height-min-height elementor-section-boxed elementor-section-height-default elementor-section-items-middle\" data-id=\"8a0711e\" data-element_type=\"section\" data-settings=\"{&quot;background_background&quot;:&quot;classic&quot;}\">\n\t\t\t\t\t\t<div class=\"elementor-container elementor-column-gap-default\">\n\t\t\t\t\t<div class=\"elementor-column elementor-col-100 elementor-top-column elementor-element elementor-element-ad3804c\" data-id=\"ad3804c\" data-element_type=\"column\" data-settings=\"{&quot;background_background&quot;:&quot;classic&quot;}\">\n\t\t\t<div class=\"elementor-widget-wrap elementor-element-populated\">\n\t\t\t\t\t\t<div class=\"elementor-element elementor-element-fa473cb elementor-widget elementor-widget-woocommerce-breadcrumb\" data-id=\"fa473cb\" data-element_type=\"widget\" data-widget_type=\"woocommerce-breadcrumb.default\">\n\t\t\t\t<div class=\"elementor-widget-container\">\n\t\t\t\t\t<nav class=\"woocommerce-breadcrumb\" aria-label=\"Breadcrumb\" data-no-translation=\"\" data-trp-gettext=\"\">Home<\/nav>\t\t\t\t<\/div>\n\t\t\t\t<\/div>\n\t\t\t\t\t<\/div>\n\t\t<\/div>\n\t\t\t\t\t<\/div>\n\t\t<\/section>\n\t\t\t\t<section class=\"elementor-section elementor-top-section elementor-element elementor-element-e8054bd elementor-section-boxed elementor-section-height-default elementor-section-height-default\" data-id=\"e8054bd\" data-element_type=\"section\">\n\t\t\t\t\t\t<div class=\"elementor-container elementor-column-gap-default\">\n\t\t\t\t\t<div class=\"elementor-column elementor-col-100 elementor-top-column elementor-element elementor-element-8a53e4f\" data-id=\"8a53e4f\" data-element_type=\"column\">\n\t\t\t<div class=\"elementor-widget-wrap elementor-element-populated\">\n\t\t\t\t\t\t<div class=\"elementor-element elementor-element-b7381b1 elementor-widget elementor-widget-button\" data-id=\"b7381b1\" data-element_type=\"widget\" data-widget_type=\"button.default\">\n\t\t\t\t<div class=\"elementor-widget-container\">\n\t\t\t\t\t\t\t\t\t<div class=\"elementor-button-wrapper\">\n\t\t\t\t\t<a class=\"elementor-button elementor-button-link elementor-size-sm\" href=\"#terms\">\n\t\t\t\t\t\t<span class=\"elementor-button-content-wrapper\">\n\t\t\t\t\t\t\t\t\t<span class=\"elementor-button-text\">English<\/span>\n\t\t\t\t\t<\/span>\n\t\t\t\t\t<\/a>\n\t\t\t\t<\/div>\n\t\t\t\t\t\t\t\t<\/div>\n\t\t\t\t<\/div>\n\t\t\t\t<div class=\"elementor-element elementor-element-56aab26 elementor-widget elementor-widget-text-editor\" data-id=\"56aab26\" data-element_type=\"widget\" data-widget_type=\"text-editor.default\">\n\t\t\t\t<div class=\"elementor-widget-container\">\n\t\t\t\t\t\t\t\t\t\n<div class=\"page\" title=\"Page 1\">\n<div class=\"layoutArea\">\n<div class=\"column\">\n<h2 class=\"wp-block-heading\">1. Generelt<\/h2>\n<p><strong>1.1<\/strong>\u00a0\u00a0N\u00e6rv\u00e6rende salgs- og leveringbetingelser er g\u00e6ldende for enhver aftale, der indga\u030as med FSMF samt \u00f8vrige hermed koncernforbundne s\u00f8ster- eller datterselskaber, medmindre andet er aftalt.<\/p>\n<p><strong>1.2<\/strong>\u00a0\u00a0Kundens aftalegrundlag, herunder eksempelvis almindelige eller generelle betingelser er ikke g\u00e6ldende, medmindre FSMF skriftligt og udtrykkeligt har accepteret dette.<\/p>\n<h2>2. Definitioner<\/h2>\n<p><strong>2.1<\/strong>\u00a0F\u00f8lgende definitioner finder anvendelse i n\u00e6rv\u00e6rende betingelser:<\/p>\n<p><strong>\u201dKunden\u201d<\/strong>\u00a0er den juridiske person, der har foretaget bestillingen, som sa\u030aledes er part i aftalen mellem Kunden og FSMF.<\/p>\n<p><strong>\u201dFSMF\u201d<\/strong>\u00a0er FSMF eller et hermed koncernfundet selskab, som Kunden indga\u030ar aftalen med og hvor n\u00e6rv\u00e6rende betingelser er g\u00e6ldende.<\/p>\n<p><strong>\u201dBetingelserne\u201d<\/strong>\u00a0betyder disse til enhver tid g\u00e6ldende salgs- og leveringsbetingelser. \u201dProduktet\u201d betyder det produkt, emne eller lignende, som Kunde har bestilt hos FSMF.<\/p>\n<p><strong>\u201dGaranti\u201d<\/strong>\u00a0betyder en s\u00e6rlig og s\u00e6rskilt aftale, der er indga\u030aet mellem Kunden og FSMF mod till\u00e6gsbetaling fra Kundens side til FSMF.<\/p>\n<p><strong>\u201dWebkataloget\u201d<\/strong>\u00a0betyder det pa\u030a hjemmesiderne www.steel.fsmf.dk eller www.FSMF.dk indrettet digitale katalog til brug for Kundens bestilling af emner.<\/p>\n<h2>3. Tilbud<\/h2>\n<p><strong>3.1<\/strong>\u00a0\u00a0Tilbud er g\u00e6ldende i 8 dage fra tilbudsdato, medmindre andet er angivet. Accepteres<\/p>\n<p>tilbuddet ikke eller er accepten uoverensstemmende med tilbuddet, er FSMF frit stillet.<\/p>\n<p><strong>3.2<\/strong>\u00a0\u00a0Foretages bestilling via Webkataloget er endelig bestilling fra Kunden betinget af, at eventuelle underleverand\u00f8rer accepterer ordren overfor FSMF og leveringstider beregnes fra tidspunktet for underleverand\u00f8rens accept af ordren.<\/p>\n<p><strong>3.3<\/strong>\u00a0\u00a0Na\u030ar ordren er endelig afgivet, kan der ikke foretages \u00e6ndringer heri eller i Produktet, og Kunden er forpligtet i enhver henseende i henhold til den afgivne ordre.<\/p>\n<\/div>\n<\/div>\n<\/div>\n<div class=\"page\" title=\"Page 2\">\n<div class=\"layoutArea\">\n<div class=\"column\">\n<p><strong>3.4<\/strong>\u00a0\u00c6ndringer af og till\u00e6g til Aftalen er kun g\u00e6ldende idet omfang, der er indga\u030aet skriftlig og udtrykkelig aftale herom.<\/p>\n<h2>4. Pris<\/h2>\n<p><strong>4.1<\/strong>\u00a0\u00a0Tilbudspriser er ekskl. moms, told og andre offentlige afgifter og gebyrer af enhver art.<\/p>\n<p><strong>4.2<\/strong>\u00a0\u00a0Indtil levering er sket er FSMF berettiget til at \u00e6ndre prisen med de evt. merudgifter, der ma\u030atte opsta\u030a som f\u00f8lge af \u00e6ndringer i ra\u030avarepriser, valutakurser, offentlige afgifter eller l\u00f8noverenskomster.<\/p>\n<p><strong>4.3<\/strong>\u00a0\u00a0Priserne for Produktet er ekskl. fragt og emballage, der ma\u030a forventes tillagt den af FSMF tilbudte pris.<\/p>\n<h2>5. Betalingsbetingelser<\/h2>\n<p><strong>5.1<\/strong>\u00a0\u00a0Betaling sker netto kontant, medmindre andet er aftalt. Ved forsinket betaling sker forrentning med 2% pr. pa\u030abegyndt ma\u030aned.<\/p>\n<p><strong>5.2<\/strong>\u00a0\u00a0Ved projektsalg skal der ske en forudbetaling pa\u030a 20% af projektets tilbudssum senest 10 dage efter at tilbuddet er accepteret.<\/p>\n<p><strong>5.3<\/strong>\u00a0\u00a0Kunden kan ikke foretage modregning af nogen art i krav fra FSMF mod Kunden. Enhver modregningserkl\u00e6ring fra Kunden til FSMF er sa\u030aledes ikke bindende for FSMF.<\/p>\n<h2>6. Levering<\/h2>\n<p><strong>6.1<\/strong>\u00a0\u00a0Levering sker ab fabrik, medmindre andet er skriftligt aftalt.<\/p>\n<p><strong>6.2<\/strong>\u00a0\u00a0Eventuelle forsendelser sker for Kundens regning og risiko. Dette g\u00e6lder tillige ved FSMFs anvendelse af underleverand\u00f8rer.<\/p>\n<p><strong>6.3<\/strong>\u00a0\u00a0Kunden kan ikke afvise dellevering eller pa\u030abera\u030abe sig misligholdelse af nogen art som f\u00f8lge heraf.<\/p>\n<p><strong>6.4<\/strong>\u00a0\u00a0Kunden accepterer, at de i Webkataloget angivne leveringstidspunkter kan variere og Kunden kan ikke pa\u030abera\u030abe sig forsinkelse i de tilf\u00e6lde, hvor levering sker direkte fra underleverand\u00f8rer til Kunden.<\/p>\n<p><strong>6.5<\/strong>\u00a0\u00a0Ved levering af Produkter samt tilbeh\u00f8r forbeholdes en afvigelse pa\u030a +\/- 10%, idet der i sa\u030a fald vil ske eftersendelse af en eventuel kvantitetsmangel fra FSMF til Kunden. Kunden kan ikke pa\u030abera\u030abe sig en m\u00e6ngdeafvigelse som v\u00e6sentlig misligholdelse og FSMF er til enhver tid berettiget til at foretage efterlevering.<\/p>\n<\/div>\n<\/div>\n<\/div>\n<div class=\"page\" title=\"Page 3\">\n<div class=\"layoutArea\">\n<div class=\"column\">\n<h2>7. Tilbageholdsret og ejendomsforbehold<\/h2>\n<p><strong>7.1<\/strong>\u00a0FSMF kan til enhver tid og pa\u030a et hvilket som helst tidspunkt inden Produktet er overgivet i Kundens varet\u00e6gt ud\u00f8ve tilbageholdelsesret indtil betaling er sket og FSMF har til enhver tid ejendomsforbehold i Produktet indtil betaling er sket inkl. eventuelt pa\u030al\u00f8bne renter og omkostninger.<\/p>\n<h2>8. Ansvar<\/h2>\n<p><strong>8.1<\/strong>\u00a0\u00a0FSMF kan alene pa\u030adrages ansvar, sa\u030afremt det godtg\u00f8res, at der er udvist grove fejl eller fors\u00f8mmelser fra FSMFs side.<\/p>\n<p><strong>8.2<\/strong>\u00a0\u00a0Erstatningsansvaret er i enhver henseende begr\u00e6nset til et bel\u00f8b svarende til det leveredes fakturapris ex. moms med till\u00e6g af Kundens afholdte fragt- og emballeringsomkostninger.<\/p>\n<p><strong>8.3<\/strong>\u00a0\u00a0Ansvaret kan aldrig omfatte indirekte tab, herunder bl.a. men ikke begr\u00e6nset til tabt arbejdsfortjeneste, driftstab mv.<\/p>\n<p><strong>8.4<\/strong>\u00a0\u00a0I det omfang Kunden har foretaget \u00e6ndringer i det leverede Produkt eller bearbejdet Produktet pa\u030a nogen ma\u030ade, bortfalder enhver af Kundens misligholdelsesbef\u00f8jelser.<\/p>\n<h2>9. S\u00e6rligt om ansvar for de- og genmontering<\/h2>\n<p><strong>9.1<\/strong>\u00a0FSMF er ikke ansvarlig for omkostninger forbundet med de- og genmontering af Produkter leveret af FSMF, uanset om en fejl eller mangel kan tilskrives FSMF i henhold til g\u00e6ldende ret, pa\u030a aftaleretligt grundlag eller pa\u030a noget andet grundlag i \u00f8vrigt.<\/p>\n<h2>10. Produktansvar<\/h2>\n<p><strong>10.1<\/strong>\u00a0\u00a0De til enhver tid g\u00e6ldende danske regler for produktansvar finder anvendelse mellem parterne.<\/p>\n<p><strong>10.2<\/strong>\u00a0\u00a0FSMF kan alene ifalde ansvar for personskader, der dokumenteret er fora\u030arsaget af et af FSMF af Produktet og kun i det tilf\u00e6lde, hvor det kan dokumenteres, at skaden er en direkte f\u00f8lge af uagtsomhed udvist af FSMF.<\/p>\n<\/div>\n<\/div>\n<\/div>\n<div class=\"page\" title=\"Page 4\">\n<div class=\"layoutArea\">\n<div class=\"column\">\n<p><strong>10.3<\/strong>\u00a0FSMF kan ikke ifalde ansvar pa\u030a andre skader, herunder skade pa\u030a fast ejendom eller l\u00f8s\u00f8re, der er fora\u030arsaget af et af FSMF leveret Produkt efter levering er sket eller af et af Kundens produkter, hvori Produktet indga\u030ar.<\/p>\n<h2>11. Mangler, unders\u00f8gelsespligt og reklamation<\/h2>\n<p><strong>11.1<\/strong>\u00a0\u00a0Kunden skal straks ved modtagelsen kontrollere at Produktet er som aftalt.<\/p>\n<p><strong>11.2<\/strong>\u00a0\u00a0FSMFs forpligtelser vedr\u00f8rende fejl og mangler bortfalder, sa\u030afremt Kunden ikke har foretaget specificeret, skriftlig reklamation inden 8 dage fra leveringsdatoen.<\/p>\n<p><strong>11.3<\/strong>\u00a0\u00a0Fejl og mangler afhj\u00e6lpes efter f\u00f8lgende principper efter FSMFs valg:<\/p>\n<p><strong>11.3.1<\/strong>\u00a0\u00a0Kvantitetsmangler afhj\u00e6lpes snarest muligt af FSMF, jf. punkt 6.5.<\/p>\n<p><strong>11.3.2<\/strong>\u00a0\u00a0Fejl i materialer og\/eller ved fremstilling afhj\u00e6lpes af FSMF, der har valgretten mellem omlevering eller udbedring. FSMF er berettiget til at foretage omlevering med et sammenligneligt produkt i det omfang dette er af tilsvarende art og kvalitet.<\/p>\n<p><strong>11.3.3<\/strong>\u00a0\u00a0FSMF er til enhver tid berettiget til at tilbagebetale k\u00f8besummen til Kunden i tilf\u00e6lde af konstatering af samt modtagelse af dokumentation for tilstedev\u00e6relsen af fejl og\/eller mangler ved Produktet. Tilbagebetaling sker til fuld og endelig afg\u00f8relse for ethvert mellemv\u00e6rende mellem FSMF og Kunden i anledning af reklamation i tilf\u00e6lde af en fejl eller mangel ved Produktet.<\/p>\n<p><strong>11.4<\/strong>\u00a0\u00a0Returnering og fremsendelse pa\u030a ny til Kunden, sker for dennes risiko.<\/p>\n<p><strong>11.5<\/strong>\u00a0\u00a0Reklamation over en leverance berettiger ikke Kunden til at tilbageholde betaling for allerede gennemf\u00f8rte eller fremtidige leverancer.<\/p>\n<h2>12. Immaterielle rettigheder<\/h2>\n<p><strong>12.1<\/strong>\u00a0Den fulde ejendomsret til alle immaterielle rettigheder vedr\u00f8rende Produkter, reservedele og tilknyttede ydelser, herunder patenter, design, varem\u00e6rker og ophavsrettigheder, tilh\u00f8rer FSMF.<\/p>\n<h2>13. Force Majeure<\/h2>\n<p><strong>13.1<\/strong>\u00a0Force Majeure med ansvarsfrihed for FSMF anses for opsta\u030aet, sa\u030afremt f\u00f8lgende forhindrer aftalens opfyldelse eller g\u00f8r denne urimeligt byrdefuld: 13.1.1 Arbejdskonflikter eller lignende.<\/p>\n<p><strong>13.1.2<\/strong>\u00a0Brand, krig, forberedelser til krig, uroligheder, demonstrationer, offentlige rationeringer, epidemi, pandemi, offentlige restriktioner af enhver art eller lignende, mangel pa\u030a eller afbrydelse af el eller anden benyttet energi til frembringelse af Produktet, varemangel\/- forsinkelse. Andre forhold, som FSMF ikke har mulighed for at pa\u030avirke eller have indflydelse pa\u030a.<\/p>\n<\/div>\n<\/div>\n<div class=\"layoutArea\">\n<div class=\"column\">\n<p><strong>13.2<\/strong>\u00a0Ovenn\u00e6vnte finder tilsvarende anvendelse som ansvarsfritagende for FSMF, sa\u030afremt forholdene er til stede hos en af FSMF antaget underleverand\u00f8r.<\/p>\n<h2>14. Afg\u00f8relse af tvister<\/h2>\n<p><strong>14.1<\/strong>\u00a0\u00a0Alle tvister afg\u00f8res af dansk domstol og pa\u030a grundlag af dansk lovgivning med retten i Kolding som v\u00e6rneting i f\u00f8rste instans.<\/p>\n<p><strong>14.2<\/strong>\u00a0\u00a0FSMF kan til enhver tid v\u00e6lge, at lade sagen afg\u00f8re for en Voldgift. Voldgiftslovens regler finder anvendelse.<\/p>\n<\/div>\n<\/div>\n<\/div>\n\t\t\t\t\t\t\t\t<\/div>\n\t\t\t\t<\/div>\n\t\t\t\t\t<\/div>\n\t\t<\/div>\n\t\t\t\t\t<\/div>\n\t\t<\/section>\n\t\t\t\t<section class=\"elementor-section elementor-top-section elementor-element elementor-element-995f137 elementor-section-boxed elementor-section-height-default elementor-section-height-default\" data-id=\"995f137\" data-element_type=\"section\">\n\t\t\t\t\t\t<div class=\"elementor-container elementor-column-gap-default\">\n\t\t\t\t\t<div class=\"elementor-column elementor-col-100 elementor-top-column elementor-element elementor-element-26bdb4f\" data-id=\"26bdb4f\" data-element_type=\"column\" id=\"terms\">\n\t\t\t<div class=\"elementor-widget-wrap elementor-element-populated\">\n\t\t\t\t\t\t<div class=\"elementor-element elementor-element-ceedd68 elementor-widget elementor-widget-heading\" data-id=\"ceedd68\" data-element_type=\"widget\" data-widget_type=\"heading.default\">\n\t\t\t\t<div class=\"elementor-widget-container\">\n\t\t\t\t\t<h2 class=\"elementor-heading-title elementor-size-default\">Terms and Conditions - FSMF 01.01.24<\/h2>\t\t\t\t<\/div>\n\t\t\t\t<\/div>\n\t\t\t\t<div class=\"elementor-element elementor-element-e38f906 elementor-widget elementor-widget-button\" data-id=\"e38f906\" data-element_type=\"widget\" data-widget_type=\"button.default\">\n\t\t\t\t<div class=\"elementor-widget-container\">\n\t\t\t\t\t\t\t\t\t<div class=\"elementor-button-wrapper\">\n\t\t\t\t\t<a class=\"elementor-button elementor-button-link elementor-size-sm\" href=\"https:\/\/telecom.ascenda.dk\/wp-content\/uploads\/2024\/10\/Terms-and-Conditions-FSMF-01.01.24.pdf\">\n\t\t\t\t\t\t<span class=\"elementor-button-content-wrapper\">\n\t\t\t\t\t\t\t\t\t<span class=\"elementor-button-text\">Download PDF<\/span>\n\t\t\t\t\t<\/span>\n\t\t\t\t\t<\/a>\n\t\t\t\t<\/div>\n\t\t\t\t\t\t\t\t<\/div>\n\t\t\t\t<\/div>\n\t\t\t\t\t<\/div>\n\t\t<\/div>\n\t\t\t\t\t<\/div>\n\t\t<\/section>\n\t\t\t\t<section class=\"elementor-section elementor-top-section elementor-element elementor-element-72d1f50 elementor-section-boxed elementor-section-height-default elementor-section-height-default\" data-id=\"72d1f50\" data-element_type=\"section\">\n\t\t\t\t\t\t<div class=\"elementor-container elementor-column-gap-default\">\n\t\t\t\t\t<div class=\"elementor-column elementor-col-100 elementor-top-column elementor-element elementor-element-805f6d3\" data-id=\"805f6d3\" data-element_type=\"column\">\n\t\t\t<div class=\"elementor-widget-wrap elementor-element-populated\">\n\t\t\t\t\t\t<div class=\"elementor-element elementor-element-53bf054 elementor-widget elementor-widget-heading\" data-id=\"53bf054\" data-element_type=\"widget\" data-widget_type=\"heading.default\">\n\t\t\t\t<div class=\"elementor-widget-container\">\n\t\t\t\t\t<h2 class=\"elementor-heading-title elementor-size-default\">Terms and Conditions - TelecomSteel 01.01.24<\/h2>\t\t\t\t<\/div>\n\t\t\t\t<\/div>\n\t\t\t\t<div class=\"elementor-element elementor-element-b2958ac elementor-widget elementor-widget-button\" data-id=\"b2958ac\" data-element_type=\"widget\" data-widget_type=\"button.default\">\n\t\t\t\t<div class=\"elementor-widget-container\">\n\t\t\t\t\t\t\t\t\t<div class=\"elementor-button-wrapper\">\n\t\t\t\t\t<a class=\"elementor-button elementor-button-link elementor-size-sm\" href=\"https:\/\/telecom.ascenda.dk\/wp-content\/uploads\/2024\/10\/Terms-and-Conditions-TS-01.01.24.pdf\">\n\t\t\t\t\t\t<span class=\"elementor-button-content-wrapper\">\n\t\t\t\t\t\t\t\t\t<span class=\"elementor-button-text\">Download PDF<\/span>\n\t\t\t\t\t<\/span>\n\t\t\t\t\t<\/a>\n\t\t\t\t<\/div>\n\t\t\t\t\t\t\t\t<\/div>\n\t\t\t\t<\/div>\n\t\t\t\t\t<\/div>\n\t\t<\/div>\n\t\t\t\t\t<\/div>\n\t\t<\/section>\n\t\t\t\t<\/div>","protected":false},"excerpt":{"rendered":"<p>English 1. Generelt 1.1\u00a0\u00a0N\u00e6rv\u00e6rende salgs- og leveringbetingelser er g\u00e6ldende for enhver aftale, der indga\u030as med FSMF samt \u00f8vrige hermed koncernforbundne s\u00f8ster- eller datterselskaber, medmindre andet er aftalt. 1.2\u00a0\u00a0Kundens aftalegrundlag, herunder eksempelvis almindelige eller generelle betingelser er ikke g\u00e6ldende, medmindre FSMF skriftligt og udtrykkeligt har accepteret dette. 2. Definitioner 2.1\u00a0F\u00f8lgende definitioner finder anvendelse i n\u00e6rv\u00e6rende betingelser: [&hellip;]<\/p>","protected":false},"author":1,"featured_media":0,"parent":0,"menu_order":0,"comment_status":"closed","ping_status":"closed","template":"elementor_header_footer","meta":{"inline_featured_image":false,"footnotes":""},"class_list":["post-4286","page","type-page","status-publish","hentry"],"_links":{"self":[{"href":"https:\/\/telecom.ascenda.dk\/en\/wp-json\/wp\/v2\/pages\/4286","targetHints":{"allow":["GET"]}}],"collection":[{"href":"https:\/\/telecom.ascenda.dk\/en\/wp-json\/wp\/v2\/pages"}],"about":[{"href":"https:\/\/telecom.ascenda.dk\/en\/wp-json\/wp\/v2\/types\/page"}],"author":[{"embeddable":true,"href":"https:\/\/telecom.ascenda.dk\/en\/wp-json\/wp\/v2\/users\/1"}],"replies":[{"embeddable":true,"href":"https:\/\/telecom.ascenda.dk\/en\/wp-json\/wp\/v2\/comments?post=4286"}],"version-history":[{"count":46,"href":"https:\/\/telecom.ascenda.dk\/en\/wp-json\/wp\/v2\/pages\/4286\/revisions"}],"predecessor-version":[{"id":104495,"href":"https:\/\/telecom.ascenda.dk\/en\/wp-json\/wp\/v2\/pages\/4286\/revisions\/104495"}],"wp:attachment":[{"href":"https:\/\/telecom.ascenda.dk\/en\/wp-json\/wp\/v2\/media?parent=4286"}],"curies":[{"name":"wp","href":"https:\/\/api.w.org\/{rel}","templated":true}]}}