{"id":644,"date":"2022-05-06T09:35:34","date_gmt":"2022-05-06T07:35:34","guid":{"rendered":"https:\/\/telecom.ascenda.dk\/?page_id=644"},"modified":"2024-10-31T13:04:43","modified_gmt":"2024-10-31T12:04:43","slug":"forside","status":"publish","type":"page","link":"https:\/\/telecom.ascenda.dk\/en\/","title":{"rendered":"Forside"},"content":{"rendered":"<div data-elementor-type=\"wp-page\" data-elementor-id=\"644\" class=\"elementor elementor-644\" data-elementor-post-type=\"page\">\n\t\t\t\t\t\t<section class=\"elementor-section elementor-top-section elementor-element elementor-element-1b7cd81 elementor-section-height-min-height elementor-section-boxed elementor-section-height-default elementor-section-items-middle\" data-id=\"1b7cd81\" data-element_type=\"section\" data-settings=\"{&quot;background_background&quot;:&quot;classic&quot;}\">\n\t\t\t\t\t\t\t<div class=\"elementor-background-overlay\"><\/div>\n\t\t\t\t\t\t\t<div class=\"elementor-container elementor-column-gap-default\">\n\t\t\t\t\t<div class=\"elementor-column elementor-col-50 elementor-top-column elementor-element elementor-element-12313e8\" data-id=\"12313e8\" data-element_type=\"column\">\n\t\t\t<div class=\"elementor-widget-wrap elementor-element-populated\">\n\t\t\t\t\t\t<div class=\"elementor-element elementor-element-ca1d1ed elementor-widget elementor-widget-heading\" data-id=\"ca1d1ed\" data-element_type=\"widget\" data-widget_type=\"heading.default\">\n\t\t\t\t<div class=\"elementor-widget-container\">\n\t\t\t\t\t<h2 class=\"elementor-heading-title elementor-size-default\">St\u00e5l til telebranchen<\/h2>\t\t\t\t<\/div>\n\t\t\t\t<\/div>\n\t\t\t\t<div class=\"elementor-element elementor-element-e9cbb57 elementor-widget elementor-widget-text-editor\" data-id=\"e9cbb57\" data-element_type=\"widget\" data-widget_type=\"text-editor.default\">\n\t\t\t\t<div class=\"elementor-widget-container\">\n\t\t\t\t\t\t\t\t\t<p>Hos TelecomSteel A\/S har vi 20 \u00e5rs erfaring med telebranchen \u2013 b\u00e5de som producenter af st\u00e5l og montage af teleudstyr i master, skorstene, p\u00e5 hustage mm.<\/p>\t\t\t\t\t\t\t\t<\/div>\n\t\t\t\t<\/div>\n\t\t\t\t<div class=\"elementor-element elementor-element-d6d0954 elementor-mobile-align-center elementor-widget elementor-widget-button\" data-id=\"d6d0954\" data-element_type=\"widget\" data-widget_type=\"button.default\">\n\t\t\t\t<div class=\"elementor-widget-container\">\n\t\t\t\t\t\t\t\t\t<div class=\"elementor-button-wrapper\">\n\t\t\t\t\t<a class=\"elementor-button elementor-button-link elementor-size-sm\" href=\"https:\/\/telecom.ascenda.dk\/en\/shop\/\">\n\t\t\t\t\t\t<span class=\"elementor-button-content-wrapper\">\n\t\t\t\t\t\t\t\t\t<span class=\"elementor-button-text\">Udforsk produkter<\/span>\n\t\t\t\t\t<\/span>\n\t\t\t\t\t<\/a>\n\t\t\t\t<\/div>\n\t\t\t\t\t\t\t\t<\/div>\n\t\t\t\t<\/div>\n\t\t\t\t\t<\/div>\n\t\t<\/div>\n\t\t\t\t<div class=\"elementor-column elementor-col-50 elementor-top-column elementor-element elementor-element-81b2105 elementor-hidden-mobile_extra elementor-hidden-mobile\" data-id=\"81b2105\" data-element_type=\"column\">\n\t\t\t<div class=\"elementor-widget-wrap elementor-element-populated\">\n\t\t\t\t\t\t<div class=\"elementor-element elementor-element-546e4a6 elementor-widget elementor-widget-video\" data-id=\"546e4a6\" data-element_type=\"widget\" data-settings=\"{&quot;video_type&quot;:&quot;vimeo&quot;,&quot;autoplay&quot;:&quot;yes&quot;,&quot;mute&quot;:&quot;yes&quot;,&quot;yt_privacy&quot;:&quot;yes&quot;}\" data-widget_type=\"video.default\">\n\t\t\t\t<div class=\"elementor-widget-container\">\n\t\t\t\t\t\t\t<div class=\"elementor-wrapper elementor-open-inline\">\n\t\t\t<iframe class=\"elementor-video-iframe\" allowfullscreen allow=\"autoplay\" title=\"vimeo videoafspiller\" src=\"https:\/\/player.vimeo.com\/video\/517531754?autoplay=1&amp;color&amp;autopause=0&amp;dnt=true&amp;loop=0&amp;muted=1&amp;title=1&amp;portrait=1&amp;byline=1&amp;h=15ff12f0b1#t=\"><\/iframe>\t\t<\/div>\n\t\t\t\t\t\t<\/div>\n\t\t\t\t<\/div>\n\t\t\t\t\t<\/div>\n\t\t<\/div>\n\t\t\t\t\t<\/div>\n\t\t<\/section>\n\t\t\t\t<section class=\"elementor-section elementor-top-section elementor-element elementor-element-d81cd37 elementor-section-height-min-height elementor-section-boxed elementor-section-height-default elementor-section-items-middle\" data-id=\"d81cd37\" data-element_type=\"section\" data-settings=\"{&quot;background_background&quot;:&quot;classic&quot;}\">\n\t\t\t\t\t\t<div class=\"elementor-container elementor-column-gap-default\">\n\t\t\t\t\t<div class=\"elementor-column elementor-col-100 elementor-top-column elementor-element elementor-element-7fbe1cf\" data-id=\"7fbe1cf\" data-element_type=\"column\" data-settings=\"{&quot;background_background&quot;:&quot;classic&quot;}\">\n\t\t\t<div class=\"elementor-widget-wrap elementor-element-populated\">\n\t\t\t\t\t\t<div class=\"elementor-element elementor-element-bfd91e3 elementor-widget elementor-widget-heading\" data-id=\"bfd91e3\" data-element_type=\"widget\" data-widget_type=\"heading.default\">\n\t\t\t\t<div class=\"elementor-widget-container\">\n\t\t\t\t\t<h2 class=\"elementor-heading-title elementor-size-default\">Popul\u00e6rt lige nu<\/h2>\t\t\t\t<\/div>\n\t\t\t\t<\/div>\n\t\t\t\t<div class=\"elementor-element elementor-element-06fd7d8 elementor-grid-5 teleproducts elementor-grid-tablet-4 elementor-grid-mobile_extra-4 elementor-grid-mobile-2 elementor-products-grid elementor-wc-products elementor-widget elementor-widget-woocommerce-products\" data-id=\"06fd7d8\" data-element_type=\"widget\" data-widget_type=\"woocommerce-products.default\">\n\t\t\t\t<div class=\"elementor-widget-container\">\n\t\t\t\t\t<div class=\"woocommerce columns-5\"><ul class=\"products elementor-grid columns-5\">\n<li class=\"product type-product post-93352 status-publish first instock product_cat-railoffseeet has-post-thumbnail taxable shipping-taxable purchasable product-type-variable has-default-attributes\">\n\t<a href=\"https:\/\/telecom.ascenda.dk\/en\/product\/railoffseeet-single-120mm\/\" class=\"woocommerce-LoopProduct-link woocommerce-loop-product__link\"><img fetchpriority=\"high\" decoding=\"async\" width=\"400\" height=\"500\" src=\"https:\/\/telecom.ascenda.dk\/wp-content\/uploads\/2022\/10\/Rail-offseeet-single-oe40-oe1143mm-120mm-5.png\" class=\"attachment-woocommerce_thumbnail size-woocommerce_thumbnail\" alt=\"Railoffseeet Single 120mm\" srcset=\"https:\/\/telecom.ascenda.dk\/wp-content\/uploads\/2022\/10\/Rail-offseeet-single-oe40-oe1143mm-120mm-5.png 400w, https:\/\/telecom.ascenda.dk\/wp-content\/uploads\/2022\/10\/Rail-offseeet-single-oe40-oe1143mm-120mm-5-100x125.png 100w, https:\/\/telecom.ascenda.dk\/wp-content\/uploads\/2022\/10\/Rail-offseeet-single-oe40-oe1143mm-120mm-5-64x80.png 64w, https:\/\/telecom.ascenda.dk\/wp-content\/uploads\/2022\/10\/Rail-offseeet-single-oe40-oe1143mm-120mm-5-300x375.png 300w, https:\/\/telecom.ascenda.dk\/wp-content\/uploads\/2022\/10\/Rail-offseeet-single-oe40-oe1143mm-120mm-5-240x300.png 240w\" sizes=\"(max-width: 400px) 100vw, 400px\" \/><h2 class=\"woocommerce-loop-product__title\">Railoffseeet Single 120mm<\/h2><\/a><\/li>\n<li class=\"product type-product post-93261 status-publish instock product_cat-baereroer-vaeg has-post-thumbnail taxable shipping-taxable purchasable product-type-variable has-default-attributes\">\n\t<a href=\"https:\/\/telecom.ascenda.dk\/en\/product\/baereroer-fast-vaeg\/\" class=\"woocommerce-LoopProduct-link woocommerce-loop-product__link\"><img decoding=\"async\" width=\"400\" height=\"500\" src=\"https:\/\/telecom.ascenda.dk\/wp-content\/uploads\/2022\/10\/Baereroer-vaeg-300mm-med-oe60x1000mm-3-400x500.png\" class=\"attachment-woocommerce_thumbnail size-woocommerce_thumbnail\" alt=\"B\u00e6rer\u00f8r fast offseeet\" srcset=\"https:\/\/telecom.ascenda.dk\/wp-content\/uploads\/2022\/10\/Baereroer-vaeg-300mm-med-oe60x1000mm-3-400x500.png 400w, https:\/\/telecom.ascenda.dk\/wp-content\/uploads\/2022\/10\/Baereroer-vaeg-300mm-med-oe60x1000mm-3-100x125.png 100w, https:\/\/telecom.ascenda.dk\/wp-content\/uploads\/2022\/10\/Baereroer-vaeg-300mm-med-oe60x1000mm-3-64x80.png 64w, https:\/\/telecom.ascenda.dk\/wp-content\/uploads\/2022\/10\/Baereroer-vaeg-300mm-med-oe60x1000mm-3-240x300.png 240w, https:\/\/telecom.ascenda.dk\/wp-content\/uploads\/2022\/10\/Baereroer-vaeg-300mm-med-oe60x1000mm-3-819x1024.png 819w, https:\/\/telecom.ascenda.dk\/wp-content\/uploads\/2022\/10\/Baereroer-vaeg-300mm-med-oe60x1000mm-3-768x960.png 768w, https:\/\/telecom.ascenda.dk\/wp-content\/uploads\/2022\/10\/Baereroer-vaeg-300mm-med-oe60x1000mm-3.png 1080w\" sizes=\"(max-width: 400px) 100vw, 400px\" \/><h2 class=\"woocommerce-loop-product__title\">B\u00e6rer\u00f8r fast offseeet<\/h2><\/a><\/li>\n<li class=\"product type-product post-92551 status-publish instock product_cat-gennemfoeringer has-post-thumbnail taxable shipping-taxable purchasable product-type-variable has-default-attributes\">\n\t<a href=\"https:\/\/telecom.ascenda.dk\/en\/product\/rakethat\/\" class=\"woocommerce-LoopProduct-link woocommerce-loop-product__link\"><img decoding=\"async\" width=\"400\" height=\"500\" src=\"https:\/\/telecom.ascenda.dk\/wp-content\/uploads\/2022\/10\/Rakethat-oe400-oe114-med-30-huller-oe30mm-400x500.png\" class=\"attachment-woocommerce_thumbnail size-woocommerce_thumbnail\" alt=\"Rakethat\" srcset=\"https:\/\/telecom.ascenda.dk\/wp-content\/uploads\/2022\/10\/Rakethat-oe400-oe114-med-30-huller-oe30mm-400x500.png 400w, https:\/\/telecom.ascenda.dk\/wp-content\/uploads\/2022\/10\/Rakethat-oe400-oe114-med-30-huller-oe30mm-100x125.png 100w, https:\/\/telecom.ascenda.dk\/wp-content\/uploads\/2022\/10\/Rakethat-oe400-oe114-med-30-huller-oe30mm-64x80.png 64w, https:\/\/telecom.ascenda.dk\/wp-content\/uploads\/2022\/10\/Rakethat-oe400-oe114-med-30-huller-oe30mm-240x300.png 240w, https:\/\/telecom.ascenda.dk\/wp-content\/uploads\/2022\/10\/Rakethat-oe400-oe114-med-30-huller-oe30mm-819x1024.png 819w, https:\/\/telecom.ascenda.dk\/wp-content\/uploads\/2022\/10\/Rakethat-oe400-oe114-med-30-huller-oe30mm-768x960.png 768w, https:\/\/telecom.ascenda.dk\/wp-content\/uploads\/2022\/10\/Rakethat-oe400-oe114-med-30-huller-oe30mm.png 1080w\" sizes=\"(max-width: 400px) 100vw, 400px\" \/><h2 class=\"woocommerce-loop-product__title\">Rakethat<\/h2><\/a><\/li>\n<li class=\"product type-product post-92482 status-publish instock product_cat-linkpol-c has-post-thumbnail taxable shipping-taxable purchasable product-type-variable has-default-attributes\">\n\t<a href=\"https:\/\/telecom.ascenda.dk\/en\/product\/linkpol-c-mast\/\" class=\"woocommerce-LoopProduct-link woocommerce-loop-product__link\"><img loading=\"lazy\" decoding=\"async\" width=\"400\" height=\"500\" src=\"https:\/\/telecom.ascenda.dk\/wp-content\/uploads\/2022\/10\/Support-pole-link-C-mast-oe30-oe1143mm-400x500.png\" class=\"attachment-woocommerce_thumbnail size-woocommerce_thumbnail\" alt=\"Linkpol C - Mast\" srcset=\"https:\/\/telecom.ascenda.dk\/wp-content\/uploads\/2022\/10\/Support-pole-link-C-mast-oe30-oe1143mm-400x500.png 400w, https:\/\/telecom.ascenda.dk\/wp-content\/uploads\/2022\/10\/Support-pole-link-C-mast-oe30-oe1143mm-100x125.png 100w, https:\/\/telecom.ascenda.dk\/wp-content\/uploads\/2022\/10\/Support-pole-link-C-mast-oe30-oe1143mm-64x80.png 64w, https:\/\/telecom.ascenda.dk\/wp-content\/uploads\/2022\/10\/Support-pole-link-C-mast-oe30-oe1143mm-240x300.png 240w, https:\/\/telecom.ascenda.dk\/wp-content\/uploads\/2022\/10\/Support-pole-link-C-mast-oe30-oe1143mm-819x1024.png 819w, https:\/\/telecom.ascenda.dk\/wp-content\/uploads\/2022\/10\/Support-pole-link-C-mast-oe30-oe1143mm-768x960.png 768w, https:\/\/telecom.ascenda.dk\/wp-content\/uploads\/2022\/10\/Support-pole-link-C-mast-oe30-oe1143mm.png 1080w\" sizes=\"(max-width: 400px) 100vw, 400px\" \/><h2 class=\"woocommerce-loop-product__title\">Linkpol C &#8211; Mast<\/h2><\/a><\/li>\n<\/ul>\n<\/div>\t\t\t\t<\/div>\n\t\t\t\t<\/div>\n\t\t\t\t\t<\/div>\n\t\t<\/div>\n\t\t\t\t\t<\/div>\n\t\t<\/section>\n\t\t\t\t<section class=\"elementor-section elementor-top-section elementor-element elementor-element-66203dd6 elementor-section-boxed elementor-section-height-default elementor-section-height-default\" data-id=\"66203dd6\" data-element_type=\"section\" data-settings=\"{&quot;background_background&quot;:&quot;classic&quot;}\">\n\t\t\t\t\t\t<div class=\"elementor-container elementor-column-gap-default\">\n\t\t\t\t\t<div class=\"elementor-column elementor-col-100 elementor-top-column elementor-element elementor-element-7630b152\" data-id=\"7630b152\" data-element_type=\"column\">\n\t\t\t<div class=\"elementor-widget-wrap elementor-element-populated\">\n\t\t\t\t\t\t<div class=\"elementor-element elementor-element-47b62bfe elementor-widget elementor-widget-heading\" data-id=\"47b62bfe\" data-element_type=\"widget\" data-widget_type=\"heading.default\">\n\t\t\t\t<div class=\"elementor-widget-container\">\n\t\t\t\t\t<h2 class=\"elementor-heading-title elementor-size-xxl\">Referencer<\/h2>\t\t\t\t<\/div>\n\t\t\t\t<\/div>\n\t\t\t\t<div class=\"elementor-element elementor-element-5349a3df elementor-skin-carousel elementor-arrows-yes elementor-widget elementor-widget-media-carousel\" data-id=\"5349a3df\" data-element_type=\"widget\" data-settings=\"{&quot;slides_per_view&quot;:&quot;6&quot;,&quot;space_between&quot;:{&quot;unit&quot;:&quot;px&quot;,&quot;size&quot;:50,&quot;sizes&quot;:[]},&quot;slides_per_view_tablet&quot;:&quot;4&quot;,&quot;space_between_tablet&quot;:{&quot;unit&quot;:&quot;px&quot;,&quot;size&quot;:&quot;50&quot;,&quot;sizes&quot;:[]},&quot;autoplay_speed&quot;:3000,&quot;slides_to_scroll&quot;:&quot;5&quot;,&quot;speed&quot;:600,&quot;slides_per_view_mobile_extra&quot;:&quot;3&quot;,&quot;lazyload&quot;:&quot;yes&quot;,&quot;skin&quot;:&quot;carousel&quot;,&quot;effect&quot;:&quot;slide&quot;,&quot;show_arrows&quot;:&quot;yes&quot;,&quot;autoplay&quot;:&quot;yes&quot;,&quot;loop&quot;:&quot;yes&quot;,&quot;pause_on_hover&quot;:&quot;yes&quot;,&quot;pause_on_interaction&quot;:&quot;yes&quot;,&quot;space_between_mobile_extra&quot;:{&quot;unit&quot;:&quot;px&quot;,&quot;size&quot;:10,&quot;sizes&quot;:[]},&quot;space_between_mobile&quot;:{&quot;unit&quot;:&quot;px&quot;,&quot;size&quot;:10,&quot;sizes&quot;:[]}}\" data-widget_type=\"media-carousel.default\">\n\t\t\t\t<div class=\"elementor-widget-container\">\n\t\t\t\t\t\t\t\t\t<div class=\"elementor-swiper\">\n\t\t\t\t\t<div class=\"elementor-main-swiper swiper\" role=\"region\" aria-roledescription=\"carousel\" aria-label=\"Dias (slides)\">\n\t\t\t\t<div class=\"swiper-wrapper\">\n\t\t\t\t\t\t\t\t\t\t\t<div class=\"swiper-slide\" role=\"group\" aria-roledescription=\"slide\">\n\t\t\t\t\t\t\t\t\t<div class=\"elementor-carousel-image swiper-lazy\" role=\"img\" aria-label=\"unnamed.png\" data-background=\"https:\/\/telecom.ascenda.dk\/wp-content\/uploads\/2022\/12\/unnamed.png\">\n\n\t\t\t\t\t\t\t<div class=\"swiper-lazy-preloader\"><\/div>\n\t\t\t\n\t\t\t\t\t<\/div>\n\t\t\t\t\t\t\t\t<\/div>\n\t\t\t\t\t\t\t\t\t\t\t<div class=\"swiper-slide\" role=\"group\" aria-roledescription=\"slide\">\n\t\t\t\t\t\t\t\t\t<div class=\"elementor-carousel-image swiper-lazy\" role=\"img\" aria-label=\"logo-teleteamet-mellem1.png\" data-background=\"https:\/\/telecom.ascenda.dk\/wp-content\/uploads\/2022\/12\/logo-teleteamet-mellem1.png\">\n\n\t\t\t\t\t\t\t<div class=\"swiper-lazy-preloader\"><\/div>\n\t\t\t\n\t\t\t\t\t<\/div>\n\t\t\t\t\t\t\t\t<\/div>\n\t\t\t\t\t\t\t\t\t\t\t<div class=\"swiper-slide\" role=\"group\" aria-roledescription=\"slide\">\n\t\t\t\t\t\t\t\t\t<div class=\"elementor-carousel-image swiper-lazy\" role=\"img\" aria-label=\"logo-constructel.png\" data-background=\"https:\/\/telecom.ascenda.dk\/wp-content\/uploads\/2022\/12\/logo-constructel.png\">\n\n\t\t\t\t\t\t\t<div class=\"swiper-lazy-preloader\"><\/div>\n\t\t\t\n\t\t\t\t\t<\/div>\n\t\t\t\t\t\t\t\t<\/div>\n\t\t\t\t\t\t\t\t\t\t\t<div class=\"swiper-slide\" role=\"group\" aria-roledescription=\"slide\">\n\t\t\t\t\t\t\t\t\t<div class=\"elementor-carousel-image swiper-lazy\" role=\"img\" aria-label=\"123\" data-background=\"https:\/\/telecom.ascenda.dk\/wp-content\/uploads\/2024\/10\/123.png\">\n\n\t\t\t\t\t\t\t<div class=\"swiper-lazy-preloader\"><\/div>\n\t\t\t\n\t\t\t\t\t<\/div>\n\t\t\t\t\t\t\t\t<\/div>\n\t\t\t\t\t\t\t\t\t\t\t<div class=\"swiper-slide\" role=\"group\" aria-roledescription=\"slide\">\n\t\t\t\t\t\t\t\t\t<div class=\"elementor-carousel-image swiper-lazy\" role=\"img\" aria-label=\"logo-1.png\" data-background=\"https:\/\/telecom.ascenda.dk\/wp-content\/uploads\/2022\/12\/logo-1.png\">\n\n\t\t\t\t\t\t\t<div class=\"swiper-lazy-preloader\"><\/div>\n\t\t\t\n\t\t\t\t\t<\/div>\n\t\t\t\t\t\t\t\t<\/div>\n\t\t\t\t\t\t\t\t\t\t\t<div class=\"swiper-slide\" role=\"group\" aria-roledescription=\"slide\">\n\t\t\t\t\t\t\t\t\t<div class=\"elementor-carousel-image swiper-lazy\" role=\"img\" aria-label=\"km-telecom.png\" data-background=\"https:\/\/telecom.ascenda.dk\/wp-content\/uploads\/2022\/12\/km-telecom.png\">\n\n\t\t\t\t\t\t\t<div class=\"swiper-lazy-preloader\"><\/div>\n\t\t\t\n\t\t\t\t\t<\/div>\n\t\t\t\t\t\t\t\t<\/div>\n\t\t\t\t\t\t\t\t\t\t\t<div class=\"swiper-slide\" role=\"group\" aria-roledescription=\"slide\">\n\t\t\t\t\t\t\t\t\t<div class=\"elementor-carousel-image swiper-lazy\" role=\"img\" aria-label=\"intego-logo-RGB-blaa.png\" data-background=\"https:\/\/telecom.ascenda.dk\/wp-content\/uploads\/2022\/12\/intego-logo-RGB-blaa.png\">\n\n\t\t\t\t\t\t\t<div class=\"swiper-lazy-preloader\"><\/div>\n\t\t\t\n\t\t\t\t\t<\/div>\n\t\t\t\t\t\t\t\t<\/div>\n\t\t\t\t\t\t\t\t\t\t\t<div class=\"swiper-slide\" role=\"group\" aria-roledescription=\"slide\">\n\t\t\t\t\t\t\t\t\t<div class=\"elementor-carousel-image swiper-lazy\" role=\"img\" aria-label=\"ericson-logga-400pix-logo-image-wide-2_logo_image_wide.png\" data-background=\"https:\/\/telecom.ascenda.dk\/wp-content\/uploads\/2022\/12\/ericson-logga-400pix-logo-image-wide-2_logo_image_wide.png\">\n\n\t\t\t\t\t\t\t<div class=\"swiper-lazy-preloader\"><\/div>\n\t\t\t\n\t\t\t\t\t<\/div>\n\t\t\t\t\t\t\t\t<\/div>\n\t\t\t\t\t\t\t\t\t\t\t<div class=\"swiper-slide\" role=\"group\" aria-roledescription=\"slide\">\n\t\t\t\t\t\t\t\t\t<div class=\"elementor-carousel-image swiper-lazy\" role=\"img\" aria-label=\"CIBICOM_rgb_neg.png\" data-background=\"https:\/\/telecom.ascenda.dk\/wp-content\/uploads\/2022\/12\/CIBICOM_rgb_neg.png\">\n\n\t\t\t\t\t\t\t<div class=\"swiper-lazy-preloader\"><\/div>\n\t\t\t\n\t\t\t\t\t<\/div>\n\t\t\t\t\t\t\t\t<\/div>\n\t\t\t\t\t\t\t\t\t\t\t<div class=\"swiper-slide\" role=\"group\" aria-roledescription=\"slide\">\n\t\t\t\t\t\t\t\t\t<div class=\"elementor-carousel-image swiper-lazy\" role=\"img\" aria-label=\"002c858b-76f0-4faf-9e95-abcc2e75e67b.png\" data-background=\"https:\/\/telecom.ascenda.dk\/wp-content\/uploads\/2022\/12\/002c858b-76f0-4faf-9e95-abcc2e75e67b.png\">\n\n\t\t\t\t\t\t\t<div class=\"swiper-lazy-preloader\"><\/div>\n\t\t\t\n\t\t\t\t\t<\/div>\n\t\t\t\t\t\t\t\t<\/div>\n\t\t\t\t\t\t\t\t\t<\/div>\n\t\t\t\t\t\t\t\t\t\t\t\t\t\t\t<div class=\"elementor-swiper-button elementor-swiper-button-prev\" role=\"button\" tabindex=\"0\" aria-label=\"Tidligere\">\n\t\t\t\t\t\t\t<svg aria-hidden=\"true\" class=\"e-font-icon-svg e-eicon-chevron-left\" viewbox=\"0 0 1000 1000\" xmlns=\"http:\/\/www.w3.org\/2000\/svg\"><path d=\"M646 125C629 125 613 133 604 142L308 442C296 454 292 471 292 487 292 504 296 521 308 533L604 854C617 867 629 875 646 875 663 875 679 871 692 858 704 846 713 829 713 812 713 796 708 779 692 767L438 487 692 225C700 217 708 204 708 187 708 171 704 154 692 142 675 129 663 125 646 125Z\"><\/path><\/svg>\t\t\t\t\t\t<\/div>\n\t\t\t\t\t\t<div class=\"elementor-swiper-button elementor-swiper-button-next\" role=\"button\" tabindex=\"0\" aria-label=\"N\u00e6ste\">\n\t\t\t\t\t\t\t<svg aria-hidden=\"true\" class=\"e-font-icon-svg e-eicon-chevron-right\" viewbox=\"0 0 1000 1000\" xmlns=\"http:\/\/www.w3.org\/2000\/svg\"><path d=\"M696 533C708 521 713 504 713 487 713 471 708 454 696 446L400 146C388 133 375 125 354 125 338 125 325 129 313 142 300 154 292 171 292 187 292 204 296 221 308 233L563 492 304 771C292 783 288 800 288 817 288 833 296 850 308 863 321 871 338 875 354 875 371 875 388 867 400 854L696 533Z\"><\/path><\/svg>\t\t\t\t\t\t<\/div>\n\t\t\t\t\t\t\t\t\t\t\t\t\t\t\t\t\t<\/div>\n\t\t\t\t<\/div>\n\t\t\t\t\t\t\t\t<\/div>\n\t\t\t\t<\/div>\n\t\t\t\t\t<\/div>\n\t\t<\/div>\n\t\t\t\t\t<\/div>\n\t\t<\/section>\n\t\t\t\t<section class=\"elementor-section elementor-top-section elementor-element elementor-element-dffd95a elementor-section-height-min-height elementor-section-boxed elementor-section-height-default elementor-section-items-middle\" data-id=\"dffd95a\" data-element_type=\"section\" data-settings=\"{&quot;background_background&quot;:&quot;classic&quot;}\">\n\t\t\t\t\t\t<div class=\"elementor-container elementor-column-gap-default\">\n\t\t\t\t\t<div class=\"elementor-column elementor-col-100 elementor-top-column elementor-element elementor-element-73ecb40\" data-id=\"73ecb40\" data-element_type=\"column\" data-settings=\"{&quot;background_background&quot;:&quot;classic&quot;}\">\n\t\t\t<div class=\"elementor-widget-wrap elementor-element-populated\">\n\t\t\t\t\t\t<div class=\"elementor-element elementor-element-331a350 elementor-widget elementor-widget-heading\" data-id=\"331a350\" data-element_type=\"widget\" data-widget_type=\"heading.default\">\n\t\t\t\t<div class=\"elementor-widget-container\">\n\t\t\t\t\t<h2 class=\"elementor-heading-title elementor-size-default\">Seneste produkter<\/h2>\t\t\t\t<\/div>\n\t\t\t\t<\/div>\n\t\t\t\t<div class=\"elementor-element elementor-element-f77a032 elementor-grid-5 teleproducts elementor-grid-tablet-4 elementor-grid-mobile_extra-4 elementor-grid-mobile-2 elementor-products-grid elementor-wc-products elementor-widget elementor-widget-woocommerce-products\" data-id=\"f77a032\" data-element_type=\"widget\" data-widget_type=\"woocommerce-products.default\">\n\t\t\t\t<div class=\"elementor-widget-container\">\n\t\t\t\t\t<div class=\"woocommerce columns-5\"><ul class=\"products elementor-grid columns-5\">\n<li class=\"product type-product post-106495 status-publish first instock product_cat-back-part-mast-kit has-post-thumbnail taxable shipping-taxable purchasable product-type-simple\">\n\t<a href=\"https:\/\/telecom.ascenda.dk\/en\/product\/back-part-mast-oe30-oe1143mm-kit\/\" class=\"woocommerce-LoopProduct-link woocommerce-loop-product__link\"><img loading=\"lazy\" decoding=\"async\" width=\"400\" height=\"500\" src=\"https:\/\/telecom.ascenda.dk\/wp-content\/uploads\/2024\/11\/6-2-400x500.png\" class=\"attachment-woocommerce_thumbnail size-woocommerce_thumbnail\" alt=\"Back part mast \u00f830-\u00f8114,3mm kit\" srcset=\"https:\/\/telecom.ascenda.dk\/wp-content\/uploads\/2024\/11\/6-2-400x500.png 400w, https:\/\/telecom.ascenda.dk\/wp-content\/uploads\/2024\/11\/6-2-240x300.png 240w, https:\/\/telecom.ascenda.dk\/wp-content\/uploads\/2024\/11\/6-2-819x1024.png 819w, https:\/\/telecom.ascenda.dk\/wp-content\/uploads\/2024\/11\/6-2-768x960.png 768w, https:\/\/telecom.ascenda.dk\/wp-content\/uploads\/2024\/11\/6-2-100x125.png 100w, https:\/\/telecom.ascenda.dk\/wp-content\/uploads\/2024\/11\/6-2-64x80.png 64w, https:\/\/telecom.ascenda.dk\/wp-content\/uploads\/2024\/11\/6-2.png 1080w\" sizes=\"(max-width: 400px) 100vw, 400px\" \/><h2 class=\"woocommerce-loop-product__title\">Back part mast \u00f830-\u00f8114,3mm kit<\/h2><\/a><\/li>\n<li class=\"product type-product post-106328 status-publish instock product_cat-moduloffseeet has-post-thumbnail taxable shipping-taxable purchasable product-type-variable\">\n\t<a href=\"https:\/\/telecom.ascenda.dk\/en\/product\/moduloffseeet-tripple-oe2191-oe356mm-heavy\/\" class=\"woocommerce-LoopProduct-link woocommerce-loop-product__link\"><img loading=\"lazy\" decoding=\"async\" width=\"400\" height=\"500\" src=\"https:\/\/telecom.ascenda.dk\/wp-content\/uploads\/2024\/11\/6-1-400x500.png\" class=\"attachment-woocommerce_thumbnail size-woocommerce_thumbnail\" alt=\"Moduloffseeet tripple \u00f8219,1-\u00f8356mm heavy\" srcset=\"https:\/\/telecom.ascenda.dk\/wp-content\/uploads\/2024\/11\/6-1-400x500.png 400w, https:\/\/telecom.ascenda.dk\/wp-content\/uploads\/2024\/11\/6-1-240x300.png 240w, https:\/\/telecom.ascenda.dk\/wp-content\/uploads\/2024\/11\/6-1-819x1024.png 819w, https:\/\/telecom.ascenda.dk\/wp-content\/uploads\/2024\/11\/6-1-768x960.png 768w, https:\/\/telecom.ascenda.dk\/wp-content\/uploads\/2024\/11\/6-1-100x125.png 100w, https:\/\/telecom.ascenda.dk\/wp-content\/uploads\/2024\/11\/6-1-64x80.png 64w, https:\/\/telecom.ascenda.dk\/wp-content\/uploads\/2024\/11\/6-1.png 1080w\" sizes=\"(max-width: 400px) 100vw, 400px\" \/><h2 class=\"woocommerce-loop-product__title\">Moduloffseeet tripple \u00f8219,1-\u00f8356mm heavy<\/h2><\/a><\/li>\n<li class=\"product type-product post-106327 status-publish instock product_cat-export product_cat-moduloffseeet has-post-thumbnail taxable shipping-taxable purchasable product-type-variable has-default-attributes\">\n\t<a href=\"https:\/\/telecom.ascenda.dk\/en\/product\/moduloffseeet-tripple-oe603-oe1937mm-heavy\/\" class=\"woocommerce-LoopProduct-link woocommerce-loop-product__link\"><img loading=\"lazy\" decoding=\"async\" width=\"400\" height=\"500\" src=\"https:\/\/telecom.ascenda.dk\/wp-content\/uploads\/2024\/11\/6-400x500.png\" class=\"attachment-woocommerce_thumbnail size-woocommerce_thumbnail\" alt=\"Moduloffseeet tripple \u00f860,3-\u00f8193,7mm heavy\" srcset=\"https:\/\/telecom.ascenda.dk\/wp-content\/uploads\/2024\/11\/6-400x500.png 400w, https:\/\/telecom.ascenda.dk\/wp-content\/uploads\/2024\/11\/6-240x300.png 240w, https:\/\/telecom.ascenda.dk\/wp-content\/uploads\/2024\/11\/6-819x1024.png 819w, https:\/\/telecom.ascenda.dk\/wp-content\/uploads\/2024\/11\/6-768x960.png 768w, https:\/\/telecom.ascenda.dk\/wp-content\/uploads\/2024\/11\/6-100x125.png 100w, https:\/\/telecom.ascenda.dk\/wp-content\/uploads\/2024\/11\/6-64x80.png 64w, https:\/\/telecom.ascenda.dk\/wp-content\/uploads\/2024\/11\/6.png 1080w\" sizes=\"(max-width: 400px) 100vw, 400px\" \/><h2 class=\"woocommerce-loop-product__title\">Moduloffseeet tripple \u00f860,3-\u00f8193,7mm heavy<\/h2><\/a><\/li>\n<\/ul>\n<\/div>\t\t\t\t<\/div>\n\t\t\t\t<\/div>\n\t\t\t\t\t<\/div>\n\t\t<\/div>\n\t\t\t\t\t<\/div>\n\t\t<\/section>\n\t\t\t\t<\/div>","protected":false},"excerpt":{"rendered":"<p>St\u00e5l til telebranchen Hos TelecomSteel A\/S har vi 20 \u00e5rs erfaring med telebranchen \u2013 b\u00e5de som producenter af st\u00e5l og montage af teleudstyr i master, skorstene, p\u00e5 hustage mm. Udforsk produkter Popul\u00e6rt lige nu Referencer Tidligere N\u00e6ste Seneste produkter<\/p>","protected":false},"author":1,"featured_media":0,"parent":0,"menu_order":0,"comment_status":"closed","ping_status":"closed","template":"elementor_header_footer","meta":{"inline_featured_image":false,"footnotes":""},"class_list":["post-644","page","type-page","status-publish","hentry"],"_links":{"self":[{"href":"https:\/\/telecom.ascenda.dk\/en\/wp-json\/wp\/v2\/pages\/644","targetHints":{"allow":["GET"]}}],"collection":[{"href":"https:\/\/telecom.ascenda.dk\/en\/wp-json\/wp\/v2\/pages"}],"about":[{"href":"https:\/\/telecom.ascenda.dk\/en\/wp-json\/wp\/v2\/types\/page"}],"author":[{"embeddable":true,"href":"https:\/\/telecom.ascenda.dk\/en\/wp-json\/wp\/v2\/users\/1"}],"replies":[{"embeddable":true,"href":"https:\/\/telecom.ascenda.dk\/en\/wp-json\/wp\/v2\/comments?post=644"}],"version-history":[{"count":10,"href":"https:\/\/telecom.ascenda.dk\/en\/wp-json\/wp\/v2\/pages\/644\/revisions"}],"predecessor-version":[{"id":106196,"href":"https:\/\/telecom.ascenda.dk\/en\/wp-json\/wp\/v2\/pages\/644\/revisions\/106196"}],"wp:attachment":[{"href":"https:\/\/telecom.ascenda.dk\/en\/wp-json\/wp\/v2\/media?parent=644"}],"curies":[{"name":"wp","href":"https:\/\/api.w.org\/{rel}","templated":true}]}}