{"id":105803,"date":"2024-10-17T18:21:47","date_gmt":"2024-10-17T16:21:47","guid":{"rendered":"https:\/\/telecom.ascenda.dk\/?post_type=product&#038;p=105803"},"modified":"2025-05-27T20:50:58","modified_gmt":"2025-05-27T18:50:58","slug":"ekstra-beslag-justerbart-offseeet","status":"publish","type":"product","link":"https:\/\/telecom.ascenda.dk\/en\/product\/ekstra-beslag-justerbart-offseeet\/","title":{"rendered":"Ekstra beslag justerbart offseeet"},"content":{"rendered":"<p><strong>St\u00e5lkvalitet<\/strong><\/p>\n<p>St\u00e5l: s235\/s355<\/p>\n<p>U-bolte: s355 FZV<\/p>\n<p>Gevindst\u00e6nger: s355 FZV<\/p>\n<p>&nbsp;<\/p>\n<p><strong>Ydeevne<\/strong><\/p>\n<p>Maksimal installation p\u00e5 t\u00f8ndeb\u00e5nd: 6 beslag<\/p>\n<p>Maksimal vertikal belastning fra udstyr pr. beslag: 75kg<\/p>\n<p>Maksimal vertikal belastning fra udstyr ialt: 260kg<\/p>\n<p>Maksimal horisontal belastning fra udstyr pr. beslag inkl sikkerhedsfaktor: 2,25kN<\/p>\n<p>Maksimal horisontal belastning fra udstyr ialt inkl sikkerhedsfaktor: 7,5kN<\/p>\n<p>Maksimal geometrisk areal fra udstyr pr. beslag: 0,75m\u00b2<\/p>\n<p>Maksimal geometrisk areal fra udstyr ialt: 2,55m\u00b2<\/p>\n<p>Maksimal installationsh\u00f8jde: 70meter<\/p>\n<p>Terr\u00e6nkategori: TC1<\/p>\n<p>Referencevindhastighed: 27m\/s<\/p>\n<p>M10 m\u00f8trik tilsp\u00e6ndingsmoment: 30Nm<\/p>\n<p>M10 kontram\u00f8trik tilsp\u00e6ndingsmoment: 47Nm<\/p>\n<p>M12 m\u00f8trik tilsp\u00e6ndingsmoment: 45Nm<\/p>\n<p>M12 kontram\u00f8trik tilsp\u00e6ndingsmoment: 81Nm<\/p>\n<p>M16 m\u00f8trik tilsp\u00e6ndingsmoment: 80Nm<\/p>\n<p>M16 kontram\u00f8trik tilsp\u00e6ndingsmoment: 197Nm<\/p>","protected":false},"excerpt":{"rendered":"<p>St\u00e5lkvalitet St\u00e5l: s235\/s355 U-bolte: s355 FZV Gevindst\u00e6nger: s355 FZV &nbsp; Ydeevne Maksimal installation p\u00e5 t\u00f8ndeb\u00e5nd: 6 beslag Maksimal vertikal belastning fra udstyr pr. beslag: 75kg Maksimal vertikal belastning fra udstyr ialt: 260kg Maksimal horisontal belastning fra udstyr pr. beslag inkl sikkerhedsfaktor: 2,25kN Maksimal horisontal belastning fra udstyr ialt inkl sikkerhedsfaktor: 7,5kN Maksimal geometrisk areal fra [&hellip;]<\/p>","protected":false},"featured_media":105864,"template":"","meta":{"inline_featured_image":false},"product_brand":[],"product_cat":[1196],"product_tag":[],"class_list":{"0":"post-105803","1":"product","2":"type-product","3":"status-publish","4":"has-post-thumbnail","6":"product_cat-toendebaand-med-baereroer","8":"first","9":"instock","10":"taxable","11":"shipping-taxable","12":"purchasable","13":"product-type-variable","14":"has-default-attributes"},"_links":{"self":[{"href":"https:\/\/telecom.ascenda.dk\/en\/wp-json\/wp\/v2\/product\/105803","targetHints":{"allow":["GET"]}}],"collection":[{"href":"https:\/\/telecom.ascenda.dk\/en\/wp-json\/wp\/v2\/product"}],"about":[{"href":"https:\/\/telecom.ascenda.dk\/en\/wp-json\/wp\/v2\/types\/product"}],"version-history":[{"count":4,"href":"https:\/\/telecom.ascenda.dk\/en\/wp-json\/wp\/v2\/product\/105803\/revisions"}],"predecessor-version":[{"id":107558,"href":"https:\/\/telecom.ascenda.dk\/en\/wp-json\/wp\/v2\/product\/105803\/revisions\/107558"}],"wp:featuredmedia":[{"embeddable":true,"href":"https:\/\/telecom.ascenda.dk\/en\/wp-json\/wp\/v2\/media\/105864"}],"wp:attachment":[{"href":"https:\/\/telecom.ascenda.dk\/en\/wp-json\/wp\/v2\/media?parent=105803"}],"wp:term":[{"taxonomy":"product_brand","embeddable":true,"href":"https:\/\/telecom.ascenda.dk\/en\/wp-json\/wp\/v2\/product_brand?post=105803"},{"taxonomy":"product_cat","embeddable":true,"href":"https:\/\/telecom.ascenda.dk\/en\/wp-json\/wp\/v2\/product_cat?post=105803"},{"taxonomy":"product_tag","embeddable":true,"href":"https:\/\/telecom.ascenda.dk\/en\/wp-json\/wp\/v2\/product_tag?post=105803"}],"curies":[{"name":"wp","href":"https:\/\/api.w.org\/{rel}","templated":true}]}}