{"id":105968,"date":"2024-10-25T11:26:05","date_gmt":"2024-10-25T09:26:05","guid":{"rendered":"https:\/\/telecom.ascenda.dk\/?post_type=product&#038;p=105968"},"modified":"2025-05-27T15:53:58","modified_gmt":"2025-05-27T13:53:58","slug":"baereroer-vaeg-justerbart-offseeet-ekstra-beslag","status":"publish","type":"product","link":"https:\/\/telecom.ascenda.dk\/en\/product\/baereroer-vaeg-justerbart-offseeet-ekstra-beslag\/","title":{"rendered":"B\u00e6rer\u00f8r v\u00e6g justerbart offseeet &#8211; Ekstra beslag"},"content":{"rendered":"<p><strong>St\u00e5lkvalitet<\/strong><\/p>\n<p>St\u00e5l: s235\/s355<\/p>\n<p>U-bolte: s355 FZV<\/p>\n<p>&nbsp;<\/p>\n<p><strong>Ydeevne<\/strong><\/p>\n<p>Maksimal vertikal belastning fra udstyr pr. pol: 225kg<\/p>\n<p>Maksimal horisontal belastning fra udstyr pr. pol inkl sikkerhedsfaktor: 6,75kN<\/p>\n<p>Maksimal geometrisk udstyrsareal pr. pol: 2,25m\u00b2<\/p>\n<p>Maksimal installationsh\u00f8jde: 70meter<\/p>\n<p>Terr\u00e6nkategori: TC1<\/p>\n<p>Referencevindhastighed: 27m\/s<\/p>\n<p>M10 m\u00f8trik tilsp\u00e6ndingsmoment: 30Nm<\/p>\n<p>M10 kontram\u00f8trik tilsp\u00e6ndingsmoment: 47Nm<\/p>","protected":false},"excerpt":{"rendered":"<p>St\u00e5lkvalitet St\u00e5l: s235\/s355 U-bolte: s355 FZV &nbsp; Ydeevne Maksimal vertikal belastning fra udstyr pr. pol: 225kg Maksimal horisontal belastning fra udstyr pr. pol inkl sikkerhedsfaktor: 6,75kN Maksimal geometrisk udstyrsareal pr. pol: 2,25m\u00b2 Maksimal installationsh\u00f8jde: 70meter Terr\u00e6nkategori: TC1 Referencevindhastighed: 27m\/s M10 m\u00f8trik tilsp\u00e6ndingsmoment: 30Nm M10 kontram\u00f8trik tilsp\u00e6ndingsmoment: 47Nm<\/p>","protected":false},"featured_media":106033,"template":"","meta":{"inline_featured_image":false},"product_brand":[],"product_cat":[1168],"product_tag":[],"class_list":{"0":"post-105968","1":"product","2":"type-product","3":"status-publish","4":"has-post-thumbnail","6":"product_cat-baereroer-vaeg","8":"first","9":"instock","10":"taxable","11":"shipping-taxable","12":"purchasable","13":"product-type-variable","14":"has-default-attributes"},"_links":{"self":[{"href":"https:\/\/telecom.ascenda.dk\/en\/wp-json\/wp\/v2\/product\/105968","targetHints":{"allow":["GET"]}}],"collection":[{"href":"https:\/\/telecom.ascenda.dk\/en\/wp-json\/wp\/v2\/product"}],"about":[{"href":"https:\/\/telecom.ascenda.dk\/en\/wp-json\/wp\/v2\/types\/product"}],"version-history":[{"count":3,"href":"https:\/\/telecom.ascenda.dk\/en\/wp-json\/wp\/v2\/product\/105968\/revisions"}],"predecessor-version":[{"id":107507,"href":"https:\/\/telecom.ascenda.dk\/en\/wp-json\/wp\/v2\/product\/105968\/revisions\/107507"}],"wp:featuredmedia":[{"embeddable":true,"href":"https:\/\/telecom.ascenda.dk\/en\/wp-json\/wp\/v2\/media\/106033"}],"wp:attachment":[{"href":"https:\/\/telecom.ascenda.dk\/en\/wp-json\/wp\/v2\/media?parent=105968"}],"wp:term":[{"taxonomy":"product_brand","embeddable":true,"href":"https:\/\/telecom.ascenda.dk\/en\/wp-json\/wp\/v2\/product_brand?post=105968"},{"taxonomy":"product_cat","embeddable":true,"href":"https:\/\/telecom.ascenda.dk\/en\/wp-json\/wp\/v2\/product_cat?post=105968"},{"taxonomy":"product_tag","embeddable":true,"href":"https:\/\/telecom.ascenda.dk\/en\/wp-json\/wp\/v2\/product_tag?post=105968"}],"curies":[{"name":"wp","href":"https:\/\/api.w.org\/{rel}","templated":true}]}}