{"id":105969,"date":"2024-10-25T11:26:05","date_gmt":"2024-10-25T09:26:05","guid":{"rendered":"https:\/\/telecom.ascenda.dk\/?post_type=product&#038;p=105969"},"modified":"2025-05-27T15:47:25","modified_gmt":"2025-05-27T13:47:25","slug":"ekstra-beslag-justerbart-offseeet-2","status":"publish","type":"product","link":"https:\/\/telecom.ascenda.dk\/en\/product\/ekstra-beslag-justerbart-offseeet-2\/","title":{"rendered":"Ekstra beslag justerbart offseeet"},"content":{"rendered":"<p><strong>St\u00e5lkvalitet<\/strong><\/p>\n<p>St\u00e5l: s235\/s355<\/p>\n<p>U-bolte: s355 FZV<\/p>\n<p>&nbsp;<\/p>\n<p><strong>Ydeevne<\/strong><\/p>\n<p>Maksimal vertikal belastning fra udstyr pr. pol: 75kg<\/p>\n<p>Maksimal horisontal belastning fra udstyr pr. pol inkl sikkerhedsfaktor: 2,25kN<\/p>\n<p>Maksimal geometrisk udstyrsareal pr. pol: 0,75m\u00b2<\/p>\n<p>Maksimal installationsh\u00f8jde: 70meter<\/p>\n<p>Terr\u00e6nkategori: TC1<\/p>\n<p>Referencevindhastighed: 27m\/s<\/p>\n<p>M10 m\u00f8trik tilsp\u00e6ndingsmoment: 30Nm<\/p>\n<p>M10 kontram\u00f8trik tilsp\u00e6ndingsmoment: 47Nm<\/p>","protected":false},"excerpt":{"rendered":"<p>St\u00e5lkvalitet St\u00e5l: s235\/s355 U-bolte: s355 FZV &nbsp; Ydeevne Maksimal vertikal belastning fra udstyr pr. pol: 75kg Maksimal horisontal belastning fra udstyr pr. pol inkl sikkerhedsfaktor: 2,25kN Maksimal geometrisk udstyrsareal pr. pol: 0,75m\u00b2 Maksimal installationsh\u00f8jde: 70meter Terr\u00e6nkategori: TC1 Referencevindhastighed: 27m\/s M10 m\u00f8trik tilsp\u00e6ndingsmoment: 30Nm M10 kontram\u00f8trik tilsp\u00e6ndingsmoment: 47Nm<\/p>","protected":false},"featured_media":106034,"template":"","meta":{"inline_featured_image":false},"product_brand":[],"product_cat":[1168],"product_tag":[],"class_list":{"0":"post-105969","1":"product","2":"type-product","3":"status-publish","4":"has-post-thumbnail","6":"product_cat-baereroer-vaeg","8":"first","9":"instock","10":"taxable","11":"shipping-taxable","12":"purchasable","13":"product-type-simple"},"_links":{"self":[{"href":"https:\/\/telecom.ascenda.dk\/en\/wp-json\/wp\/v2\/product\/105969","targetHints":{"allow":["GET"]}}],"collection":[{"href":"https:\/\/telecom.ascenda.dk\/en\/wp-json\/wp\/v2\/product"}],"about":[{"href":"https:\/\/telecom.ascenda.dk\/en\/wp-json\/wp\/v2\/types\/product"}],"version-history":[{"count":4,"href":"https:\/\/telecom.ascenda.dk\/en\/wp-json\/wp\/v2\/product\/105969\/revisions"}],"predecessor-version":[{"id":107505,"href":"https:\/\/telecom.ascenda.dk\/en\/wp-json\/wp\/v2\/product\/105969\/revisions\/107505"}],"wp:featuredmedia":[{"embeddable":true,"href":"https:\/\/telecom.ascenda.dk\/en\/wp-json\/wp\/v2\/media\/106034"}],"wp:attachment":[{"href":"https:\/\/telecom.ascenda.dk\/en\/wp-json\/wp\/v2\/media?parent=105969"}],"wp:term":[{"taxonomy":"product_brand","embeddable":true,"href":"https:\/\/telecom.ascenda.dk\/en\/wp-json\/wp\/v2\/product_brand?post=105969"},{"taxonomy":"product_cat","embeddable":true,"href":"https:\/\/telecom.ascenda.dk\/en\/wp-json\/wp\/v2\/product_cat?post=105969"},{"taxonomy":"product_tag","embeddable":true,"href":"https:\/\/telecom.ascenda.dk\/en\/wp-json\/wp\/v2\/product_tag?post=105969"}],"curies":[{"name":"wp","href":"https:\/\/api.w.org\/{rel}","templated":true}]}}