{"id":105970,"date":"2024-10-25T11:26:06","date_gmt":"2024-10-25T09:26:06","guid":{"rendered":"https:\/\/telecom.ascenda.dk\/?post_type=product&#038;p=105970"},"modified":"2025-05-27T19:54:52","modified_gmt":"2025-05-27T17:54:52","slug":"baereroer-toendebaand-fast-offseeet-ekstra-beslag","status":"publish","type":"product","link":"https:\/\/telecom.ascenda.dk\/en\/product\/baereroer-toendebaand-fast-offseeet-ekstra-beslag\/","title":{"rendered":"B\u00e6rer\u00f8r t\u00f8ndeb\u00e5nd fast offseeet \u2013 Ekstra beslag"},"content":{"rendered":"<p><strong>St\u00e5lkvalitet<\/strong><\/p>\n<p>St\u00e5l: s235\/s355<\/p>\n<p>U-bolte: s355 FZV<\/p>\n<p>&nbsp;<\/p>\n<p><strong>Ydeevne<\/strong><\/p>\n<p>Maksimal vertikal belastning fra udstyr pr. pol: 260kg<\/p>\n<p>Maksimal horisontal belastning fra udstyr pr. pol inkl sikkerhedsfaktor: 7,5kN<\/p>\n<p>Maksimal geometrisk udstyrsareal pr. pol: 2,5m\u00b2<\/p>\n<p>Maksimal installationsh\u00f8jde: 70meter<\/p>\n<p>Terr\u00e6nkategori: TC1<\/p>\n<p>Referencevindhastighed: 27m\/s<\/p>\n<p>M10 m\u00f8trik tilsp\u00e6ndingsmoment: 30Nm<\/p>\n<p>M10 kontram\u00f8trik tilsp\u00e6ndingsmoment: 47Nm<\/p>\n<p>M12 m\u00f8trik tilsp\u00e6ndingsmoment: 45Nm<\/p>\n<p>M12 kontram\u00f8trik tilsp\u00e6ndingsmoment: 81Nm<\/p>\n<p>&nbsp;<\/p>","protected":false},"excerpt":{"rendered":"<p>St\u00e5lkvalitet St\u00e5l: s235\/s355 U-bolte: s355 FZV &nbsp; Ydeevne Maksimal vertikal belastning fra udstyr pr. pol: 260kg Maksimal horisontal belastning fra udstyr pr. pol inkl sikkerhedsfaktor: 7,5kN Maksimal geometrisk udstyrsareal pr. pol: 2,5m\u00b2 Maksimal installationsh\u00f8jde: 70meter Terr\u00e6nkategori: TC1 Referencevindhastighed: 27m\/s M10 m\u00f8trik tilsp\u00e6ndingsmoment: 30Nm M10 kontram\u00f8trik tilsp\u00e6ndingsmoment: 47Nm M12 m\u00f8trik tilsp\u00e6ndingsmoment: 45Nm M12 kontram\u00f8trik tilsp\u00e6ndingsmoment: 81Nm [&hellip;]<\/p>","protected":false},"featured_media":106035,"template":"","meta":{"inline_featured_image":false},"product_brand":[],"product_cat":[1093],"product_tag":[],"class_list":{"0":"post-105970","1":"product","2":"type-product","3":"status-publish","4":"has-post-thumbnail","6":"product_cat-baereroer-toendebaand","8":"first","9":"instock","10":"taxable","11":"shipping-taxable","12":"purchasable","13":"product-type-variable","14":"has-default-attributes"},"_links":{"self":[{"href":"https:\/\/telecom.ascenda.dk\/en\/wp-json\/wp\/v2\/product\/105970","targetHints":{"allow":["GET"]}}],"collection":[{"href":"https:\/\/telecom.ascenda.dk\/en\/wp-json\/wp\/v2\/product"}],"about":[{"href":"https:\/\/telecom.ascenda.dk\/en\/wp-json\/wp\/v2\/types\/product"}],"version-history":[{"count":4,"href":"https:\/\/telecom.ascenda.dk\/en\/wp-json\/wp\/v2\/product\/105970\/revisions"}],"predecessor-version":[{"id":107518,"href":"https:\/\/telecom.ascenda.dk\/en\/wp-json\/wp\/v2\/product\/105970\/revisions\/107518"}],"wp:featuredmedia":[{"embeddable":true,"href":"https:\/\/telecom.ascenda.dk\/en\/wp-json\/wp\/v2\/media\/106035"}],"wp:attachment":[{"href":"https:\/\/telecom.ascenda.dk\/en\/wp-json\/wp\/v2\/media?parent=105970"}],"wp:term":[{"taxonomy":"product_brand","embeddable":true,"href":"https:\/\/telecom.ascenda.dk\/en\/wp-json\/wp\/v2\/product_brand?post=105970"},{"taxonomy":"product_cat","embeddable":true,"href":"https:\/\/telecom.ascenda.dk\/en\/wp-json\/wp\/v2\/product_cat?post=105970"},{"taxonomy":"product_tag","embeddable":true,"href":"https:\/\/telecom.ascenda.dk\/en\/wp-json\/wp\/v2\/product_tag?post=105970"}],"curies":[{"name":"wp","href":"https:\/\/api.w.org\/{rel}","templated":true}]}}