{"id":106235,"date":"2024-11-01T12:55:38","date_gmt":"2024-11-01T11:55:38","guid":{"rendered":"https:\/\/telecom.ascenda.dk\/?post_type=product&#038;p=106235"},"modified":"2025-05-29T16:10:18","modified_gmt":"2025-05-29T14:10:18","slug":"sbs-beslag-med-baereroer-ekstra-beslag","status":"publish","type":"product","link":"https:\/\/telecom.ascenda.dk\/en\/product\/sbs-beslag-med-baereroer-ekstra-beslag\/","title":{"rendered":"SBS beslag med b\u00e6rer\u00f8r \u2013 Ekstra beslag"},"content":{"rendered":"<p><strong><u>800mm:<\/u><\/strong><\/p>\n<p><strong>St\u00e5lkvalitet<\/strong><\/p>\n<p>St\u00e5l: s235\/s355<\/p>\n<p>U-bolte: s355 FZV<\/p>\n<p>Gevindst\u00e6nger: s355 FZV<\/p>\n<p>&nbsp;<\/p>\n<p><strong>Ydeevne<\/strong><\/p>\n<p>Maksimal vertikal belastning fra udstyr pr. pol: 187,5kg<\/p>\n<p>Maksimal horisontal belastning fra udstyr pr. pol inkl sikkerhedsfaktor: 6,75kN<\/p>\n<p>Maksimal geometrisk udstyrsareal pr. pol: 2,25m\u00b2<\/p>\n<p>Maksimal installationsh\u00f8jde: 70meter<\/p>\n<p>Terr\u00e6nkategori: TC1<\/p>\n<p>Referencevindhastighed: 27m\/s<\/p>\n<p>M10 m\u00f8trik tilsp\u00e6ndingsmoment: 30Nm<\/p>\n<p>M10 kontram\u00f8trik tilsp\u00e6ndingsmoment: 47Nm<\/p>\n<p>&nbsp;<\/p>\n<p>&nbsp;<\/p>\n<p><strong><u>1080mm:<\/u><\/strong><\/p>\n<p><strong>St\u00e5lkvalitet<\/strong><\/p>\n<p>St\u00e5l: s235\/s355<\/p>\n<p>U-bolte: s355 FZV<\/p>\n<p>Gevindst\u00e6nger: s355 FZV<\/p>\n<p>&nbsp;<\/p>\n<p><strong>Ydeevne<\/strong><\/p>\n<p>Maksimal vertikal belastning fra udstyr pr. pol: 187,5kg<\/p>\n<p>Maksimal horisontal belastning fra udstyr pr. pol inkl sikkerhedsfaktor: 6,75kN<\/p>\n<p>Maksimal geometrisk udstyrsareal pr. pol: 2,25m\u00b2<\/p>\n<p>Maksimal installationsh\u00f8jde: 70meter<\/p>\n<p>Terr\u00e6nkategori: TC1<\/p>\n<p>Referencevindhastighed: 27m\/s<\/p>\n<p>M10 m\u00f8trik tilsp\u00e6ndingsmoment: 30Nm<\/p>\n<p>M10 kontram\u00f8trik tilsp\u00e6ndingsmoment: 47Nm<\/p>\n<p>&nbsp;<\/p>\n<p>&nbsp;<\/p>\n<p><strong><u>1500mm:<\/u><\/strong><\/p>\n<p><strong>St\u00e5lkvalitet<\/strong><\/p>\n<p>St\u00e5l: s235\/s355<\/p>\n<p>U-bolte: s355 FZV<\/p>\n<p>Gevindst\u00e6nger: s355 FZV<\/p>\n<p>&nbsp;<\/p>\n<p><strong>Ydeevne<\/strong><\/p>\n<p>Maksimal vertikal belastning fra udstyr pr. pol: 135kg<\/p>\n<p>Maksimal horisontal belastning fra udstyr pr. pol inkl sikkerhedsfaktor: 4,5kN<\/p>\n<p>Maksimal geometrisk udstyrsareal pr. pol: 1,5m\u00b2<\/p>\n<p>Maksimal installationsh\u00f8jde: 70meter<\/p>\n<p>Terr\u00e6nkategori: TC1<\/p>\n<p>Referencevindhastighed: 27m\/s<\/p>\n<p>M10 m\u00f8trik tilsp\u00e6ndingsmoment: 30Nm<\/p>\n<p>M10 kontram\u00f8trik tilsp\u00e6ndingsmoment: 47Nm<\/p>","protected":false},"excerpt":{"rendered":"<p>800mm: St\u00e5lkvalitet St\u00e5l: s235\/s355 U-bolte: s355 FZV Gevindst\u00e6nger: s355 FZV &nbsp; Ydeevne Maksimal vertikal belastning fra udstyr pr. pol: 187,5kg Maksimal horisontal belastning fra udstyr pr. pol inkl sikkerhedsfaktor: 6,75kN Maksimal geometrisk udstyrsareal pr. pol: 2,25m\u00b2 Maksimal installationsh\u00f8jde: 70meter Terr\u00e6nkategori: TC1 Referencevindhastighed: 27m\/s M10 m\u00f8trik tilsp\u00e6ndingsmoment: 30Nm M10 kontram\u00f8trik tilsp\u00e6ndingsmoment: 47Nm &nbsp; &nbsp; 1080mm: St\u00e5lkvalitet [&hellip;]<\/p>","protected":false},"featured_media":106266,"template":"","meta":{"inline_featured_image":false},"product_brand":[],"product_cat":[1270],"product_tag":[],"class_list":{"0":"post-106235","1":"product","2":"type-product","3":"status-publish","4":"has-post-thumbnail","6":"product_cat-sbs-beslag-baereroer","8":"first","9":"instock","10":"taxable","11":"shipping-taxable","12":"purchasable","13":"product-type-variable","14":"has-default-attributes"},"_links":{"self":[{"href":"https:\/\/telecom.ascenda.dk\/en\/wp-json\/wp\/v2\/product\/106235","targetHints":{"allow":["GET"]}}],"collection":[{"href":"https:\/\/telecom.ascenda.dk\/en\/wp-json\/wp\/v2\/product"}],"about":[{"href":"https:\/\/telecom.ascenda.dk\/en\/wp-json\/wp\/v2\/types\/product"}],"version-history":[{"count":2,"href":"https:\/\/telecom.ascenda.dk\/en\/wp-json\/wp\/v2\/product\/106235\/revisions"}],"predecessor-version":[{"id":107617,"href":"https:\/\/telecom.ascenda.dk\/en\/wp-json\/wp\/v2\/product\/106235\/revisions\/107617"}],"wp:featuredmedia":[{"embeddable":true,"href":"https:\/\/telecom.ascenda.dk\/en\/wp-json\/wp\/v2\/media\/106266"}],"wp:attachment":[{"href":"https:\/\/telecom.ascenda.dk\/en\/wp-json\/wp\/v2\/media?parent=106235"}],"wp:term":[{"taxonomy":"product_brand","embeddable":true,"href":"https:\/\/telecom.ascenda.dk\/en\/wp-json\/wp\/v2\/product_brand?post=106235"},{"taxonomy":"product_cat","embeddable":true,"href":"https:\/\/telecom.ascenda.dk\/en\/wp-json\/wp\/v2\/product_cat?post=106235"},{"taxonomy":"product_tag","embeddable":true,"href":"https:\/\/telecom.ascenda.dk\/en\/wp-json\/wp\/v2\/product_tag?post=106235"}],"curies":[{"name":"wp","href":"https:\/\/api.w.org\/{rel}","templated":true}]}}