{"id":106328,"date":"2024-11-05T13:10:12","date_gmt":"2024-11-05T12:10:12","guid":{"rendered":"https:\/\/telecom.ascenda.dk\/?post_type=product&#038;p=106328"},"modified":"2025-05-29T15:52:11","modified_gmt":"2025-05-29T13:52:11","slug":"moduloffseeet-tripple-oe2191-oe356mm-heavy","status":"publish","type":"product","link":"https:\/\/telecom.ascenda.dk\/en\/product\/moduloffseeet-tripple-oe2191-oe356mm-heavy\/","title":{"rendered":"Moduloffseeet tripple \u00f8219,1-\u00f8356mm heavy"},"content":{"rendered":"<p><strong>St\u00e5lkvalitet<\/strong><\/p>\n<p>St\u00e5l: s235\/s355<\/p>\n<p>Bolte: 8.8 FZV<\/p>\n<p>&nbsp;<\/p>\n<p><strong>Ydeevne<\/strong><\/p>\n<p>Maksimal vertikal belastning fra udstyr pr. pol: 75kg<\/p>\n<p>Maksimal horisontal belastning fra udstyr pr. pol inkl sikkerhedsfaktor: 2,4kN<\/p>\n<p>Maksimal geometrisk udstyrsareal pr. pol: 0,8m\u00b2<\/p>\n<p>Maksimal installationsh\u00f8jde: 70meter<\/p>\n<p>Terr\u00e6nkategori: TC1<\/p>\n<p>Referencevindhastighed: 27m\/s<\/p>\n<p>M10 m\u00f8trik tilsp\u00e6ndingsmoment: 30Nm<\/p>\n<p>M10 kontram\u00f8trik tilsp\u00e6ndingsmoment: 47Nm<\/p>","protected":false},"excerpt":{"rendered":"<p>St\u00e5lkvalitet St\u00e5l: s235\/s355 Bolte: 8.8 FZV &nbsp; Ydeevne Maksimal vertikal belastning fra udstyr pr. pol: 75kg Maksimal horisontal belastning fra udstyr pr. pol inkl sikkerhedsfaktor: 2,4kN Maksimal geometrisk udstyrsareal pr. pol: 0,8m\u00b2 Maksimal installationsh\u00f8jde: 70meter Terr\u00e6nkategori: TC1 Referencevindhastighed: 27m\/s M10 m\u00f8trik tilsp\u00e6ndingsmoment: 30Nm M10 kontram\u00f8trik tilsp\u00e6ndingsmoment: 47Nm<\/p>","protected":false},"featured_media":106360,"template":"","meta":{"inline_featured_image":false},"product_brand":[],"product_cat":[1221],"product_tag":[],"class_list":{"0":"post-106328","1":"product","2":"type-product","3":"status-publish","4":"has-post-thumbnail","6":"product_cat-moduloffseeet","8":"first","9":"instock","10":"taxable","11":"shipping-taxable","12":"purchasable","13":"product-type-variable"},"_links":{"self":[{"href":"https:\/\/telecom.ascenda.dk\/en\/wp-json\/wp\/v2\/product\/106328","targetHints":{"allow":["GET"]}}],"collection":[{"href":"https:\/\/telecom.ascenda.dk\/en\/wp-json\/wp\/v2\/product"}],"about":[{"href":"https:\/\/telecom.ascenda.dk\/en\/wp-json\/wp\/v2\/types\/product"}],"version-history":[{"count":3,"href":"https:\/\/telecom.ascenda.dk\/en\/wp-json\/wp\/v2\/product\/106328\/revisions"}],"predecessor-version":[{"id":107596,"href":"https:\/\/telecom.ascenda.dk\/en\/wp-json\/wp\/v2\/product\/106328\/revisions\/107596"}],"wp:featuredmedia":[{"embeddable":true,"href":"https:\/\/telecom.ascenda.dk\/en\/wp-json\/wp\/v2\/media\/106360"}],"wp:attachment":[{"href":"https:\/\/telecom.ascenda.dk\/en\/wp-json\/wp\/v2\/media?parent=106328"}],"wp:term":[{"taxonomy":"product_brand","embeddable":true,"href":"https:\/\/telecom.ascenda.dk\/en\/wp-json\/wp\/v2\/product_brand?post=106328"},{"taxonomy":"product_cat","embeddable":true,"href":"https:\/\/telecom.ascenda.dk\/en\/wp-json\/wp\/v2\/product_cat?post=106328"},{"taxonomy":"product_tag","embeddable":true,"href":"https:\/\/telecom.ascenda.dk\/en\/wp-json\/wp\/v2\/product_tag?post=106328"}],"curies":[{"name":"wp","href":"https:\/\/api.w.org\/{rel}","templated":true}]}}