{"id":106495,"date":"2024-11-25T15:25:22","date_gmt":"2024-11-25T14:25:22","guid":{"rendered":"https:\/\/telecom.ascenda.dk\/?post_type=product&#038;p=106495"},"modified":"2024-11-25T15:41:30","modified_gmt":"2024-11-25T14:41:30","slug":"back-part-mast-oe30-oe1143mm-kit","status":"publish","type":"product","link":"https:\/\/telecom.ascenda.dk\/en\/product\/back-part-mast-oe30-oe1143mm-kit\/","title":{"rendered":"Back part mast \u00f830-\u00f8114,3mm kit"},"content":{"rendered":"<p><strong>St\u00e5lkvalitet<\/strong><\/p>\n<p>St\u00e5l: s355<\/p>\n<p>Gevindst\u00e6nger: s355 FZV<\/p>\n<p>&nbsp;<\/p>\n<p><strong>Ydeevne<\/strong><\/p>\n<p>Maksimal vertikal belastning fra udstyr pr. pol: 87,5kg<\/p>\n<p>Maksimal horisontal belastning fra udstyr pr. pol: 1,7kN<\/p>\n<p>Maksimal geometrisk udstyrsareal pr. pol: 0,85m\u00b2<\/p>\n<p>Maksimal installationsh\u00f8jde: 70meter<\/p>\n<p>Terr\u00e6nkategori: TC1<\/p>\n<p>Referencevindhastighed: 27m\/s<\/p>\n<p>M10 m\u00f8trik tilsp\u00e6ndingsmoment: 30Nm<\/p>\n<p>M10 kontram\u00f8trik tilsp\u00e6ndingsmoment: 47Nm<\/p>","protected":false},"excerpt":{"rendered":"<p>St\u00e5lkvalitet St\u00e5l: s355 Gevindst\u00e6nger: s355 FZV &nbsp; Ydeevne Maksimal vertikal belastning fra udstyr pr. pol: 87,5kg Maksimal horisontal belastning fra udstyr pr. pol: 1,7kN Maksimal geometrisk udstyrsareal pr. pol: 0,85m\u00b2 Maksimal installationsh\u00f8jde: 70meter Terr\u00e6nkategori: TC1 Referencevindhastighed: 27m\/s M10 m\u00f8trik tilsp\u00e6ndingsmoment: 30Nm M10 kontram\u00f8trik tilsp\u00e6ndingsmoment: 47Nm<\/p>","protected":false},"featured_media":106500,"template":"","meta":{"inline_featured_image":false},"product_brand":[],"product_cat":[1271],"product_tag":[],"class_list":{"0":"post-106495","1":"product","2":"type-product","3":"status-publish","4":"has-post-thumbnail","6":"product_cat-back-part-mast-kit","8":"first","9":"instock","10":"taxable","11":"shipping-taxable","12":"purchasable","13":"product-type-simple"},"_links":{"self":[{"href":"https:\/\/telecom.ascenda.dk\/en\/wp-json\/wp\/v2\/product\/106495","targetHints":{"allow":["GET"]}}],"collection":[{"href":"https:\/\/telecom.ascenda.dk\/en\/wp-json\/wp\/v2\/product"}],"about":[{"href":"https:\/\/telecom.ascenda.dk\/en\/wp-json\/wp\/v2\/types\/product"}],"version-history":[{"count":2,"href":"https:\/\/telecom.ascenda.dk\/en\/wp-json\/wp\/v2\/product\/106495\/revisions"}],"predecessor-version":[{"id":106499,"href":"https:\/\/telecom.ascenda.dk\/en\/wp-json\/wp\/v2\/product\/106495\/revisions\/106499"}],"wp:featuredmedia":[{"embeddable":true,"href":"https:\/\/telecom.ascenda.dk\/en\/wp-json\/wp\/v2\/media\/106500"}],"wp:attachment":[{"href":"https:\/\/telecom.ascenda.dk\/en\/wp-json\/wp\/v2\/media?parent=106495"}],"wp:term":[{"taxonomy":"product_brand","embeddable":true,"href":"https:\/\/telecom.ascenda.dk\/en\/wp-json\/wp\/v2\/product_brand?post=106495"},{"taxonomy":"product_cat","embeddable":true,"href":"https:\/\/telecom.ascenda.dk\/en\/wp-json\/wp\/v2\/product_cat?post=106495"},{"taxonomy":"product_tag","embeddable":true,"href":"https:\/\/telecom.ascenda.dk\/en\/wp-json\/wp\/v2\/product_tag?post=106495"}],"curies":[{"name":"wp","href":"https:\/\/api.w.org\/{rel}","templated":true}]}}