{"id":92386,"date":"2022-10-27T14:58:39","date_gmt":"2022-10-27T12:58:39","guid":{"rendered":"https:\/\/telecom.ascenda.dk\/?post_type=product&#038;p=92386"},"modified":"2022-12-14T10:38:17","modified_gmt":"2022-12-14T09:38:17","slug":"afdaekning-standard","status":"publish","type":"product","link":"https:\/\/telecom.ascenda.dk\/en\/product\/afdaekning-standard\/","title":{"rendered":"Afd\u00e6kning Standard"},"content":{"rendered":"<ul>\n<li style=\"font-weight: 400;\"><span style=\"font-weight: 400;\">Til montage p\u00e5 kabelstige 100mm til 600mm.<\/span><\/li>\n<li style=\"font-weight: 400;\"><span style=\"font-weight: 400;\">Fremstillet i 1,5mm galvaniseret plade (aluzink) og leveres i 2 meters l\u00e6ngder.<\/span><\/li>\n<li style=\"font-weight: 400;\"><span style=\"font-weight: 400;\">Der medf\u00f8lger 2stk M8 gevindst\u00e6nger med m\u00f8trikker pr afd\u00e6kning.<\/span><\/li>\n<li style=\"font-weight: 400;\"><span style=\"font-weight: 400;\">Lagervarer.<\/span><\/li>\n<\/ul>\n<p>&nbsp;<\/p>","protected":false},"excerpt":{"rendered":"<p>Til montage p\u00e5 kabelstige 100mm til 600mm. Fremstillet i 1,5mm galvaniseret plade (aluzink) og leveres i 2 meters l\u00e6ngder. Der medf\u00f8lger 2stk M8 gevindst\u00e6nger med m\u00f8trikker pr afd\u00e6kning. Lagervarer. &nbsp;<\/p>","protected":false},"featured_media":97692,"template":"","meta":{"inline_featured_image":false},"product_brand":[],"product_cat":[1091],"product_tag":[],"class_list":{"0":"post-92386","1":"product","2":"type-product","3":"status-publish","4":"has-post-thumbnail","6":"product_cat-afdaekning","8":"first","9":"instock","10":"taxable","11":"shipping-taxable","12":"purchasable","13":"product-type-variable","14":"has-default-attributes"},"_links":{"self":[{"href":"https:\/\/telecom.ascenda.dk\/en\/wp-json\/wp\/v2\/product\/92386","targetHints":{"allow":["GET"]}}],"collection":[{"href":"https:\/\/telecom.ascenda.dk\/en\/wp-json\/wp\/v2\/product"}],"about":[{"href":"https:\/\/telecom.ascenda.dk\/en\/wp-json\/wp\/v2\/types\/product"}],"version-history":[{"count":1,"href":"https:\/\/telecom.ascenda.dk\/en\/wp-json\/wp\/v2\/product\/92386\/revisions"}],"predecessor-version":[{"id":101066,"href":"https:\/\/telecom.ascenda.dk\/en\/wp-json\/wp\/v2\/product\/92386\/revisions\/101066"}],"wp:featuredmedia":[{"embeddable":true,"href":"https:\/\/telecom.ascenda.dk\/en\/wp-json\/wp\/v2\/media\/97692"}],"wp:attachment":[{"href":"https:\/\/telecom.ascenda.dk\/en\/wp-json\/wp\/v2\/media?parent=92386"}],"wp:term":[{"taxonomy":"product_brand","embeddable":true,"href":"https:\/\/telecom.ascenda.dk\/en\/wp-json\/wp\/v2\/product_brand?post=92386"},{"taxonomy":"product_cat","embeddable":true,"href":"https:\/\/telecom.ascenda.dk\/en\/wp-json\/wp\/v2\/product_cat?post=92386"},{"taxonomy":"product_tag","embeddable":true,"href":"https:\/\/telecom.ascenda.dk\/en\/wp-json\/wp\/v2\/product_tag?post=92386"}],"curies":[{"name":"wp","href":"https:\/\/api.w.org\/{rel}","templated":true}]}}