{"id":92394,"date":"2022-10-27T14:58:40","date_gmt":"2022-10-27T12:58:40","guid":{"rendered":"https:\/\/telecom.ascenda.dk\/?post_type=product&#038;p=92394"},"modified":"2025-05-29T15:58:23","modified_gmt":"2025-05-29T13:58:23","slug":"tiltbeslag","status":"publish","type":"product","link":"https:\/\/telecom.ascenda.dk\/en\/product\/tiltbeslag\/","title":{"rendered":"Tiltbeslag"},"content":{"rendered":"<p><strong><u>Tiltbeslag lille:<\/u><\/strong><\/p>\n<p><strong>St\u00e5lkvalitet<\/strong><\/p>\n<p>St\u00e5l: s355<\/p>\n<p>Bolte: 8.8 FZV<\/p>\n<p>&nbsp;<\/p>\n<p><strong>Ydeevne<\/strong><\/p>\n<p>Maksimal vertikal belastning fra udstyr pr. beslag: 20kg<\/p>\n<p>Maksimal horisontal belastning fra udstyr pr. beslag inkl sikkerhedsfaktor: 0,3kN<\/p>\n<p>Maksimalt geometrisk areal fra udstyr pr. beslag: 0,1m\u00b2<\/p>\n<p>Maksimal installationsh\u00f8jde: 70meter<\/p>\n<p>Terr\u00e6nkategori: TC1<\/p>\n<p>Referencevindhastighed: 27m\/s<\/p>\n<p>M8 m\u00f8trik tilsp\u00e6ndingsmoment: 24Nm<\/p>\n<p>M8 kontram\u00f8trik tilsp\u00e6ndingsmoment: 24Nm<\/p>\n<p>&nbsp;<\/p>\n<p>&nbsp;<\/p>\n<p><strong><u>Tiltbeslag stor:<\/u><\/strong><\/p>\n<p><strong>St\u00e5lkvalitet<\/strong><\/p>\n<p>St\u00e5l: s355<\/p>\n<p>Bolte: 8.8 FZV<\/p>\n<p>&nbsp;<\/p>\n<p><strong>Ydeevne<\/strong><\/p>\n<p>Maksimal vertikal belastning fra udstyr pr. beslag: 30kg<\/p>\n<p>Maksimal horisontal belastning fra udstyr pr. beslag inkl sikkerhedsfaktor: 0,9kN<\/p>\n<p>Maksimalt geometrisk areal fra udstyr pr. beslag: 0,3m\u00b2<\/p>\n<p>Maksimal installationsh\u00f8jde: 70meter<\/p>\n<p>Terr\u00e6nkategori: TC1<\/p>\n<p>Referencevindhastighed: 27m\/s<\/p>\n<p>M8 m\u00f8trik tilsp\u00e6ndingsmoment: 24Nm<\/p>\n<p>M8 kontram\u00f8trik tilsp\u00e6ndingsmoment: 24Nm<\/p>\n<p>&nbsp;<\/p>\n<p>&nbsp;<\/p>\n<p><strong><u>Tiltbeslag heavy:<\/u><\/strong><\/p>\n<p><strong>St\u00e5lkvalitet<\/strong><\/p>\n<p>St\u00e5l: s355<\/p>\n<p>Bolte: 8.8 FZV<\/p>\n<p>&nbsp;<\/p>\n<p><strong>Ydeevne<\/strong><\/p>\n<p>Maksimal vertikal belastning fra udstyr pr. beslag: 50kg<\/p>\n<p>Maksimal horisontal belastning fra udstyr pr. beslag inkl sikkerhedsfaktor: 2,4kN<\/p>\n<p>Maksimalt geometrisk areal fra udstyr pr. beslag: 0,8m\u00b2<\/p>\n<p>Maksimal installationsh\u00f8jde: 70meter<\/p>\n<p>Terr\u00e6nkategori: TC1<\/p>\n<p>Referencevindhastighed: 27m\/s<\/p>\n<p>M10 m\u00f8trik tilsp\u00e6ndingsmoment: 47Nm<\/p>\n<p>M10 kontram\u00f8trik tilsp\u00e6ndingsmoment: 47Nm<\/p>","protected":false},"excerpt":{"rendered":"<p>Tiltbeslag lille: St\u00e5lkvalitet St\u00e5l: s355 Bolte: 8.8 FZV &nbsp; Ydeevne Maksimal vertikal belastning fra udstyr pr. beslag: 20kg Maksimal horisontal belastning fra udstyr pr. beslag inkl sikkerhedsfaktor: 0,3kN Maksimalt geometrisk areal fra udstyr pr. beslag: 0,1m\u00b2 Maksimal installationsh\u00f8jde: 70meter Terr\u00e6nkategori: TC1 Referencevindhastighed: 27m\/s M8 m\u00f8trik tilsp\u00e6ndingsmoment: 24Nm M8 kontram\u00f8trik tilsp\u00e6ndingsmoment: 24Nm &nbsp; &nbsp; Tiltbeslag stor: [&hellip;]<\/p>","protected":false},"featured_media":97654,"template":"","meta":{"inline_featured_image":false},"product_brand":[],"product_cat":[1094],"product_tag":[],"class_list":{"0":"post-92394","1":"product","2":"type-product","3":"status-publish","4":"has-post-thumbnail","6":"product_cat-tilbehoer","8":"first","9":"instock","10":"taxable","11":"shipping-taxable","12":"purchasable","13":"product-type-variable"},"_links":{"self":[{"href":"https:\/\/telecom.ascenda.dk\/en\/wp-json\/wp\/v2\/product\/92394","targetHints":{"allow":["GET"]}}],"collection":[{"href":"https:\/\/telecom.ascenda.dk\/en\/wp-json\/wp\/v2\/product"}],"about":[{"href":"https:\/\/telecom.ascenda.dk\/en\/wp-json\/wp\/v2\/types\/product"}],"version-history":[{"count":5,"href":"https:\/\/telecom.ascenda.dk\/en\/wp-json\/wp\/v2\/product\/92394\/revisions"}],"predecessor-version":[{"id":107601,"href":"https:\/\/telecom.ascenda.dk\/en\/wp-json\/wp\/v2\/product\/92394\/revisions\/107601"}],"wp:featuredmedia":[{"embeddable":true,"href":"https:\/\/telecom.ascenda.dk\/en\/wp-json\/wp\/v2\/media\/97654"}],"wp:attachment":[{"href":"https:\/\/telecom.ascenda.dk\/en\/wp-json\/wp\/v2\/media?parent=92394"}],"wp:term":[{"taxonomy":"product_brand","embeddable":true,"href":"https:\/\/telecom.ascenda.dk\/en\/wp-json\/wp\/v2\/product_brand?post=92394"},{"taxonomy":"product_cat","embeddable":true,"href":"https:\/\/telecom.ascenda.dk\/en\/wp-json\/wp\/v2\/product_cat?post=92394"},{"taxonomy":"product_tag","embeddable":true,"href":"https:\/\/telecom.ascenda.dk\/en\/wp-json\/wp\/v2\/product_tag?post=92394"}],"curies":[{"name":"wp","href":"https:\/\/api.w.org\/{rel}","templated":true}]}}