{"id":92395,"date":"2022-10-27T14:58:40","date_gmt":"2022-10-27T12:58:40","guid":{"rendered":"https:\/\/telecom.ascenda.dk\/?post_type=product&#038;p=92395"},"modified":"2025-05-27T20:08:18","modified_gmt":"2025-05-27T18:08:18","slug":"baereroersforlaenger","status":"publish","type":"product","link":"https:\/\/telecom.ascenda.dk\/en\/product\/baereroersforlaenger\/","title":{"rendered":"B\u00e6rer\u00f8rsforl\u00e6nger"},"content":{"rendered":"<p><strong>St\u00e5lkvalitet<\/strong><\/p>\n<p>St\u00e5l: s235\/s355<\/p>\n<p>Bolte: 8.8 FZV<\/p>\n<p>&nbsp;<\/p>\n<p><strong>Ydeevne<\/strong><\/p>\n<p>Maksimal vertikal belastning fra udstyr pr. pol: 150 kg<\/p>\n<p>Maksimal horisontal belastning fra udstyr pr. pol inkl sikkerhedsfaktor: 3,0 kN<\/p>\n<p>Maksimal geometrisk udstyrsareal pr. pol: 1,0 m\u00b2<\/p>\n<p>Maksimal installationsh\u00f8jde: 70 meter<\/p>\n<p>Terr\u00e6nkategori: TC1<\/p>\n<p>Referencevindhastighed: 27 m\/s<\/p>\n<p>M12 bolt tilsp\u00e6ndingsmoment: 47 Nm<\/p>","protected":false},"excerpt":{"rendered":"<p>St\u00e5lkvalitet St\u00e5l: s235\/s355 Bolte: 8.8 FZV &nbsp; Ydeevne Maksimal vertikal belastning fra udstyr pr. pol: 150 kg Maksimal horisontal belastning fra udstyr pr. pol inkl sikkerhedsfaktor: 3,0 kN Maksimal geometrisk udstyrsareal pr. pol: 1,0 m\u00b2 Maksimal installationsh\u00f8jde: 70 meter Terr\u00e6nkategori: TC1 Referencevindhastighed: 27 m\/s M12 bolt tilsp\u00e6ndingsmoment: 47 Nm<\/p>","protected":false},"featured_media":97656,"template":"","meta":{"inline_featured_image":false},"product_brand":[],"product_cat":[1092,1094],"product_tag":[],"class_list":{"0":"post-92395","1":"product","2":"type-product","3":"status-publish","4":"has-post-thumbnail","6":"product_cat-baereroer-antenne","7":"product_cat-tilbehoer","9":"first","10":"instock","11":"taxable","12":"shipping-taxable","13":"purchasable","14":"product-type-variable","15":"has-default-attributes"},"_links":{"self":[{"href":"https:\/\/telecom.ascenda.dk\/en\/wp-json\/wp\/v2\/product\/92395","targetHints":{"allow":["GET"]}}],"collection":[{"href":"https:\/\/telecom.ascenda.dk\/en\/wp-json\/wp\/v2\/product"}],"about":[{"href":"https:\/\/telecom.ascenda.dk\/en\/wp-json\/wp\/v2\/types\/product"}],"version-history":[{"count":3,"href":"https:\/\/telecom.ascenda.dk\/en\/wp-json\/wp\/v2\/product\/92395\/revisions"}],"predecessor-version":[{"id":107534,"href":"https:\/\/telecom.ascenda.dk\/en\/wp-json\/wp\/v2\/product\/92395\/revisions\/107534"}],"wp:featuredmedia":[{"embeddable":true,"href":"https:\/\/telecom.ascenda.dk\/en\/wp-json\/wp\/v2\/media\/97656"}],"wp:attachment":[{"href":"https:\/\/telecom.ascenda.dk\/en\/wp-json\/wp\/v2\/media?parent=92395"}],"wp:term":[{"taxonomy":"product_brand","embeddable":true,"href":"https:\/\/telecom.ascenda.dk\/en\/wp-json\/wp\/v2\/product_brand?post=92395"},{"taxonomy":"product_cat","embeddable":true,"href":"https:\/\/telecom.ascenda.dk\/en\/wp-json\/wp\/v2\/product_cat?post=92395"},{"taxonomy":"product_tag","embeddable":true,"href":"https:\/\/telecom.ascenda.dk\/en\/wp-json\/wp\/v2\/product_tag?post=92395"}],"curies":[{"name":"wp","href":"https:\/\/api.w.org\/{rel}","templated":true}]}}