{"id":92396,"date":"2022-10-27T14:58:40","date_gmt":"2022-10-27T12:58:40","guid":{"rendered":"https:\/\/telecom.ascenda.dk\/?post_type=product&#038;p=92396"},"modified":"2022-12-14T10:38:15","modified_gmt":"2022-12-14T09:38:15","slug":"baereroer-loese","status":"publish","type":"product","link":"https:\/\/telecom.ascenda.dk\/en\/product\/baereroer-loese\/","title":{"rendered":"B\u00e6rer\u00f8r L\u00f8se"},"content":{"rendered":"<ul>\n<li>B\u00e6rer\u00f8r leveres i diameterrr \u00f860,3 i l\u00e6ngderne 1000mm til 5500mm med 500mm intervaller eller\u00a0i diameterrr \u00f876,1 og \u00f888,9mm i l\u00e6ngderne 1000mm til 4000mm med 500mm intervaller.<\/li>\n<li>Fremstillet i varmgalvaniseret st\u00e5l lukket i enderne med plastpropper.<\/li>\n<li>Lagervarer.<\/li>\n<\/ul>","protected":false},"excerpt":{"rendered":"<p>B\u00e6rer\u00f8r leveres i diameterrr \u00f860,3 i l\u00e6ngderne 1000mm til 5500mm med 500mm intervaller eller\u00a0i diameterrr \u00f876,1 og \u00f888,9mm i l\u00e6ngderne 1000mm til 4000mm med 500mm intervaller. Fremstillet i varmgalvaniseret st\u00e5l lukket i enderne med plastpropper. Lagervarer.<\/p>","protected":false},"featured_media":97658,"template":"","meta":{"inline_featured_image":false},"product_brand":[],"product_cat":[1092,1094],"product_tag":[],"class_list":{"0":"post-92396","1":"product","2":"type-product","3":"status-publish","4":"has-post-thumbnail","6":"product_cat-baereroer-antenne","7":"product_cat-tilbehoer","9":"first","10":"instock","11":"taxable","12":"shipping-taxable","13":"purchasable","14":"product-type-variable","15":"has-default-attributes"},"_links":{"self":[{"href":"https:\/\/telecom.ascenda.dk\/en\/wp-json\/wp\/v2\/product\/92396","targetHints":{"allow":["GET"]}}],"collection":[{"href":"https:\/\/telecom.ascenda.dk\/en\/wp-json\/wp\/v2\/product"}],"about":[{"href":"https:\/\/telecom.ascenda.dk\/en\/wp-json\/wp\/v2\/types\/product"}],"version-history":[{"count":1,"href":"https:\/\/telecom.ascenda.dk\/en\/wp-json\/wp\/v2\/product\/92396\/revisions"}],"predecessor-version":[{"id":101059,"href":"https:\/\/telecom.ascenda.dk\/en\/wp-json\/wp\/v2\/product\/92396\/revisions\/101059"}],"wp:featuredmedia":[{"embeddable":true,"href":"https:\/\/telecom.ascenda.dk\/en\/wp-json\/wp\/v2\/media\/97658"}],"wp:attachment":[{"href":"https:\/\/telecom.ascenda.dk\/en\/wp-json\/wp\/v2\/media?parent=92396"}],"wp:term":[{"taxonomy":"product_brand","embeddable":true,"href":"https:\/\/telecom.ascenda.dk\/en\/wp-json\/wp\/v2\/product_brand?post=92396"},{"taxonomy":"product_cat","embeddable":true,"href":"https:\/\/telecom.ascenda.dk\/en\/wp-json\/wp\/v2\/product_cat?post=92396"},{"taxonomy":"product_tag","embeddable":true,"href":"https:\/\/telecom.ascenda.dk\/en\/wp-json\/wp\/v2\/product_tag?post=92396"}],"curies":[{"name":"wp","href":"https:\/\/api.w.org\/{rel}","templated":true}]}}