{"id":92397,"date":"2022-10-27T14:58:40","date_gmt":"2022-10-27T12:58:40","guid":{"rendered":"https:\/\/telecom.ascenda.dk\/?post_type=product&#038;p=92397"},"modified":"2022-12-14T10:38:15","modified_gmt":"2022-12-14T09:38:15","slug":"afdaekning-special","status":"publish","type":"product","link":"https:\/\/telecom.ascenda.dk\/en\/product\/afdaekning-special\/","title":{"rendered":"Afd\u00e6kning Special"},"content":{"rendered":"<ul>\n<li style=\"font-weight: 400;\">Til montage p\u00e5 kabelstige eller ved overgang fra jord til kabelstige.<\/li>\n<li style=\"font-weight: 400;\">Fremstillet i 1,5mm galvaniseret plade (aluzink) og leveres efter bestilling p\u00e5 specialm\u00e5l.<\/li>\n<li style=\"font-weight: 400;\">Der medf\u00f8lger M8 gevindst\u00e6nger med m\u00f8trikker.<\/li>\n<li style=\"font-weight: 400;\">Ikke lagervarer. Fremstilles efter bestilling.<\/li>\n<\/ul>","protected":false},"excerpt":{"rendered":"<p>Til montage p\u00e5 kabelstige eller ved overgang fra jord til kabelstige. Fremstillet i 1,5mm galvaniseret plade (aluzink) og leveres efter bestilling p\u00e5 specialm\u00e5l. Der medf\u00f8lger M8 gevindst\u00e6nger med m\u00f8trikker. Ikke lagervarer. Fremstilles efter bestilling.<\/p>","protected":false},"featured_media":97660,"template":"","meta":{"inline_featured_image":false},"product_brand":[],"product_cat":[1091],"product_tag":[],"class_list":{"0":"post-92397","1":"product","2":"type-product","3":"status-publish","4":"has-post-thumbnail","6":"product_cat-afdaekning","8":"first","9":"instock","10":"taxable","11":"shipping-taxable","12":"product-type-simple"},"_links":{"self":[{"href":"https:\/\/telecom.ascenda.dk\/en\/wp-json\/wp\/v2\/product\/92397","targetHints":{"allow":["GET"]}}],"collection":[{"href":"https:\/\/telecom.ascenda.dk\/en\/wp-json\/wp\/v2\/product"}],"about":[{"href":"https:\/\/telecom.ascenda.dk\/en\/wp-json\/wp\/v2\/types\/product"}],"version-history":[{"count":1,"href":"https:\/\/telecom.ascenda.dk\/en\/wp-json\/wp\/v2\/product\/92397\/revisions"}],"predecessor-version":[{"id":99850,"href":"https:\/\/telecom.ascenda.dk\/en\/wp-json\/wp\/v2\/product\/92397\/revisions\/99850"}],"wp:featuredmedia":[{"embeddable":true,"href":"https:\/\/telecom.ascenda.dk\/en\/wp-json\/wp\/v2\/media\/97660"}],"wp:attachment":[{"href":"https:\/\/telecom.ascenda.dk\/en\/wp-json\/wp\/v2\/media?parent=92397"}],"wp:term":[{"taxonomy":"product_brand","embeddable":true,"href":"https:\/\/telecom.ascenda.dk\/en\/wp-json\/wp\/v2\/product_brand?post=92397"},{"taxonomy":"product_cat","embeddable":true,"href":"https:\/\/telecom.ascenda.dk\/en\/wp-json\/wp\/v2\/product_cat?post=92397"},{"taxonomy":"product_tag","embeddable":true,"href":"https:\/\/telecom.ascenda.dk\/en\/wp-json\/wp\/v2\/product_tag?post=92397"}],"curies":[{"name":"wp","href":"https:\/\/api.w.org\/{rel}","templated":true}]}}