{"id":92399,"date":"2022-10-27T14:58:40","date_gmt":"2022-10-27T12:58:40","guid":{"rendered":"https:\/\/telecom.ascenda.dk\/?post_type=product&#038;p=92399"},"modified":"2022-12-14T10:38:15","modified_gmt":"2022-12-14T09:38:15","slug":"hjoernebensbeslag","status":"publish","type":"product","link":"https:\/\/telecom.ascenda.dk\/en\/product\/hjoernebensbeslag\/","title":{"rendered":"Hj\u00f8rnebensbeslag"},"content":{"rendered":"<ul>\n<li><span style=\"font-weight: 400;\">Hj\u00f8rnebensbeslag til montage p\u00e5 masteben \u00f835mm til \u00f8150mm.<\/span><\/li>\n<li><span style=\"font-weight: 400;\">Beregnet til fastg\u00f8ring af kabler med strips.<\/span><\/li>\n<li><span style=\"font-weight: 400;\">Rustfri u-b\u00f8jle medf\u00f8lger.<\/span><\/li>\n<li><span style=\"font-weight: 400;\">Fremstillet i rustfri st\u00e5l.<\/span><\/li>\n<li><span style=\"font-weight: 400;\">Lagervarer.\u00a0<\/span><\/li>\n<\/ul>","protected":false},"excerpt":{"rendered":"<p>Hj\u00f8rnebensbeslag til montage p\u00e5 masteben \u00f835mm til \u00f8150mm. Beregnet til fastg\u00f8ring af kabler med strips. Rustfri u-b\u00f8jle medf\u00f8lger. Fremstillet i rustfri st\u00e5l. Lagervarer.\u00a0<\/p>","protected":false},"featured_media":97665,"template":"","meta":{"inline_featured_image":false},"product_brand":[],"product_cat":[1094],"product_tag":[],"class_list":{"0":"post-92399","1":"product","2":"type-product","3":"status-publish","4":"has-post-thumbnail","6":"product_cat-tilbehoer","8":"first","9":"instock","10":"taxable","11":"shipping-taxable","12":"purchasable","13":"product-type-variable","14":"has-default-attributes"},"_links":{"self":[{"href":"https:\/\/telecom.ascenda.dk\/en\/wp-json\/wp\/v2\/product\/92399","targetHints":{"allow":["GET"]}}],"collection":[{"href":"https:\/\/telecom.ascenda.dk\/en\/wp-json\/wp\/v2\/product"}],"about":[{"href":"https:\/\/telecom.ascenda.dk\/en\/wp-json\/wp\/v2\/types\/product"}],"version-history":[{"count":1,"href":"https:\/\/telecom.ascenda.dk\/en\/wp-json\/wp\/v2\/product\/92399\/revisions"}],"predecessor-version":[{"id":101061,"href":"https:\/\/telecom.ascenda.dk\/en\/wp-json\/wp\/v2\/product\/92399\/revisions\/101061"}],"wp:featuredmedia":[{"embeddable":true,"href":"https:\/\/telecom.ascenda.dk\/en\/wp-json\/wp\/v2\/media\/97665"}],"wp:attachment":[{"href":"https:\/\/telecom.ascenda.dk\/en\/wp-json\/wp\/v2\/media?parent=92399"}],"wp:term":[{"taxonomy":"product_brand","embeddable":true,"href":"https:\/\/telecom.ascenda.dk\/en\/wp-json\/wp\/v2\/product_brand?post=92399"},{"taxonomy":"product_cat","embeddable":true,"href":"https:\/\/telecom.ascenda.dk\/en\/wp-json\/wp\/v2\/product_cat?post=92399"},{"taxonomy":"product_tag","embeddable":true,"href":"https:\/\/telecom.ascenda.dk\/en\/wp-json\/wp\/v2\/product_tag?post=92399"}],"curies":[{"name":"wp","href":"https:\/\/api.w.org\/{rel}","templated":true}]}}