{"id":92400,"date":"2022-10-27T14:58:40","date_gmt":"2022-10-27T12:58:40","guid":{"rendered":"https:\/\/telecom.ascenda.dk\/?post_type=product&#038;p=92400"},"modified":"2022-12-14T10:38:15","modified_gmt":"2022-12-14T09:38:15","slug":"forlaengerspyd","status":"publish","type":"product","link":"https:\/\/telecom.ascenda.dk\/en\/product\/forlaengerspyd\/","title":{"rendered":"Forl\u00e6ngerspyd"},"content":{"rendered":"<ul>\n<li><span style=\"font-weight: 400;\">Forl\u00e6ngerspyd m\u00e5ler \u00f816x1000mm<\/span><\/li>\n<li><span style=\"font-weight: 400;\">Fremstillet i sort st\u00e5l<\/span><\/li>\n<li><span style=\"font-weight: 400;\">Lagervarer.<\/span><\/li>\n<\/ul>","protected":false},"excerpt":{"rendered":"<p>Forl\u00e6ngerspyd m\u00e5ler \u00f816x1000mm Fremstillet i sort st\u00e5l Lagervarer.<\/p>","protected":false},"featured_media":97667,"template":"","meta":{"inline_featured_image":false},"product_brand":[],"product_cat":[1095],"product_tag":[],"class_list":{"0":"post-92400","1":"product","2":"type-product","3":"status-publish","4":"has-post-thumbnail","6":"product_cat-jordspyd","8":"first","9":"instock","10":"taxable","11":"shipping-taxable","12":"purchasable","13":"product-type-simple"},"_links":{"self":[{"href":"https:\/\/telecom.ascenda.dk\/en\/wp-json\/wp\/v2\/product\/92400","targetHints":{"allow":["GET"]}}],"collection":[{"href":"https:\/\/telecom.ascenda.dk\/en\/wp-json\/wp\/v2\/product"}],"about":[{"href":"https:\/\/telecom.ascenda.dk\/en\/wp-json\/wp\/v2\/types\/product"}],"version-history":[{"count":1,"href":"https:\/\/telecom.ascenda.dk\/en\/wp-json\/wp\/v2\/product\/92400\/revisions"}],"predecessor-version":[{"id":101062,"href":"https:\/\/telecom.ascenda.dk\/en\/wp-json\/wp\/v2\/product\/92400\/revisions\/101062"}],"wp:featuredmedia":[{"embeddable":true,"href":"https:\/\/telecom.ascenda.dk\/en\/wp-json\/wp\/v2\/media\/97667"}],"wp:attachment":[{"href":"https:\/\/telecom.ascenda.dk\/en\/wp-json\/wp\/v2\/media?parent=92400"}],"wp:term":[{"taxonomy":"product_brand","embeddable":true,"href":"https:\/\/telecom.ascenda.dk\/en\/wp-json\/wp\/v2\/product_brand?post=92400"},{"taxonomy":"product_cat","embeddable":true,"href":"https:\/\/telecom.ascenda.dk\/en\/wp-json\/wp\/v2\/product_cat?post=92400"},{"taxonomy":"product_tag","embeddable":true,"href":"https:\/\/telecom.ascenda.dk\/en\/wp-json\/wp\/v2\/product_tag?post=92400"}],"curies":[{"name":"wp","href":"https:\/\/api.w.org\/{rel}","templated":true}]}}