{"id":92402,"date":"2022-10-27T14:58:40","date_gmt":"2022-10-27T12:58:40","guid":{"rendered":"https:\/\/telecom.ascenda.dk\/?post_type=product&#038;p=92402"},"modified":"2022-12-14T10:38:14","modified_gmt":"2022-12-14T09:38:14","slug":"trin-for-baereroer","status":"publish","type":"product","link":"https:\/\/telecom.ascenda.dk\/en\/product\/trin-for-baereroer\/","title":{"rendered":"Trin For B\u00e6rer\u00f8r"},"content":{"rendered":"<ul>\n<li><span style=\"font-weight: 400;\">Trin til montage p\u00e5 b\u00e6rer\u00f8r med diameterrr fra \u00f889mm til \u00f8193mm.<\/span><\/li>\n<li><span style=\"font-weight: 400;\">Beregnet til montage p\u00e5 b\u00e6rer\u00f8r for adgang til antenner.<\/span><\/li>\n<li><span style=\"font-weight: 400;\">Forberedt til montage af sikkerhedsskinne p\u00e5 forside<\/span><\/li>\n<li><span style=\"font-weight: 400;\">Rustfri u-b\u00f8jle medf\u00f8lger.<\/span><\/li>\n<li><span style=\"font-weight: 400;\">Fremstillet i galvaniseret st\u00e5l.<\/span><\/li>\n<li><span style=\"font-weight: 400;\">Lagervarer.<\/span><\/li>\n<\/ul>","protected":false},"excerpt":{"rendered":"<p>Trin til montage p\u00e5 b\u00e6rer\u00f8r med diameterrr fra \u00f889mm til \u00f8193mm. Beregnet til montage p\u00e5 b\u00e6rer\u00f8r for adgang til antenner. Forberedt til montage af sikkerhedsskinne p\u00e5 forside Rustfri u-b\u00f8jle medf\u00f8lger. Fremstillet i galvaniseret st\u00e5l. Lagervarer.<\/p>","protected":false},"featured_media":97671,"template":"","meta":{"inline_featured_image":false},"product_brand":[],"product_cat":[1094],"product_tag":[],"class_list":{"0":"post-92402","1":"product","2":"type-product","3":"status-publish","4":"has-post-thumbnail","6":"product_cat-tilbehoer","8":"first","9":"instock","10":"taxable","11":"shipping-taxable","12":"purchasable","13":"product-type-variable","14":"has-default-attributes"},"_links":{"self":[{"href":"https:\/\/telecom.ascenda.dk\/en\/wp-json\/wp\/v2\/product\/92402","targetHints":{"allow":["GET"]}}],"collection":[{"href":"https:\/\/telecom.ascenda.dk\/en\/wp-json\/wp\/v2\/product"}],"about":[{"href":"https:\/\/telecom.ascenda.dk\/en\/wp-json\/wp\/v2\/types\/product"}],"version-history":[{"count":1,"href":"https:\/\/telecom.ascenda.dk\/en\/wp-json\/wp\/v2\/product\/92402\/revisions"}],"predecessor-version":[{"id":101064,"href":"https:\/\/telecom.ascenda.dk\/en\/wp-json\/wp\/v2\/product\/92402\/revisions\/101064"}],"wp:featuredmedia":[{"embeddable":true,"href":"https:\/\/telecom.ascenda.dk\/en\/wp-json\/wp\/v2\/media\/97671"}],"wp:attachment":[{"href":"https:\/\/telecom.ascenda.dk\/en\/wp-json\/wp\/v2\/media?parent=92402"}],"wp:term":[{"taxonomy":"product_brand","embeddable":true,"href":"https:\/\/telecom.ascenda.dk\/en\/wp-json\/wp\/v2\/product_brand?post=92402"},{"taxonomy":"product_cat","embeddable":true,"href":"https:\/\/telecom.ascenda.dk\/en\/wp-json\/wp\/v2\/product_cat?post=92402"},{"taxonomy":"product_tag","embeddable":true,"href":"https:\/\/telecom.ascenda.dk\/en\/wp-json\/wp\/v2\/product_tag?post=92402"}],"curies":[{"name":"wp","href":"https:\/\/api.w.org\/{rel}","templated":true}]}}