{"id":92403,"date":"2022-10-27T14:58:40","date_gmt":"2022-10-27T12:58:40","guid":{"rendered":"https:\/\/telecom.ascenda.dk\/?post_type=product&#038;p=92403"},"modified":"2022-12-14T10:38:14","modified_gmt":"2022-12-14T09:38:14","slug":"u-boejler","status":"publish","type":"product","link":"https:\/\/telecom.ascenda.dk\/en\/product\/u-boejler\/","title":{"rendered":"U-b\u00f8jler"},"content":{"rendered":"<ul>\n<li><span style=\"font-weight: 400;\">U-b\u00f8<\/span><span style=\"font-weight: 400;\">jler leveres i diameterrr \u00f860mm til \u00f8193mm i M10 og M12.<\/span><\/li>\n<li><span style=\"font-weight: 400;\">Fremstillet i rustfri st\u00e5l med kontram\u00f8trikker og skiver.<\/span><\/li>\n<li><span style=\"font-weight: 400;\">Lagervarer.<\/span><\/li>\n<\/ul>","protected":false},"excerpt":{"rendered":"<p>U-b\u00f8jler leveres i diameterrr \u00f860mm til \u00f8193mm i M10 og M12. Fremstillet i rustfri st\u00e5l med kontram\u00f8trikker og skiver. Lagervarer.<\/p>","protected":false},"featured_media":97645,"template":"","meta":{"inline_featured_image":false},"product_brand":[],"product_cat":[1094],"product_tag":[],"class_list":{"0":"post-92403","1":"product","2":"type-product","3":"status-publish","4":"has-post-thumbnail","6":"product_cat-tilbehoer","8":"first","9":"instock","10":"taxable","11":"shipping-taxable","12":"purchasable","13":"product-type-variable","14":"has-default-attributes"},"_links":{"self":[{"href":"https:\/\/telecom.ascenda.dk\/en\/wp-json\/wp\/v2\/product\/92403","targetHints":{"allow":["GET"]}}],"collection":[{"href":"https:\/\/telecom.ascenda.dk\/en\/wp-json\/wp\/v2\/product"}],"about":[{"href":"https:\/\/telecom.ascenda.dk\/en\/wp-json\/wp\/v2\/types\/product"}],"version-history":[{"count":1,"href":"https:\/\/telecom.ascenda.dk\/en\/wp-json\/wp\/v2\/product\/92403\/revisions"}],"predecessor-version":[{"id":101065,"href":"https:\/\/telecom.ascenda.dk\/en\/wp-json\/wp\/v2\/product\/92403\/revisions\/101065"}],"wp:featuredmedia":[{"embeddable":true,"href":"https:\/\/telecom.ascenda.dk\/en\/wp-json\/wp\/v2\/media\/97645"}],"wp:attachment":[{"href":"https:\/\/telecom.ascenda.dk\/en\/wp-json\/wp\/v2\/media?parent=92403"}],"wp:term":[{"taxonomy":"product_brand","embeddable":true,"href":"https:\/\/telecom.ascenda.dk\/en\/wp-json\/wp\/v2\/product_brand?post=92403"},{"taxonomy":"product_cat","embeddable":true,"href":"https:\/\/telecom.ascenda.dk\/en\/wp-json\/wp\/v2\/product_cat?post=92403"},{"taxonomy":"product_tag","embeddable":true,"href":"https:\/\/telecom.ascenda.dk\/en\/wp-json\/wp\/v2\/product_tag?post=92403"}],"curies":[{"name":"wp","href":"https:\/\/api.w.org\/{rel}","templated":true}]}}