{"id":92451,"date":"2022-10-27T14:59:03","date_gmt":"2022-10-27T12:59:03","guid":{"rendered":"https:\/\/telecom.ascenda.dk\/?post_type=product&#038;p=92451"},"modified":"2022-12-14T10:38:14","modified_gmt":"2022-12-14T09:38:14","slug":"linkpol-l-mast","status":"publish","type":"product","link":"https:\/\/telecom.ascenda.dk\/en\/product\/linkpol-l-mast\/","title":{"rendered":"Linkpol L &#8211; Mast"},"content":{"rendered":"<p>Linkpol L &#8211; Mast 260mm Offset<\/p>\n<ul>\n<li>Til montage p\u00e5 r\u00f8r eller mast med diameterrr \u00f830-\u00f8193,7mm.<\/li>\n<li>Beregnet til montage af max 60cm parabol med dobbelt radio svarende til max 0,8m2 vindlast og 40kg<\/li>\n<li>Linkbeslaget er fremstillet i \u00f860,3mm r\u00f8r og har et fast offseeet p\u00e5 260mm eller 500mm.<\/li>\n<li>Bolte, m\u00f8trikker og skiver medf\u00f8lger.<\/li>\n<li>Produktet er testet og godkendt i vores teststand ift til relevant antenneudstyr og vindlast.<\/li>\n<li>Fremstillet i varmgalvaniseret st\u00e5l.<\/li>\n<li>Lagervarer.<\/li>\n<\/ul>\n<p>Linkpol L &#8211; Mast 500mm Offset<\/p>\n<ul>\n<li>Til montage p\u00e5 r\u00f8r eller mast med diameterrr \u00f830-\u00f8193,7mm.<\/li>\n<li>Beregnet til montage af max 90cm parabol med dobbelt radio svarende til max 1,3m2 vindlast og 60kg<\/li>\n<li>Linkbeslaget er fremstillet i \u00f889mm r\u00f8r og har et fast offseeet p\u00e5 260mm eller 500mm.<\/li>\n<li>Bolte, m\u00f8trikker og skiver medf\u00f8lger.<\/li>\n<li>Produktet er testet og godkendt i vores teststand ift til relevant antenneudstyr og vindlast.<\/li>\n<li>Fremstillet i varmgalvaniseret st\u00e5l.<\/li>\n<li>Lagervarer.<\/li>\n<\/ul>","protected":false},"excerpt":{"rendered":"<p>Linkpol L &#8211; Mast 260mm Offset Til montage p\u00e5 r\u00f8r eller mast med diameterrr \u00f830-\u00f8193,7mm. Beregnet til montage af max 60cm parabol med dobbelt radio svarende til max 0,8m2 vindlast og 40kg Linkbeslaget er fremstillet i \u00f860,3mm r\u00f8r og har et fast offseeet p\u00e5 260mm eller 500mm. Bolte, m\u00f8trikker og skiver medf\u00f8lger. Produktet er testet [&hellip;]<\/p>","protected":false},"featured_media":97651,"template":"","meta":{"inline_featured_image":false},"product_brand":[],"product_cat":[1144],"product_tag":[],"class_list":{"0":"post-92451","1":"product","2":"type-product","3":"status-publish","4":"has-post-thumbnail","6":"product_cat-linkpol-l","8":"first","9":"instock","10":"taxable","11":"shipping-taxable","12":"purchasable","13":"product-type-variable","14":"has-default-attributes"},"_links":{"self":[{"href":"https:\/\/telecom.ascenda.dk\/en\/wp-json\/wp\/v2\/product\/92451","targetHints":{"allow":["GET"]}}],"collection":[{"href":"https:\/\/telecom.ascenda.dk\/en\/wp-json\/wp\/v2\/product"}],"about":[{"href":"https:\/\/telecom.ascenda.dk\/en\/wp-json\/wp\/v2\/types\/product"}],"version-history":[{"count":1,"href":"https:\/\/telecom.ascenda.dk\/en\/wp-json\/wp\/v2\/product\/92451\/revisions"}],"predecessor-version":[{"id":101054,"href":"https:\/\/telecom.ascenda.dk\/en\/wp-json\/wp\/v2\/product\/92451\/revisions\/101054"}],"wp:featuredmedia":[{"embeddable":true,"href":"https:\/\/telecom.ascenda.dk\/en\/wp-json\/wp\/v2\/media\/97651"}],"wp:attachment":[{"href":"https:\/\/telecom.ascenda.dk\/en\/wp-json\/wp\/v2\/media?parent=92451"}],"wp:term":[{"taxonomy":"product_brand","embeddable":true,"href":"https:\/\/telecom.ascenda.dk\/en\/wp-json\/wp\/v2\/product_brand?post=92451"},{"taxonomy":"product_cat","embeddable":true,"href":"https:\/\/telecom.ascenda.dk\/en\/wp-json\/wp\/v2\/product_cat?post=92451"},{"taxonomy":"product_tag","embeddable":true,"href":"https:\/\/telecom.ascenda.dk\/en\/wp-json\/wp\/v2\/product_tag?post=92451"}],"curies":[{"name":"wp","href":"https:\/\/api.w.org\/{rel}","templated":true}]}}