{"id":92452,"date":"2022-10-27T14:59:03","date_gmt":"2022-10-27T12:59:03","guid":{"rendered":"https:\/\/telecom.ascenda.dk\/?post_type=product&#038;p=92452"},"modified":"2022-12-14T10:38:13","modified_gmt":"2022-12-14T09:38:13","slug":"linkpol-l-monopol","status":"publish","type":"product","link":"https:\/\/telecom.ascenda.dk\/en\/product\/linkpol-l-monopol\/","title":{"rendered":"Linkpol L &#8211; Monopol"},"content":{"rendered":"<ul>\n<li style=\"font-weight: 400;\"><span style=\"font-weight: 400;\">Til montage p\u00e5 monopol med diameterrr \u00f8219-\u00f8711mm.<\/span><\/li>\n<li style=\"font-weight: 400;\"><span style=\"font-weight: 400;\">Beregnet til montage af max 60cm parabol med dobbelt radio svarende til max 0,8m2 vindlast og 40kg<\/span><\/li>\n<li style=\"font-weight: 400;\"><span style=\"font-weight: 400;\">Linkbeslaget er fremstillet i \u00f860mm r\u00f8r og har et fast offseeet p\u00e5 260mm og kan leveres med 1, 2 eller 3 arme.<\/span><\/li>\n<li style=\"font-weight: 400;\"><span style=\"font-weight: 400;\">Bolte, m\u00f8trikker og skiver medf\u00f8lger.<\/span><\/li>\n<li style=\"font-weight: 400;\"><span style=\"font-weight: 400;\">Produktet er testet og godkendt i vores teststand ift til relevant antenneudstyr og vindlast.<\/span><\/li>\n<li style=\"font-weight: 400;\"><span style=\"font-weight: 400;\">Fremstillet i varmgalvaniseret st\u00e5l.<\/span><\/li>\n<li style=\"font-weight: 400;\"><span style=\"font-weight: 400;\">Lagervarer.<\/span><\/li>\n<\/ul>","protected":false},"excerpt":{"rendered":"<p>Til montage p\u00e5 monopol med diameterrr \u00f8219-\u00f8711mm. Beregnet til montage af max 60cm parabol med dobbelt radio svarende til max 0,8m2 vindlast og 40kg Linkbeslaget er fremstillet i \u00f860mm r\u00f8r og har et fast offseeet p\u00e5 260mm og kan leveres med 1, 2 eller 3 arme. Bolte, m\u00f8trikker og skiver medf\u00f8lger. Produktet er testet og [&hellip;]<\/p>","protected":false},"featured_media":97646,"template":"","meta":{"inline_featured_image":false},"product_brand":[],"product_cat":[1144],"product_tag":[],"class_list":{"0":"post-92452","1":"product","2":"type-product","3":"status-publish","4":"has-post-thumbnail","6":"product_cat-linkpol-l","8":"first","9":"instock","10":"taxable","11":"shipping-taxable","12":"purchasable","13":"product-type-variable","14":"has-default-attributes"},"_links":{"self":[{"href":"https:\/\/telecom.ascenda.dk\/en\/wp-json\/wp\/v2\/product\/92452","targetHints":{"allow":["GET"]}}],"collection":[{"href":"https:\/\/telecom.ascenda.dk\/en\/wp-json\/wp\/v2\/product"}],"about":[{"href":"https:\/\/telecom.ascenda.dk\/en\/wp-json\/wp\/v2\/types\/product"}],"version-history":[{"count":2,"href":"https:\/\/telecom.ascenda.dk\/en\/wp-json\/wp\/v2\/product\/92452\/revisions"}],"predecessor-version":[{"id":104146,"href":"https:\/\/telecom.ascenda.dk\/en\/wp-json\/wp\/v2\/product\/92452\/revisions\/104146"}],"wp:featuredmedia":[{"embeddable":true,"href":"https:\/\/telecom.ascenda.dk\/en\/wp-json\/wp\/v2\/media\/97646"}],"wp:attachment":[{"href":"https:\/\/telecom.ascenda.dk\/en\/wp-json\/wp\/v2\/media?parent=92452"}],"wp:term":[{"taxonomy":"product_brand","embeddable":true,"href":"https:\/\/telecom.ascenda.dk\/en\/wp-json\/wp\/v2\/product_brand?post=92452"},{"taxonomy":"product_cat","embeddable":true,"href":"https:\/\/telecom.ascenda.dk\/en\/wp-json\/wp\/v2\/product_cat?post=92452"},{"taxonomy":"product_tag","embeddable":true,"href":"https:\/\/telecom.ascenda.dk\/en\/wp-json\/wp\/v2\/product_tag?post=92452"}],"curies":[{"name":"wp","href":"https:\/\/api.w.org\/{rel}","templated":true}]}}