{"id":92481,"date":"2022-10-27T14:59:15","date_gmt":"2022-10-27T12:59:15","guid":{"rendered":"https:\/\/telecom.ascenda.dk\/?post_type=product&#038;p=92481"},"modified":"2022-12-14T10:38:13","modified_gmt":"2022-12-14T09:38:13","slug":"linkpol-l-vaeg","status":"publish","type":"product","link":"https:\/\/telecom.ascenda.dk\/en\/product\/linkpol-l-vaeg\/","title":{"rendered":"Linkpol L &#8211; V\u00e6g"},"content":{"rendered":"<p>Linkpol model L standard v\u00e6g:<\/p>\n<ul>\n<li>Til montage p\u00e5 v\u00e6g.<\/li>\n<li>Beregnet til montage af max 60cm parabol med dobbelt radio svarende til max 0,8m2 vindlast og 40kg<\/li>\n<li>Linkbeslaget er fremstillet i \u00f860,3mm r\u00f8r og har et fast offseeet p\u00e5 260mm<\/li>\n<li>Produktet er testet og godkendt i vores teststand ift til relevant antenneudstyr og vindlast.<\/li>\n<li>Fremstillet i varmgalvaniseret st\u00e5l.<\/li>\n<li>Lagervarer.<\/li>\n<\/ul>\n<p>Linkpol model L heavy v\u00e6g:<\/p>\n<ul>\n<li>Til montage p\u00e5 v\u00e6g.<\/li>\n<li>Beregnet til montage af max 90cm parabol med dobbelt radio svarende til max 1,3m2 vindlast og 60kg<\/li>\n<li>Linkbeslaget er fremstillet i \u00f889mm r\u00f8r og har et fast offseeet p\u00e5 500mm.<\/li>\n<li>Produktet er testet og godkendt i vores teststand ift til relevant antenneudstyr og vindlast.<\/li>\n<li>Fremstillet i varmgalvaniseret st\u00e5l.<\/li>\n<li>Lagervarer.<\/li>\n<\/ul>","protected":false},"excerpt":{"rendered":"<p>Linkpol model L standard v\u00e6g: Til montage p\u00e5 v\u00e6g. Beregnet til montage af max 60cm parabol med dobbelt radio svarende til max 0,8m2 vindlast og 40kg Linkbeslaget er fremstillet i \u00f860,3mm r\u00f8r og har et fast offseeet p\u00e5 260mm Produktet er testet og godkendt i vores teststand ift til relevant antenneudstyr og vindlast. Fremstillet i [&hellip;]<\/p>","protected":false},"featured_media":97631,"template":"","meta":{"inline_featured_image":false},"product_brand":[],"product_cat":[1144],"product_tag":[],"class_list":{"0":"post-92481","1":"product","2":"type-product","3":"status-publish","4":"has-post-thumbnail","6":"product_cat-linkpol-l","8":"first","9":"instock","10":"taxable","11":"shipping-taxable","12":"purchasable","13":"product-type-variable","14":"has-default-attributes"},"_links":{"self":[{"href":"https:\/\/telecom.ascenda.dk\/en\/wp-json\/wp\/v2\/product\/92481","targetHints":{"allow":["GET"]}}],"collection":[{"href":"https:\/\/telecom.ascenda.dk\/en\/wp-json\/wp\/v2\/product"}],"about":[{"href":"https:\/\/telecom.ascenda.dk\/en\/wp-json\/wp\/v2\/types\/product"}],"version-history":[{"count":1,"href":"https:\/\/telecom.ascenda.dk\/en\/wp-json\/wp\/v2\/product\/92481\/revisions"}],"predecessor-version":[{"id":101053,"href":"https:\/\/telecom.ascenda.dk\/en\/wp-json\/wp\/v2\/product\/92481\/revisions\/101053"}],"wp:featuredmedia":[{"embeddable":true,"href":"https:\/\/telecom.ascenda.dk\/en\/wp-json\/wp\/v2\/media\/97631"}],"wp:attachment":[{"href":"https:\/\/telecom.ascenda.dk\/en\/wp-json\/wp\/v2\/media?parent=92481"}],"wp:term":[{"taxonomy":"product_brand","embeddable":true,"href":"https:\/\/telecom.ascenda.dk\/en\/wp-json\/wp\/v2\/product_brand?post=92481"},{"taxonomy":"product_cat","embeddable":true,"href":"https:\/\/telecom.ascenda.dk\/en\/wp-json\/wp\/v2\/product_cat?post=92481"},{"taxonomy":"product_tag","embeddable":true,"href":"https:\/\/telecom.ascenda.dk\/en\/wp-json\/wp\/v2\/product_tag?post=92481"}],"curies":[{"name":"wp","href":"https:\/\/api.w.org\/{rel}","templated":true}]}}