{"id":92483,"date":"2022-10-27T14:59:15","date_gmt":"2022-10-27T12:59:15","guid":{"rendered":"https:\/\/telecom.ascenda.dk\/?post_type=product&#038;p=92483"},"modified":"2022-12-14T10:38:12","modified_gmt":"2022-12-14T09:38:12","slug":"linkpol-c-monopol","status":"publish","type":"product","link":"https:\/\/telecom.ascenda.dk\/en\/product\/linkpol-c-monopol\/","title":{"rendered":"Linkpol C &#8211; Monopol"},"content":{"rendered":"<ul>\n<li>Til montage p\u00e5 monopol med diameterrr \u00f8219-\u00f8711mm.<\/li>\n<li>Beregnet til montage af max 60cm parabol med dobbelt radio svarende til max 0,8m2 vindlast og 60kg<\/li>\n<li>Linkbeslaget er fremstillet i \u00f860mm r\u00f8r og har et fast offseeet p\u00e5 260mm og kan leveres med 1, 2 eller 3 arme.<\/li>\n<li>Bolte, m\u00f8trikker og skiver medf\u00f8lger.<\/li>\n<li>Produktet er testet og godkendt i vores teststand ift til relevant antenneudstyr og vindlast.<\/li>\n<li>Fremstillet i varmgalvaniseret st\u00e5l.<\/li>\n<li>Lagervarer.<\/li>\n<\/ul>","protected":false},"excerpt":{"rendered":"<p>Til montage p\u00e5 monopol med diameterrr \u00f8219-\u00f8711mm. Beregnet til montage af max 60cm parabol med dobbelt radio svarende til max 0,8m2 vindlast og 60kg Linkbeslaget er fremstillet i \u00f860mm r\u00f8r og har et fast offseeet p\u00e5 260mm og kan leveres med 1, 2 eller 3 arme. Bolte, m\u00f8trikker og skiver medf\u00f8lger. Produktet er testet og [&hellip;]<\/p>","protected":false},"featured_media":97639,"template":"","meta":{"inline_featured_image":false},"product_brand":[],"product_cat":[1161],"product_tag":[],"class_list":{"0":"post-92483","1":"product","2":"type-product","3":"status-publish","4":"has-post-thumbnail","6":"product_cat-linkpol-c","8":"first","9":"instock","10":"taxable","11":"shipping-taxable","12":"purchasable","13":"product-type-variable","14":"has-default-attributes"},"_links":{"self":[{"href":"https:\/\/telecom.ascenda.dk\/en\/wp-json\/wp\/v2\/product\/92483","targetHints":{"allow":["GET"]}}],"collection":[{"href":"https:\/\/telecom.ascenda.dk\/en\/wp-json\/wp\/v2\/product"}],"about":[{"href":"https:\/\/telecom.ascenda.dk\/en\/wp-json\/wp\/v2\/types\/product"}],"version-history":[{"count":1,"href":"https:\/\/telecom.ascenda.dk\/en\/wp-json\/wp\/v2\/product\/92483\/revisions"}],"predecessor-version":[{"id":101051,"href":"https:\/\/telecom.ascenda.dk\/en\/wp-json\/wp\/v2\/product\/92483\/revisions\/101051"}],"wp:featuredmedia":[{"embeddable":true,"href":"https:\/\/telecom.ascenda.dk\/en\/wp-json\/wp\/v2\/media\/97639"}],"wp:attachment":[{"href":"https:\/\/telecom.ascenda.dk\/en\/wp-json\/wp\/v2\/media?parent=92483"}],"wp:term":[{"taxonomy":"product_brand","embeddable":true,"href":"https:\/\/telecom.ascenda.dk\/en\/wp-json\/wp\/v2\/product_brand?post=92483"},{"taxonomy":"product_cat","embeddable":true,"href":"https:\/\/telecom.ascenda.dk\/en\/wp-json\/wp\/v2\/product_cat?post=92483"},{"taxonomy":"product_tag","embeddable":true,"href":"https:\/\/telecom.ascenda.dk\/en\/wp-json\/wp\/v2\/product_tag?post=92483"}],"curies":[{"name":"wp","href":"https:\/\/api.w.org\/{rel}","templated":true}]}}