{"id":92514,"date":"2022-10-27T14:59:26","date_gmt":"2022-10-27T12:59:26","guid":{"rendered":"https:\/\/telecom.ascenda.dk\/?post_type=product&#038;p=92514"},"modified":"2022-12-14T10:38:12","modified_gmt":"2022-12-14T09:38:12","slug":"linkpol-c-vaeg","status":"publish","type":"product","link":"https:\/\/telecom.ascenda.dk\/en\/product\/linkpol-c-vaeg\/","title":{"rendered":"Linkpol C &#8211; V\u00e6g"},"content":{"rendered":"<ul>\n<li>Til montage p\u00e5 v\u00e6g.<\/li>\n<li>Beregnet til montage af max 60cm parabol med dobbelt radio svarende til max 0,8m2 vindlast og 60kg<\/li>\n<li>Linkbeslaget er fremstillet i \u00f860,3mm r\u00f8r og har et fast offseeet p\u00e5 260mm.<\/li>\n<li>Produktet er testet og godkendt i vores teststand ift til relevant antenneudstyr og vindlast.<\/li>\n<li>Fremstillet i varmgalvaniseret st\u00e5l.<\/li>\n<li>Lagervarer.<\/li>\n<\/ul>","protected":false},"excerpt":{"rendered":"<p>Til montage p\u00e5 v\u00e6g. Beregnet til montage af max 60cm parabol med dobbelt radio svarende til max 0,8m2 vindlast og 60kg Linkbeslaget er fremstillet i \u00f860,3mm r\u00f8r og har et fast offseeet p\u00e5 260mm. Produktet er testet og godkendt i vores teststand ift til relevant antenneudstyr og vindlast. Fremstillet i varmgalvaniseret st\u00e5l. Lagervarer.<\/p>","protected":false},"featured_media":97675,"template":"","meta":{"inline_featured_image":false},"product_brand":[],"product_cat":[1143,1161],"product_tag":[],"class_list":{"0":"post-92514","1":"product","2":"type-product","3":"status-publish","4":"has-post-thumbnail","6":"product_cat-baereroer-link","7":"product_cat-linkpol-c","9":"first","10":"instock","11":"taxable","12":"shipping-taxable","13":"purchasable","14":"product-type-simple"},"_links":{"self":[{"href":"https:\/\/telecom.ascenda.dk\/en\/wp-json\/wp\/v2\/product\/92514","targetHints":{"allow":["GET"]}}],"collection":[{"href":"https:\/\/telecom.ascenda.dk\/en\/wp-json\/wp\/v2\/product"}],"about":[{"href":"https:\/\/telecom.ascenda.dk\/en\/wp-json\/wp\/v2\/types\/product"}],"version-history":[{"count":2,"href":"https:\/\/telecom.ascenda.dk\/en\/wp-json\/wp\/v2\/product\/92514\/revisions"}],"predecessor-version":[{"id":106017,"href":"https:\/\/telecom.ascenda.dk\/en\/wp-json\/wp\/v2\/product\/92514\/revisions\/106017"}],"wp:featuredmedia":[{"embeddable":true,"href":"https:\/\/telecom.ascenda.dk\/en\/wp-json\/wp\/v2\/media\/97675"}],"wp:attachment":[{"href":"https:\/\/telecom.ascenda.dk\/en\/wp-json\/wp\/v2\/media?parent=92514"}],"wp:term":[{"taxonomy":"product_brand","embeddable":true,"href":"https:\/\/telecom.ascenda.dk\/en\/wp-json\/wp\/v2\/product_brand?post=92514"},{"taxonomy":"product_cat","embeddable":true,"href":"https:\/\/telecom.ascenda.dk\/en\/wp-json\/wp\/v2\/product_cat?post=92514"},{"taxonomy":"product_tag","embeddable":true,"href":"https:\/\/telecom.ascenda.dk\/en\/wp-json\/wp\/v2\/product_tag?post=92514"}],"curies":[{"name":"wp","href":"https:\/\/api.w.org\/{rel}","templated":true}]}}