{"id":92530,"date":"2022-10-27T14:59:27","date_gmt":"2022-10-27T12:59:27","guid":{"rendered":"https:\/\/telecom.ascenda.dk\/?post_type=product&#038;p=92530"},"modified":"2025-05-27T15:44:02","modified_gmt":"2025-05-27T13:44:02","slug":"baereroer-justerbar-vaeg","status":"publish","type":"product","link":"https:\/\/telecom.ascenda.dk\/en\/product\/baereroer-justerbar-vaeg\/","title":{"rendered":"B\u00e6rer\u00f8r justerbart offseeet"},"content":{"rendered":"<p><strong>St\u00e5lkvalitet<\/strong><\/p>\n<p>St\u00e5l: s235\/s355<\/p>\n<p>U-bolte: s355 FZV<\/p>\n<p>&nbsp;<\/p>\n<p><strong>Ydeevne<\/strong><\/p>\n<p>Maksimal vertikal belastning fra udstyr pr. pol: 150 kg<\/p>\n<p>Maksimal horisontal belastning fra udstyr pr. pol inkl sikkerhedsfaktor: 4,5 kN<\/p>\n<p>Maksimal geometrisk udstyrsareal pr. pol: 1,5 m\u00b2<\/p>\n<p>Maksimal installationsh\u00f8jde: 70 meter<\/p>\n<p>Terr\u00e6nkategori: TC1<\/p>\n<p>Referencevindhastighed: 27 m\/s<\/p>\n<p>M10 m\u00f8trik tilsp\u00e6ndingsmoment: 30 Nm<\/p>\n<p>M10 kontram\u00f8trik tilsp\u00e6ndingsmoment: 47 Nm<\/p>","protected":false},"excerpt":{"rendered":"<p>St\u00e5lkvalitet St\u00e5l: s235\/s355 U-bolte: s355 FZV &nbsp; Ydeevne Maksimal vertikal belastning fra udstyr pr. pol: 150 kg Maksimal horisontal belastning fra udstyr pr. pol inkl sikkerhedsfaktor: 4,5 kN Maksimal geometrisk udstyrsareal pr. pol: 1,5 m\u00b2 Maksimal installationsh\u00f8jde: 70 meter Terr\u00e6nkategori: TC1 Referencevindhastighed: 27 m\/s M10 m\u00f8trik tilsp\u00e6ndingsmoment: 30 Nm M10 kontram\u00f8trik tilsp\u00e6ndingsmoment: 47 Nm<\/p>","protected":false},"featured_media":97625,"template":"","meta":{"inline_featured_image":false},"product_brand":[],"product_cat":[1168],"product_tag":[],"class_list":{"0":"post-92530","1":"product","2":"type-product","3":"status-publish","4":"has-post-thumbnail","6":"product_cat-baereroer-vaeg","8":"first","9":"instock","10":"taxable","11":"shipping-taxable","12":"purchasable","13":"product-type-variable","14":"has-default-attributes"},"_links":{"self":[{"href":"https:\/\/telecom.ascenda.dk\/en\/wp-json\/wp\/v2\/product\/92530","targetHints":{"allow":["GET"]}}],"collection":[{"href":"https:\/\/telecom.ascenda.dk\/en\/wp-json\/wp\/v2\/product"}],"about":[{"href":"https:\/\/telecom.ascenda.dk\/en\/wp-json\/wp\/v2\/types\/product"}],"version-history":[{"count":6,"href":"https:\/\/telecom.ascenda.dk\/en\/wp-json\/wp\/v2\/product\/92530\/revisions"}],"predecessor-version":[{"id":107499,"href":"https:\/\/telecom.ascenda.dk\/en\/wp-json\/wp\/v2\/product\/92530\/revisions\/107499"}],"wp:featuredmedia":[{"embeddable":true,"href":"https:\/\/telecom.ascenda.dk\/en\/wp-json\/wp\/v2\/media\/97625"}],"wp:attachment":[{"href":"https:\/\/telecom.ascenda.dk\/en\/wp-json\/wp\/v2\/media?parent=92530"}],"wp:term":[{"taxonomy":"product_brand","embeddable":true,"href":"https:\/\/telecom.ascenda.dk\/en\/wp-json\/wp\/v2\/product_brand?post=92530"},{"taxonomy":"product_cat","embeddable":true,"href":"https:\/\/telecom.ascenda.dk\/en\/wp-json\/wp\/v2\/product_cat?post=92530"},{"taxonomy":"product_tag","embeddable":true,"href":"https:\/\/telecom.ascenda.dk\/en\/wp-json\/wp\/v2\/product_tag?post=92530"}],"curies":[{"name":"wp","href":"https:\/\/api.w.org\/{rel}","templated":true}]}}