{"id":92533,"date":"2022-10-27T14:59:27","date_gmt":"2022-10-27T12:59:27","guid":{"rendered":"https:\/\/telecom.ascenda.dk\/?post_type=product&#038;p=92533"},"modified":"2022-12-14T10:38:11","modified_gmt":"2022-12-14T09:38:11","slug":"gennemfoering-tag","status":"publish","type":"product","link":"https:\/\/telecom.ascenda.dk\/en\/product\/gennemfoering-tag\/","title":{"rendered":"Gennemf\u00f8ring &#8211; Tag"},"content":{"rendered":"<ul>\n<li><span style=\"font-weight: 400;\">Til fastsp\u00e6nding p\u00e5 b\u00f8lgetag for gennemf\u00f8ring af 9 stk til 40 stk kabler.<\/span><\/li>\n<li><span style=\"font-weight: 400;\">Beregnet til gennemf\u00f8ring af jumpere og div kabler.<\/span><\/li>\n<li><span style=\"font-weight: 400;\">Fremstillet i rustfri st\u00e5l og PERFORM.<\/span><\/li>\n<li><span style=\"font-weight: 400;\">Lagervarer.<\/span><\/li>\n<\/ul>","protected":false},"excerpt":{"rendered":"<p>Til fastsp\u00e6nding p\u00e5 b\u00f8lgetag for gennemf\u00f8ring af 9 stk til 40 stk kabler. Beregnet til gennemf\u00f8ring af jumpere og div kabler. Fremstillet i rustfri st\u00e5l og PERFORM. Lagervarer.<\/p>","protected":false},"featured_media":97622,"template":"","meta":{"inline_featured_image":false},"product_brand":[],"product_cat":[1169],"product_tag":[],"class_list":{"0":"post-92533","1":"product","2":"type-product","3":"status-publish","4":"has-post-thumbnail","6":"product_cat-gennemfoeringer","8":"first","9":"instock","10":"taxable","11":"shipping-taxable","12":"purchasable","13":"product-type-variable","14":"has-default-attributes"},"_links":{"self":[{"href":"https:\/\/telecom.ascenda.dk\/en\/wp-json\/wp\/v2\/product\/92533","targetHints":{"allow":["GET"]}}],"collection":[{"href":"https:\/\/telecom.ascenda.dk\/en\/wp-json\/wp\/v2\/product"}],"about":[{"href":"https:\/\/telecom.ascenda.dk\/en\/wp-json\/wp\/v2\/types\/product"}],"version-history":[{"count":1,"href":"https:\/\/telecom.ascenda.dk\/en\/wp-json\/wp\/v2\/product\/92533\/revisions"}],"predecessor-version":[{"id":101046,"href":"https:\/\/telecom.ascenda.dk\/en\/wp-json\/wp\/v2\/product\/92533\/revisions\/101046"}],"wp:featuredmedia":[{"embeddable":true,"href":"https:\/\/telecom.ascenda.dk\/en\/wp-json\/wp\/v2\/media\/97622"}],"wp:attachment":[{"href":"https:\/\/telecom.ascenda.dk\/en\/wp-json\/wp\/v2\/media?parent=92533"}],"wp:term":[{"taxonomy":"product_brand","embeddable":true,"href":"https:\/\/telecom.ascenda.dk\/en\/wp-json\/wp\/v2\/product_brand?post=92533"},{"taxonomy":"product_cat","embeddable":true,"href":"https:\/\/telecom.ascenda.dk\/en\/wp-json\/wp\/v2\/product_cat?post=92533"},{"taxonomy":"product_tag","embeddable":true,"href":"https:\/\/telecom.ascenda.dk\/en\/wp-json\/wp\/v2\/product_tag?post=92533"}],"curies":[{"name":"wp","href":"https:\/\/api.w.org\/{rel}","templated":true}]}}