{"id":92551,"date":"2022-10-27T14:59:41","date_gmt":"2022-10-27T12:59:41","guid":{"rendered":"https:\/\/telecom.ascenda.dk\/?post_type=product&#038;p=92551"},"modified":"2022-12-14T10:38:10","modified_gmt":"2022-12-14T09:38:10","slug":"rakethat","status":"publish","type":"product","link":"https:\/\/telecom.ascenda.dk\/en\/product\/rakethat\/","title":{"rendered":"Rakethat"},"content":{"rendered":"<ul>\n<li><span style=\"font-weight: 400;\">Til fastsp\u00e6nding p\u00e5 b\u00e6rer\u00f8r i hustag sammen med zinkindd\u00e6kning for gennemf\u00f8ring af 14 stk til 48 stk kabler.<\/span><\/li>\n<li><span style=\"font-weight: 400;\">Beregnet til gennemf\u00f8ring af jumpere og div kabler.<\/span><\/li>\n<li><span style=\"font-weight: 400;\">Der medf\u00f8lger bolte, m\u00f8trikker og skiver.<\/span><\/li>\n<li><span style=\"font-weight: 400;\">Fremstillet i rustfri st\u00e5l.<\/span><\/li>\n<li><span style=\"font-weight: 400;\">Lagervarer.<\/span><\/li>\n<\/ul>","protected":false},"excerpt":{"rendered":"<p>Til fastsp\u00e6nding p\u00e5 b\u00e6rer\u00f8r i hustag sammen med zinkindd\u00e6kning for gennemf\u00f8ring af 14 stk til 48 stk kabler. Beregnet til gennemf\u00f8ring af jumpere og div kabler. Der medf\u00f8lger bolte, m\u00f8trikker og skiver. Fremstillet i rustfri st\u00e5l. Lagervarer.<\/p>","protected":false},"featured_media":97616,"template":"","meta":{"inline_featured_image":false},"product_brand":[],"product_cat":[1169],"product_tag":[],"class_list":{"0":"post-92551","1":"product","2":"type-product","3":"status-publish","4":"has-post-thumbnail","6":"product_cat-gennemfoeringer","8":"first","9":"instock","10":"taxable","11":"shipping-taxable","12":"purchasable","13":"product-type-variable","14":"has-default-attributes"},"_links":{"self":[{"href":"https:\/\/telecom.ascenda.dk\/en\/wp-json\/wp\/v2\/product\/92551","targetHints":{"allow":["GET"]}}],"collection":[{"href":"https:\/\/telecom.ascenda.dk\/en\/wp-json\/wp\/v2\/product"}],"about":[{"href":"https:\/\/telecom.ascenda.dk\/en\/wp-json\/wp\/v2\/types\/product"}],"version-history":[{"count":2,"href":"https:\/\/telecom.ascenda.dk\/en\/wp-json\/wp\/v2\/product\/92551\/revisions"}],"predecessor-version":[{"id":104088,"href":"https:\/\/telecom.ascenda.dk\/en\/wp-json\/wp\/v2\/product\/92551\/revisions\/104088"}],"wp:featuredmedia":[{"embeddable":true,"href":"https:\/\/telecom.ascenda.dk\/en\/wp-json\/wp\/v2\/media\/97616"}],"wp:attachment":[{"href":"https:\/\/telecom.ascenda.dk\/en\/wp-json\/wp\/v2\/media?parent=92551"}],"wp:term":[{"taxonomy":"product_brand","embeddable":true,"href":"https:\/\/telecom.ascenda.dk\/en\/wp-json\/wp\/v2\/product_brand?post=92551"},{"taxonomy":"product_cat","embeddable":true,"href":"https:\/\/telecom.ascenda.dk\/en\/wp-json\/wp\/v2\/product_cat?post=92551"},{"taxonomy":"product_tag","embeddable":true,"href":"https:\/\/telecom.ascenda.dk\/en\/wp-json\/wp\/v2\/product_tag?post=92551"}],"curies":[{"name":"wp","href":"https:\/\/api.w.org\/{rel}","templated":true}]}}