{"id":92552,"date":"2022-10-27T14:59:41","date_gmt":"2022-10-27T12:59:41","guid":{"rendered":"https:\/\/telecom.ascenda.dk\/?post_type=product&#038;p=92552"},"modified":"2022-12-14T10:38:10","modified_gmt":"2022-12-14T09:38:10","slug":"svanehalse","status":"publish","type":"product","link":"https:\/\/telecom.ascenda.dk\/en\/product\/svanehalse\/","title":{"rendered":"Svanehalse"},"content":{"rendered":"<ul>\n<li><span style=\"font-weight: 400;\">Til montage p\u00e5 fladt tag for gennemf\u00f8ring af kabler.<\/span><\/li>\n<li><span style=\"font-weight: 400;\">Fremstilles i rustfri st\u00e5l i diameterrr \u00f860,3mm til \u00f8139,7mm.<\/span><\/li>\n<li><span style=\"font-weight: 400;\">Lagervarer.<\/span><\/li>\n<\/ul>","protected":false},"excerpt":{"rendered":"<p>Til montage p\u00e5 fladt tag for gennemf\u00f8ring af kabler. Fremstilles i rustfri st\u00e5l i diameterrr \u00f860,3mm til \u00f8139,7mm. Lagervarer.<\/p>","protected":false},"featured_media":97618,"template":"","meta":{"inline_featured_image":false},"product_brand":[],"product_cat":[1169],"product_tag":[],"class_list":{"0":"post-92552","1":"product","2":"type-product","3":"status-publish","4":"has-post-thumbnail","6":"product_cat-gennemfoeringer","8":"first","9":"instock","10":"taxable","11":"shipping-taxable","12":"purchasable","13":"product-type-variable","14":"has-default-attributes"},"_links":{"self":[{"href":"https:\/\/telecom.ascenda.dk\/en\/wp-json\/wp\/v2\/product\/92552","targetHints":{"allow":["GET"]}}],"collection":[{"href":"https:\/\/telecom.ascenda.dk\/en\/wp-json\/wp\/v2\/product"}],"about":[{"href":"https:\/\/telecom.ascenda.dk\/en\/wp-json\/wp\/v2\/types\/product"}],"version-history":[{"count":1,"href":"https:\/\/telecom.ascenda.dk\/en\/wp-json\/wp\/v2\/product\/92552\/revisions"}],"predecessor-version":[{"id":101044,"href":"https:\/\/telecom.ascenda.dk\/en\/wp-json\/wp\/v2\/product\/92552\/revisions\/101044"}],"wp:featuredmedia":[{"embeddable":true,"href":"https:\/\/telecom.ascenda.dk\/en\/wp-json\/wp\/v2\/media\/97618"}],"wp:attachment":[{"href":"https:\/\/telecom.ascenda.dk\/en\/wp-json\/wp\/v2\/media?parent=92552"}],"wp:term":[{"taxonomy":"product_brand","embeddable":true,"href":"https:\/\/telecom.ascenda.dk\/en\/wp-json\/wp\/v2\/product_brand?post=92552"},{"taxonomy":"product_cat","embeddable":true,"href":"https:\/\/telecom.ascenda.dk\/en\/wp-json\/wp\/v2\/product_cat?post=92552"},{"taxonomy":"product_tag","embeddable":true,"href":"https:\/\/telecom.ascenda.dk\/en\/wp-json\/wp\/v2\/product_tag?post=92552"}],"curies":[{"name":"wp","href":"https:\/\/api.w.org\/{rel}","templated":true}]}}