{"id":92559,"date":"2022-10-27T14:59:41","date_gmt":"2022-10-27T12:59:41","guid":{"rendered":"https:\/\/telecom.ascenda.dk\/?post_type=product&#038;p=92559"},"modified":"2022-12-14T10:38:10","modified_gmt":"2022-12-14T09:38:10","slug":"zinkinddaekninger","status":"publish","type":"product","link":"https:\/\/telecom.ascenda.dk\/en\/product\/zinkinddaekninger\/","title":{"rendered":"Zinkindd\u00e6kninger"},"content":{"rendered":"<ul>\n<li><span style=\"font-weight: 400;\">Til fastsp\u00e6nding p\u00e5 b\u00f8lgetag eller tagpap\/skiffer ved b\u00e6rer\u00f8r i hustag.<\/span><\/li>\n<li><span style=\"font-weight: 400;\">Beregnet til gennemf\u00f8ring af jumpere og div kabler og monteres sammen med rakethat.<\/span><\/li>\n<li><span style=\"font-weight: 400;\">Selve r\u00f8ret er fremstillet i zink og m\u00e5ler typisk 50mm mindre en rakethatten. Pladen kan v\u00e6re fremstillet i perform, som er et formbart materiale som tilpasses b\u00f8lgetaget. Pladen kan ogs\u00e5 v\u00e6re fremstillet i zink til en l\u00f8sning med fladt tag (tagpap, skiffer el lign).<\/span><\/li>\n<li><span style=\"font-weight: 400;\">Ikke lagervarer. Fremstilles efter bestilling.<\/span><\/li>\n<\/ul>","protected":false},"excerpt":{"rendered":"<p>Til fastsp\u00e6nding p\u00e5 b\u00f8lgetag eller tagpap\/skiffer ved b\u00e6rer\u00f8r i hustag. Beregnet til gennemf\u00f8ring af jumpere og div kabler og monteres sammen med rakethat. Selve r\u00f8ret er fremstillet i zink og m\u00e5ler typisk 50mm mindre en rakethatten. Pladen kan v\u00e6re fremstillet i perform, som er et formbart materiale som tilpasses b\u00f8lgetaget. Pladen kan ogs\u00e5 v\u00e6re fremstillet [&hellip;]<\/p>","protected":false},"featured_media":97620,"template":"","meta":{"inline_featured_image":false},"product_brand":[],"product_cat":[1169],"product_tag":[],"class_list":{"0":"post-92559","1":"product","2":"type-product","3":"status-publish","4":"has-post-thumbnail","6":"product_cat-gennemfoeringer","8":"first","9":"instock","10":"taxable","11":"shipping-taxable","12":"purchasable","13":"product-type-variable","14":"has-default-attributes"},"_links":{"self":[{"href":"https:\/\/telecom.ascenda.dk\/en\/wp-json\/wp\/v2\/product\/92559","targetHints":{"allow":["GET"]}}],"collection":[{"href":"https:\/\/telecom.ascenda.dk\/en\/wp-json\/wp\/v2\/product"}],"about":[{"href":"https:\/\/telecom.ascenda.dk\/en\/wp-json\/wp\/v2\/types\/product"}],"version-history":[{"count":1,"href":"https:\/\/telecom.ascenda.dk\/en\/wp-json\/wp\/v2\/product\/92559\/revisions"}],"predecessor-version":[{"id":101045,"href":"https:\/\/telecom.ascenda.dk\/en\/wp-json\/wp\/v2\/product\/92559\/revisions\/101045"}],"wp:featuredmedia":[{"embeddable":true,"href":"https:\/\/telecom.ascenda.dk\/en\/wp-json\/wp\/v2\/media\/97620"}],"wp:attachment":[{"href":"https:\/\/telecom.ascenda.dk\/en\/wp-json\/wp\/v2\/media?parent=92559"}],"wp:term":[{"taxonomy":"product_brand","embeddable":true,"href":"https:\/\/telecom.ascenda.dk\/en\/wp-json\/wp\/v2\/product_brand?post=92559"},{"taxonomy":"product_cat","embeddable":true,"href":"https:\/\/telecom.ascenda.dk\/en\/wp-json\/wp\/v2\/product_cat?post=92559"},{"taxonomy":"product_tag","embeddable":true,"href":"https:\/\/telecom.ascenda.dk\/en\/wp-json\/wp\/v2\/product_tag?post=92559"}],"curies":[{"name":"wp","href":"https:\/\/api.w.org\/{rel}","templated":true}]}}