{"id":92597,"date":"2022-10-27T14:59:53","date_gmt":"2022-10-27T12:59:53","guid":{"rendered":"https:\/\/telecom.ascenda.dk\/?post_type=product&#038;p=92597"},"modified":"2025-05-27T20:54:20","modified_gmt":"2025-05-27T18:54:20","slug":"fritstaaende-baereroer","status":"publish","type":"product","link":"https:\/\/telecom.ascenda.dk\/en\/product\/fritstaaende-baereroer\/","title":{"rendered":"Fritst\u00e5ende B\u00e6rer\u00f8r"},"content":{"rendered":"<p><strong><u>1000mm:<\/u><\/strong><\/p>\n<p><strong>St\u00e5lkvalitet<\/strong><\/p>\n<p>St\u00e5l: s235\/s355<\/p>\n<p>&nbsp;<\/p>\n<p><strong>Ydeevne<\/strong><\/p>\n<p>Maksimal vertikal belastning fra udstyr pr. pol: 240kg<\/p>\n<p>Maksimal horisontal belastning fra udstyr pr. pol inkl sikkerhedsfaktor: 3,0kN<\/p>\n<p>Maksimalt geometrisk areal fra udstyr pr. pol: 1,0m\u00b2<\/p>\n<p>Maksimal installationsh\u00f8jde: 70meter<\/p>\n<p>Terr\u00e6nkategori: TC1<\/p>\n<p>Referencevindhastighed: 27m\/s<\/p>\n<p>&nbsp;<\/p>\n<p>Et antal enheder monteret p\u00e5 en alu-rail med en indbyrdes afstand p\u00e5 under 5 cm kan,<\/p>\n<p>hvad ang\u00e5r horisontal vindbelastning og geometrisk areal, betragtes som \u00e9n enhed.<\/p>\n<p>&nbsp;<\/p>\n<p>Enhederne skal fordeles j\u00e6vnt rundt om polen for at undg\u00e5 un\u00f8dvendig sidev\u00e6gt.<\/p>\n<p>Dog maks. 3 enheder p\u00e5 hver side.<\/p>\n<p>&nbsp;<\/p>\n<p>&nbsp;<\/p>\n<p><strong><u>1500mm:<\/u><\/strong><\/p>\n<p><strong>St\u00e5lkvalitet<\/strong><\/p>\n<p>St\u00e5l: s235\/s355<\/p>\n<p>&nbsp;<\/p>\n<p><strong>Ydeevne<\/strong><\/p>\n<p>Maksimal vertikal belastning fra udstyr pr. pol: 180kg<\/p>\n<p>Maksimal horisontal belastning fra udstyr pr. pol inkl sikkerhedsfaktor: 2,25kN<\/p>\n<p>Maksimalt geometrisk areal fra udstyr pr. pol: 0,75m\u00b2<\/p>\n<p>Maksimal installationsh\u00f8jde: 70meter<\/p>\n<p>Terr\u00e6nkategori: TC1<\/p>\n<p>Referencevindhastighed: 27m\/s<\/p>\n<p>&nbsp;<\/p>\n<p>Et antal enheder monteret p\u00e5 en alu-rail med en indbyrdes afstand p\u00e5 under 5 cm kan,<\/p>\n<p>hvad ang\u00e5r horisontal vindbelastning og geometrisk areal, betragtes som \u00e9n enhed.<\/p>\n<p>&nbsp;<\/p>\n<p>Enhederne skal fordeles j\u00e6vnt rundt om polen for at undg\u00e5 un\u00f8dvendig sidev\u00e6gt.<\/p>\n<p>Dog maks. 3 enheder p\u00e5 hver side.<\/p>\n<p>&nbsp;<\/p>\n<p>&nbsp;<\/p>\n<p><strong><u>2000mm:<\/u><\/strong><\/p>\n<p><strong>St\u00e5lkvalitet<\/strong><\/p>\n<p>St\u00e5l: s235\/s355<\/p>\n<p>&nbsp;<\/p>\n<p><strong>Ydeevne<\/strong><\/p>\n<p>Maksimal vertikal belastning fra udstyr pr. pol: 120kg<\/p>\n<p>Maksimal horisontal belastning fra udstyr pr. pol inkl sikkerhedsfaktor: 1,5kN<\/p>\n<p>Maksimalt geometrisk areal fra udstyr pr. pol: 0,5m\u00b2<\/p>\n<p>Maksimal installationsh\u00f8jde: 70meter<\/p>\n<p>Terr\u00e6nkategori: TC1<\/p>\n<p>Referencevindhastighed: 27m\/s<\/p>\n<p>&nbsp;<\/p>\n<p>Et antal enheder monteret p\u00e5 en alu-rail med en indbyrdes afstand p\u00e5 under 5 cm kan,<\/p>\n<p>hvad ang\u00e5r horisontal vindbelastning og geometrisk areal, betragtes som \u00e9n enhed.<\/p>\n<p>&nbsp;<\/p>\n<p>Enhederne skal fordeles j\u00e6vnt rundt om polen for at undg\u00e5 un\u00f8dvendig sidev\u00e6gt.<\/p>\n<p>Dog maks. 3 enheder p\u00e5 hver side.<\/p>","protected":false},"excerpt":{"rendered":"<p>1000mm: St\u00e5lkvalitet St\u00e5l: s235\/s355 &nbsp; Ydeevne Maksimal vertikal belastning fra udstyr pr. pol: 240kg Maksimal horisontal belastning fra udstyr pr. pol inkl sikkerhedsfaktor: 3,0kN Maksimalt geometrisk areal fra udstyr pr. pol: 1,0m\u00b2 Maksimal installationsh\u00f8jde: 70meter Terr\u00e6nkategori: TC1 Referencevindhastighed: 27m\/s &nbsp; Et antal enheder monteret p\u00e5 en alu-rail med en indbyrdes afstand p\u00e5 under 5 cm [&hellip;]<\/p>","protected":false},"featured_media":97613,"template":"","meta":{"inline_featured_image":false},"product_brand":[],"product_cat":[1092,1094],"product_tag":[],"class_list":{"0":"post-92597","1":"product","2":"type-product","3":"status-publish","4":"has-post-thumbnail","6":"product_cat-baereroer-antenne","7":"product_cat-tilbehoer","9":"first","10":"instock","11":"taxable","12":"shipping-taxable","13":"purchasable","14":"product-type-variable","15":"has-default-attributes"},"_links":{"self":[{"href":"https:\/\/telecom.ascenda.dk\/en\/wp-json\/wp\/v2\/product\/92597","targetHints":{"allow":["GET"]}}],"collection":[{"href":"https:\/\/telecom.ascenda.dk\/en\/wp-json\/wp\/v2\/product"}],"about":[{"href":"https:\/\/telecom.ascenda.dk\/en\/wp-json\/wp\/v2\/types\/product"}],"version-history":[{"count":5,"href":"https:\/\/telecom.ascenda.dk\/en\/wp-json\/wp\/v2\/product\/92597\/revisions"}],"predecessor-version":[{"id":107562,"href":"https:\/\/telecom.ascenda.dk\/en\/wp-json\/wp\/v2\/product\/92597\/revisions\/107562"}],"wp:featuredmedia":[{"embeddable":true,"href":"https:\/\/telecom.ascenda.dk\/en\/wp-json\/wp\/v2\/media\/97613"}],"wp:attachment":[{"href":"https:\/\/telecom.ascenda.dk\/en\/wp-json\/wp\/v2\/media?parent=92597"}],"wp:term":[{"taxonomy":"product_brand","embeddable":true,"href":"https:\/\/telecom.ascenda.dk\/en\/wp-json\/wp\/v2\/product_brand?post=92597"},{"taxonomy":"product_cat","embeddable":true,"href":"https:\/\/telecom.ascenda.dk\/en\/wp-json\/wp\/v2\/product_cat?post=92597"},{"taxonomy":"product_tag","embeddable":true,"href":"https:\/\/telecom.ascenda.dk\/en\/wp-json\/wp\/v2\/product_tag?post=92597"}],"curies":[{"name":"wp","href":"https:\/\/api.w.org\/{rel}","templated":true}]}}