{"id":92745,"date":"2022-10-27T15:00:45","date_gmt":"2022-10-27T13:00:45","guid":{"rendered":"https:\/\/telecom.ascenda.dk\/?post_type=product&#038;p=92745"},"modified":"2022-12-14T10:38:05","modified_gmt":"2022-12-14T09:38:05","slug":"radome","status":"publish","type":"product","link":"https:\/\/telecom.ascenda.dk\/en\/product\/radome\/","title":{"rendered":"Radome"},"content":{"rendered":"<ul>\n<li><span style=\"font-weight: 400;\">Glasfiberradome til montage p\u00e5 b\u00e6rer\u00f8r for indd\u00e6kning af antenner.<\/span><\/li>\n<li><span style=\"font-weight: 400;\">Radomerne f\u00e5s i st\u00f8rrelserne \u00f8800, \u00f8900 og \u00f81000mm l\u00e6ngde 1500mm til 3500mm<\/span><\/li>\n<li><span style=\"font-weight: 400;\">Fremstillet i glasfiber.<\/span><\/li>\n<li><span style=\"font-weight: 400;\">Kan males i valgfri RAL farve.<\/span><\/li>\n<li><span style=\"font-weight: 400;\">Ikke lagervarer. Fremstilles efter bestilling.<\/span><\/li>\n<\/ul>","protected":false},"excerpt":{"rendered":"<p>Glasfiberradome til montage p\u00e5 b\u00e6rer\u00f8r for indd\u00e6kning af antenner. Radomerne f\u00e5s i st\u00f8rrelserne \u00f8800, \u00f8900 og \u00f81000mm l\u00e6ngde 1500mm til 3500mm Fremstillet i glasfiber. Kan males i valgfri RAL farve. Ikke lagervarer. Fremstilles efter bestilling.<\/p>","protected":false},"featured_media":97602,"template":"","meta":{"inline_featured_image":false},"product_brand":[],"product_cat":[1202],"product_tag":[],"class_list":{"0":"post-92745","1":"product","2":"type-product","3":"status-publish","4":"has-post-thumbnail","6":"product_cat-radome","8":"first","9":"instock","10":"taxable","11":"shipping-taxable","12":"purchasable","13":"product-type-variable","14":"has-default-attributes"},"_links":{"self":[{"href":"https:\/\/telecom.ascenda.dk\/en\/wp-json\/wp\/v2\/product\/92745","targetHints":{"allow":["GET"]}}],"collection":[{"href":"https:\/\/telecom.ascenda.dk\/en\/wp-json\/wp\/v2\/product"}],"about":[{"href":"https:\/\/telecom.ascenda.dk\/en\/wp-json\/wp\/v2\/types\/product"}],"version-history":[{"count":1,"href":"https:\/\/telecom.ascenda.dk\/en\/wp-json\/wp\/v2\/product\/92745\/revisions"}],"predecessor-version":[{"id":101036,"href":"https:\/\/telecom.ascenda.dk\/en\/wp-json\/wp\/v2\/product\/92745\/revisions\/101036"}],"wp:featuredmedia":[{"embeddable":true,"href":"https:\/\/telecom.ascenda.dk\/en\/wp-json\/wp\/v2\/media\/97602"}],"wp:attachment":[{"href":"https:\/\/telecom.ascenda.dk\/en\/wp-json\/wp\/v2\/media?parent=92745"}],"wp:term":[{"taxonomy":"product_brand","embeddable":true,"href":"https:\/\/telecom.ascenda.dk\/en\/wp-json\/wp\/v2\/product_brand?post=92745"},{"taxonomy":"product_cat","embeddable":true,"href":"https:\/\/telecom.ascenda.dk\/en\/wp-json\/wp\/v2\/product_cat?post=92745"},{"taxonomy":"product_tag","embeddable":true,"href":"https:\/\/telecom.ascenda.dk\/en\/wp-json\/wp\/v2\/product_tag?post=92745"}],"curies":[{"name":"wp","href":"https:\/\/api.w.org\/{rel}","templated":true}]}}