{"id":92765,"date":"2022-10-27T15:00:46","date_gmt":"2022-10-27T13:00:46","guid":{"rendered":"https:\/\/telecom.ascenda.dk\/?post_type=product&#038;p=92765"},"modified":"2022-12-14T10:38:05","modified_gmt":"2022-12-14T09:38:05","slug":"radomebeslag","status":"publish","type":"product","link":"https:\/\/telecom.ascenda.dk\/en\/product\/radomebeslag\/","title":{"rendered":"Radomebeslag"},"content":{"rendered":"<ul>\n<li style=\"font-weight: 400;\" aria-level=\"1\"><span style=\"font-weight: 400;\">Radomebeslag til montage p\u00e5 b\u00e6rer\u00f8r med diameterrr \u00f889-\u00f8193mm.<\/span><\/li>\n<li style=\"font-weight: 400;\" aria-level=\"1\"><span style=\"font-weight: 400;\">Beslagene er justerbare og er beregnet til montage af glasfiberradome \u00f8800mm til \u00f81000mm.<\/span><\/li>\n<li style=\"font-weight: 400;\" aria-level=\"1\"><span style=\"font-weight: 400;\">Bolte, m\u00f8trikker, skiver og u-b\u00f8jler medf\u00f8lger.<\/span><\/li>\n<li style=\"font-weight: 400;\" aria-level=\"1\"><span style=\"font-weight: 400;\">Produktet er testet og godkendt i vores teststand ift til relevant radome og vindlast.<\/span><\/li>\n<li style=\"font-weight: 400;\" aria-level=\"1\"><span style=\"font-weight: 400;\">Fremstillet i varmgalvaniseret st\u00e5l.<\/span><\/li>\n<li style=\"font-weight: 400;\" aria-level=\"1\"><span style=\"font-weight: 400;\">Lagervarer.<\/span><\/li>\n<\/ul>","protected":false},"excerpt":{"rendered":"<p>Radomebeslag til montage p\u00e5 b\u00e6rer\u00f8r med diameterrr \u00f889-\u00f8193mm. Beslagene er justerbare og er beregnet til montage af glasfiberradome \u00f8800mm til \u00f81000mm. Bolte, m\u00f8trikker, skiver og u-b\u00f8jler medf\u00f8lger. Produktet er testet og godkendt i vores teststand ift til relevant radome og vindlast. Fremstillet i varmgalvaniseret st\u00e5l. Lagervarer.<\/p>","protected":false},"featured_media":97598,"template":"","meta":{"inline_featured_image":false},"product_brand":[],"product_cat":[1202],"product_tag":[],"class_list":{"0":"post-92765","1":"product","2":"type-product","3":"status-publish","4":"has-post-thumbnail","6":"product_cat-radome","8":"first","9":"instock","10":"taxable","11":"shipping-taxable","12":"purchasable","13":"product-type-variable","14":"has-default-attributes"},"_links":{"self":[{"href":"https:\/\/telecom.ascenda.dk\/en\/wp-json\/wp\/v2\/product\/92765","targetHints":{"allow":["GET"]}}],"collection":[{"href":"https:\/\/telecom.ascenda.dk\/en\/wp-json\/wp\/v2\/product"}],"about":[{"href":"https:\/\/telecom.ascenda.dk\/en\/wp-json\/wp\/v2\/types\/product"}],"version-history":[{"count":1,"href":"https:\/\/telecom.ascenda.dk\/en\/wp-json\/wp\/v2\/product\/92765\/revisions"}],"predecessor-version":[{"id":101034,"href":"https:\/\/telecom.ascenda.dk\/en\/wp-json\/wp\/v2\/product\/92765\/revisions\/101034"}],"wp:featuredmedia":[{"embeddable":true,"href":"https:\/\/telecom.ascenda.dk\/en\/wp-json\/wp\/v2\/media\/97598"}],"wp:attachment":[{"href":"https:\/\/telecom.ascenda.dk\/en\/wp-json\/wp\/v2\/media?parent=92765"}],"wp:term":[{"taxonomy":"product_brand","embeddable":true,"href":"https:\/\/telecom.ascenda.dk\/en\/wp-json\/wp\/v2\/product_brand?post=92765"},{"taxonomy":"product_cat","embeddable":true,"href":"https:\/\/telecom.ascenda.dk\/en\/wp-json\/wp\/v2\/product_cat?post=92765"},{"taxonomy":"product_tag","embeddable":true,"href":"https:\/\/telecom.ascenda.dk\/en\/wp-json\/wp\/v2\/product_tag?post=92765"}],"curies":[{"name":"wp","href":"https:\/\/api.w.org\/{rel}","templated":true}]}}