{"id":92771,"date":"2022-10-27T15:00:47","date_gmt":"2022-10-27T13:00:47","guid":{"rendered":"https:\/\/telecom.ascenda.dk\/?post_type=product&#038;p=92771"},"modified":"2025-05-29T16:06:39","modified_gmt":"2025-05-29T14:06:39","slug":"sbs-beslag-med-baereroer","status":"publish","type":"product","link":"https:\/\/telecom.ascenda.dk\/en\/product\/sbs-beslag-med-baereroer\/","title":{"rendered":"SBS Beslag med B\u00e6rer\u00f8r"},"content":{"rendered":"<p><strong><u>800mm:<\/u><\/strong><\/p>\n<p><strong>St\u00e5lkvalitet<\/strong><\/p>\n<p>St\u00e5l: s235\/s355<\/p>\n<p>U-bolte: s355 FZV<\/p>\n<p>Gevindst\u00e6nger: s355 FZV<\/p>\n<p>&nbsp;<\/p>\n<p><strong>Ydeevne<\/strong><\/p>\n<p>Maksimal vertikal belastning fra udstyr pr. pol: 125kg<\/p>\n<p>Maksimal horisontal belastning fra udstyr pr. pol inkl sikkerhedsfaktor: 4,5kN<\/p>\n<p>Maksimalt geometrisk areal fra udstyr pr. pol: 1,5m\u00b2<\/p>\n<p>Maksimal installationsh\u00f8jde: 70meter<\/p>\n<p>Terr\u00e6nkategori: TC1<\/p>\n<p>Referencevindhastighed: 27m\/s<\/p>\n<p>M10 m\u00f8trik tilsp\u00e6ndingsmoment: 30Nm<\/p>\n<p>M10 kontram\u00f8trik tilsp\u00e6ndingsmoment: 47Nm<\/p>\n<p>&nbsp;<\/p>\n<p>&nbsp;<\/p>\n<p><strong><u>1080mm:<\/u><\/strong><\/p>\n<p><strong>St\u00e5lkvalitet<\/strong><\/p>\n<p>St\u00e5l: s235\/s355<\/p>\n<p>U-bolte: s355 FZV<\/p>\n<p>Gevindst\u00e6nger: s355 FZV<\/p>\n<p>&nbsp;<\/p>\n<p><strong>Ydeevne<\/strong><\/p>\n<p>Maksimal vertikal belastning fra udstyr pr. pol: 125kg<\/p>\n<p>Maksimal horisontal belastning fra udstyr pr. pol inkl sikkerhedsfaktor: 4,5kN<\/p>\n<p>Maksimalt geometrisk areal fra udstyr pr. pol: 1,5m\u00b2<\/p>\n<p>Maksimal installationsh\u00f8jde: 70meter<\/p>\n<p>Terr\u00e6nkategori: TC1<\/p>\n<p>Referencevindhastighed: 27m\/s<\/p>\n<p>M10 m\u00f8trik tilsp\u00e6ndingsmoment: 30Nm<\/p>\n<p>M10 kontram\u00f8trik tilsp\u00e6ndingsmoment: 47Nm<\/p>\n<p>&nbsp;<\/p>\n<p>&nbsp;<\/p>\n<p><strong><u>1500mm:<\/u><\/strong><\/p>\n<p><strong>St\u00e5lkvalitet<\/strong><\/p>\n<p>St\u00e5l: s235\/s355<\/p>\n<p>U-bolte: s355 FZV<\/p>\n<p>Gevindst\u00e6nger: s355 FZV<\/p>\n<p>&nbsp;<\/p>\n<p><strong>Ydeevne<\/strong><\/p>\n<p>Maksimal vertikal belastning fra udstyr pr. pol: 90kg<\/p>\n<p>Maksimal horisontal belastning fra udstyr pr. pol inkl sikkerhedsfaktor: 3,0kN<\/p>\n<p>Maksimalt geometrisk areal fra udstyr pr. pol: 1,0m\u00b2<\/p>\n<p>Maksimal installationsh\u00f8jde: 70meter<\/p>\n<p>Terr\u00e6nkategori: TC1<\/p>\n<p>Referencevindhastighed: 27m\/s<\/p>\n<p>M10 m\u00f8trik tilsp\u00e6ndingsmoment: 30Nm<\/p>\n<p>M10 kontram\u00f8trik tilsp\u00e6ndingsmoment: 47Nm<\/p>","protected":false},"excerpt":{"rendered":"<p>800mm: St\u00e5lkvalitet St\u00e5l: s235\/s355 U-bolte: s355 FZV Gevindst\u00e6nger: s355 FZV &nbsp; Ydeevne Maksimal vertikal belastning fra udstyr pr. pol: 125kg Maksimal horisontal belastning fra udstyr pr. pol inkl sikkerhedsfaktor: 4,5kN Maksimalt geometrisk areal fra udstyr pr. pol: 1,5m\u00b2 Maksimal installationsh\u00f8jde: 70meter Terr\u00e6nkategori: TC1 Referencevindhastighed: 27m\/s M10 m\u00f8trik tilsp\u00e6ndingsmoment: 30Nm M10 kontram\u00f8trik tilsp\u00e6ndingsmoment: 47Nm &nbsp; &nbsp; [&hellip;]<\/p>","protected":false},"featured_media":97594,"template":"","meta":{"inline_featured_image":false},"product_brand":[],"product_cat":[1270],"product_tag":[],"class_list":{"0":"post-92771","1":"product","2":"type-product","3":"status-publish","4":"has-post-thumbnail","6":"product_cat-sbs-beslag-baereroer","8":"first","9":"instock","10":"taxable","11":"shipping-taxable","12":"purchasable","13":"product-type-variable","14":"has-default-attributes"},"_links":{"self":[{"href":"https:\/\/telecom.ascenda.dk\/en\/wp-json\/wp\/v2\/product\/92771","targetHints":{"allow":["GET"]}}],"collection":[{"href":"https:\/\/telecom.ascenda.dk\/en\/wp-json\/wp\/v2\/product"}],"about":[{"href":"https:\/\/telecom.ascenda.dk\/en\/wp-json\/wp\/v2\/types\/product"}],"version-history":[{"count":4,"href":"https:\/\/telecom.ascenda.dk\/en\/wp-json\/wp\/v2\/product\/92771\/revisions"}],"predecessor-version":[{"id":107610,"href":"https:\/\/telecom.ascenda.dk\/en\/wp-json\/wp\/v2\/product\/92771\/revisions\/107610"}],"wp:featuredmedia":[{"embeddable":true,"href":"https:\/\/telecom.ascenda.dk\/en\/wp-json\/wp\/v2\/media\/97594"}],"wp:attachment":[{"href":"https:\/\/telecom.ascenda.dk\/en\/wp-json\/wp\/v2\/media?parent=92771"}],"wp:term":[{"taxonomy":"product_brand","embeddable":true,"href":"https:\/\/telecom.ascenda.dk\/en\/wp-json\/wp\/v2\/product_brand?post=92771"},{"taxonomy":"product_cat","embeddable":true,"href":"https:\/\/telecom.ascenda.dk\/en\/wp-json\/wp\/v2\/product_cat?post=92771"},{"taxonomy":"product_tag","embeddable":true,"href":"https:\/\/telecom.ascenda.dk\/en\/wp-json\/wp\/v2\/product_tag?post=92771"}],"curies":[{"name":"wp","href":"https:\/\/api.w.org\/{rel}","templated":true}]}}