{"id":92788,"date":"2022-10-27T15:01:04","date_gmt":"2022-10-27T13:01:04","guid":{"rendered":"https:\/\/telecom.ascenda.dk\/?post_type=product&#038;p=92788"},"modified":"2024-11-04T15:10:33","modified_gmt":"2024-11-04T14:10:33","slug":"offseeet-tripple-oe603-oe1937mm","status":"publish","type":"product","link":"https:\/\/telecom.ascenda.dk\/en\/product\/offseeet-tripple-oe603-oe1937mm\/","title":{"rendered":"Moduloffseeet tripple \u00f860,3-\u00f8193,7mm"},"content":{"rendered":"<p><strong>St\u00e5lkvalitet<\/strong><\/p>\n<p>St\u00e5l: s235\/s355<\/p>\n<p>Bolte: 8.8 FZV<\/p>\n<p>&nbsp;<\/p>\n<p><strong>Ydeevne<\/strong><\/p>\n<p>Maksimal vertikal belastning fra udstyr pr. pol: 50kg<\/p>\n<p>Maksimal horisontal belastning fra udstyr pr. pol: 0,6kN<\/p>\n<p>Maksimal geometrisk areal fra udstyr pr. pol: 0,3m\u00b2<\/p>\n<p>Maksimal installationsh\u00f8jde: 70meter<\/p>\n<p>Terr\u00e6nkategori: TC1<\/p>\n<p>Referencevindhastighed: 27m\/s<\/p>\n<p>M10 m\u00f8trik tilsp\u00e6ndingsmoment: 30Nm<\/p>\n<p>M10 kontram\u00f8trik tilsp\u00e6ndingsmoment: 47Nm<\/p>","protected":false},"excerpt":{"rendered":"<p>St\u00e5lkvalitet St\u00e5l: s235\/s355 Bolte: 8.8 FZV &nbsp; Ydeevne Maksimal vertikal belastning fra udstyr pr. pol: 50kg Maksimal horisontal belastning fra udstyr pr. pol: 0,6kN Maksimal geometrisk areal fra udstyr pr. pol: 0,3m\u00b2 Maksimal installationsh\u00f8jde: 70meter Terr\u00e6nkategori: TC1 Referencevindhastighed: 27m\/s M10 m\u00f8trik tilsp\u00e6ndingsmoment: 30Nm M10 kontram\u00f8trik tilsp\u00e6ndingsmoment: 47Nm<\/p>","protected":false},"featured_media":97592,"template":"","meta":{"inline_featured_image":false},"product_brand":[],"product_cat":[1221],"product_tag":[],"class_list":{"0":"post-92788","1":"product","2":"type-product","3":"status-publish","4":"has-post-thumbnail","6":"product_cat-moduloffseeet","8":"first","9":"instock","10":"featured","11":"taxable","12":"shipping-taxable","13":"purchasable","14":"product-type-variable","15":"has-default-attributes"},"_links":{"self":[{"href":"https:\/\/telecom.ascenda.dk\/en\/wp-json\/wp\/v2\/product\/92788","targetHints":{"allow":["GET"]}}],"collection":[{"href":"https:\/\/telecom.ascenda.dk\/en\/wp-json\/wp\/v2\/product"}],"about":[{"href":"https:\/\/telecom.ascenda.dk\/en\/wp-json\/wp\/v2\/types\/product"}],"version-history":[{"count":3,"href":"https:\/\/telecom.ascenda.dk\/en\/wp-json\/wp\/v2\/product\/92788\/revisions"}],"predecessor-version":[{"id":106309,"href":"https:\/\/telecom.ascenda.dk\/en\/wp-json\/wp\/v2\/product\/92788\/revisions\/106309"}],"wp:featuredmedia":[{"embeddable":true,"href":"https:\/\/telecom.ascenda.dk\/en\/wp-json\/wp\/v2\/media\/97592"}],"wp:attachment":[{"href":"https:\/\/telecom.ascenda.dk\/en\/wp-json\/wp\/v2\/media?parent=92788"}],"wp:term":[{"taxonomy":"product_brand","embeddable":true,"href":"https:\/\/telecom.ascenda.dk\/en\/wp-json\/wp\/v2\/product_brand?post=92788"},{"taxonomy":"product_cat","embeddable":true,"href":"https:\/\/telecom.ascenda.dk\/en\/wp-json\/wp\/v2\/product_cat?post=92788"},{"taxonomy":"product_tag","embeddable":true,"href":"https:\/\/telecom.ascenda.dk\/en\/wp-json\/wp\/v2\/product_tag?post=92788"}],"curies":[{"name":"wp","href":"https:\/\/api.w.org\/{rel}","templated":true}]}}