{"id":93352,"date":"2022-10-27T15:04:43","date_gmt":"2022-10-27T13:04:43","guid":{"rendered":"https:\/\/telecom.ascenda.dk\/?post_type=product&#038;p=93352"},"modified":"2025-05-29T16:16:48","modified_gmt":"2025-05-29T14:16:48","slug":"railoffseeet-single-120mm","status":"publish","type":"product","link":"https:\/\/telecom.ascenda.dk\/en\/product\/railoffseeet-single-120mm\/","title":{"rendered":"Railoffseeet Single 120mm"},"content":{"rendered":"<p><strong>St\u00e5lkvalitet<\/strong><\/p>\n<p>St\u00e5l: s235\/s355<\/p>\n<p>Bolte: 8.8 FZV<\/p>\n<p>Gevindst\u00e6nger: s355 FZV<\/p>\n<p>&nbsp;<\/p>\n<p><strong>Ydeevne<\/strong><\/p>\n<p>Maksimal vertikal belastning fra udstyr pr. beslag: 140kg<\/p>\n<p>Maksimal horisontal belastning fra udstyr pr. beslag inkl sikkerhedsfaktor: 3,0kN<\/p>\n<p>Maksimalt geometrisk areal fra udstyr pr. beslag: 1,0m\u00b2<\/p>\n<p>Maksimal installationsh\u00f8jde: 70meter<\/p>\n<p>Terr\u00e6nkategori: TC1<\/p>\n<p>Referencevindhastighed: 27m\/s<\/p>\n<p>M10 m\u00f8trik tilsp\u00e6ndingsmoment: 30Nm<\/p>\n<p>M10 kontram\u00f8trik tilsp\u00e6ndingsmoment: 47Nm<\/p>\n<p>&nbsp;<\/p>\n<p>Et antal enheder monteret p\u00e5 en alu-rail med en indbyrdes afstand p\u00e5 under 5cm kan,<\/p>\n<p>hvad ang\u00e5r horisontal vindbelastning og geometrisk areal, betragtes som \u00e9n enhed.<\/p>","protected":false},"excerpt":{"rendered":"<p>St\u00e5lkvalitet St\u00e5l: s235\/s355 Bolte: 8.8 FZV Gevindst\u00e6nger: s355 FZV &nbsp; Ydeevne Maksimal vertikal belastning fra udstyr pr. beslag: 140kg Maksimal horisontal belastning fra udstyr pr. beslag inkl sikkerhedsfaktor: 3,0kN Maksimalt geometrisk areal fra udstyr pr. beslag: 1,0m\u00b2 Maksimal installationsh\u00f8jde: 70meter Terr\u00e6nkategori: TC1 Referencevindhastighed: 27m\/s M10 m\u00f8trik tilsp\u00e6ndingsmoment: 30Nm M10 kontram\u00f8trik tilsp\u00e6ndingsmoment: 47Nm &nbsp; Et antal [&hellip;]<\/p>","protected":false},"featured_media":97523,"template":"","meta":{"inline_featured_image":false},"product_brand":[],"product_cat":[1232],"product_tag":[],"class_list":{"0":"post-93352","1":"product","2":"type-product","3":"status-publish","4":"has-post-thumbnail","6":"product_cat-railoffseeet","8":"first","9":"instock","10":"taxable","11":"shipping-taxable","12":"purchasable","13":"product-type-variable","14":"has-default-attributes"},"_links":{"self":[{"href":"https:\/\/telecom.ascenda.dk\/en\/wp-json\/wp\/v2\/product\/93352","targetHints":{"allow":["GET"]}}],"collection":[{"href":"https:\/\/telecom.ascenda.dk\/en\/wp-json\/wp\/v2\/product"}],"about":[{"href":"https:\/\/telecom.ascenda.dk\/en\/wp-json\/wp\/v2\/types\/product"}],"version-history":[{"count":4,"href":"https:\/\/telecom.ascenda.dk\/en\/wp-json\/wp\/v2\/product\/93352\/revisions"}],"predecessor-version":[{"id":107620,"href":"https:\/\/telecom.ascenda.dk\/en\/wp-json\/wp\/v2\/product\/93352\/revisions\/107620"}],"wp:featuredmedia":[{"embeddable":true,"href":"https:\/\/telecom.ascenda.dk\/en\/wp-json\/wp\/v2\/media\/97523"}],"wp:attachment":[{"href":"https:\/\/telecom.ascenda.dk\/en\/wp-json\/wp\/v2\/media?parent=93352"}],"wp:term":[{"taxonomy":"product_brand","embeddable":true,"href":"https:\/\/telecom.ascenda.dk\/en\/wp-json\/wp\/v2\/product_brand?post=93352"},{"taxonomy":"product_cat","embeddable":true,"href":"https:\/\/telecom.ascenda.dk\/en\/wp-json\/wp\/v2\/product_cat?post=93352"},{"taxonomy":"product_tag","embeddable":true,"href":"https:\/\/telecom.ascenda.dk\/en\/wp-json\/wp\/v2\/product_tag?post=93352"}],"curies":[{"name":"wp","href":"https:\/\/api.w.org\/{rel}","templated":true}]}}